{"id":9274,"date":"2023-06-10T15:14:35","date_gmt":"2023-06-10T15:14:35","guid":{"rendered":"https:\/\/www.machupicchuterra.com\/es\/?page_id=9274"},"modified":"2023-11-07T22:35:42","modified_gmt":"2023-11-07T22:35:42","slug":"pdf-informativos","status":"publish","type":"page","link":"https:\/\/www.machupicchuterra.com\/es\/pdf-informativos\/","title":{"rendered":"Machupicchu Terra \u2013 \u00a1Descarga, inf\u00f3rmate y viaja!"},"content":{"rendered":"<div class=\"container\">\r\n    <hr><br>\r\n    <h1 id=\"audios-cusco\" class=\"section-title-36 text-center m-b-20\">Machupicchu Terra \u2013 \u00a1Descarga, inf\u00f3rmate y viaja!<\/h1>\r\n    <p class=\"text-lg mb-8\"><strong>En Machupicchu Terra nos comprometemos en brindar la m\u00e1s clara informaci\u00f3n sobre el viaje a Machu Picchu, Cusco y el resto del Per\u00fa<\/strong>. Por eso contamos con diversas publicaciones como libros, revistas e PDFs. En esta secci\u00f3n podr\u00e1s descargar todo nuestro material did\u00e1ctico. \u00a1Descarga, inf\u00f3rmate y viaja! <\/p>\r\n    <hr class=\"my-10\">\r\n    <div class=\"single-paragraph single-anclas\">\r\n        <p class=\"font-semibold p-highlighted text-center\">Categor\u00edas<\/p>\r\n        <ul class=\"anclas\">\r\n            <li><a href=\"#libro-cusco-machu-picchu\">Libro Cusco y Machu Picchu Gu\u00eda Completa<\/a><\/li>\r\n            <li><a href=\"#revista-inti-raymi\">Revista Inti Raymi<\/a><\/li>\r\n            <li><a href=\"#pdfs-tours-clasicos-machu-picchu\">PDFs de tours cl\u00e1sicos a Machu Picchu<\/a><\/li>\r\n            <li><a href=\"#pdfs-tours-clasicos-cusco\">PDFs de tours cl\u00e1sicos a Cusco<\/a><\/li>\r\n            <li><a href=\"#pdfs-rutas-senderismo\">PDFs de rutas de senderismo (treks)<\/a><\/li>\r\n            <li><a href=\"#pdfs-tours-peru\">PDFs de tours por todo el Per\u00fa<\/a><\/li>\r\n            <li><a href=\"#pdfs-tours-varios-dias\">PDFs de tours de varios d\u00edas<\/a><\/li>\r\n            <li><a href=\"#pdfs-servicios-turisticos\">PDFs de servicios tur\u00edsticos<\/a><\/li>\r\n        <\/ul>\r\n    <\/div>\r\n    <hr class=\"my-10\">\r\n    <h2 id=\"libro-cusco-machu-picchu\" class=\"section-title m-b-20\">Libro Cusco y Machu Picchu Gu\u00eda Completa<\/h2>\r\n    <p class=\"f-z-16\">El libro \u2018Cusco y Machu Picchu Gu\u00eda Completa\u2019 incluye informaci\u00f3n did\u00e1ctica sobre todos los atractivos tur\u00edsticos que ofrece Cusco haciendo \u00e9nfasis en la ciudadela inca de Machu Picchu. El libro cuenta con mapas, fotos y consejos para realizar el mejor viaje posible.<\/p>\r\n    <ul>\r\n        <li><a href=\"https:\/\/www.machupicchuterra.com\/es\/libro-cusco-machu-picchu-guia\/\" target=\"_blank\" rel=\"noopener noreferrer\">Cusco y Machu Picchu Gu\u00eda Completa<\/a><\/li>\r\n    <\/ul>\r\n    <hr class=\"my-10\">\r\n    <h2 id=\"revista-inti-raymi\" class=\"section-title m-b-20\">Revista Inti Raymi<\/h2>\r\n    <p class=\"f-z-16\">La revista \u2018Inti Raymi\u2019 ofrece toda la informaci\u00f3n completa sobre el gran evento que se celebra en la ciudad del Cusco el 24 de junio. A trav\u00e9s de sus p\u00e1ginas podr\u00e1 conocer la historia e importancia de la \u2018Fiesta del sol\u2019.<\/p>\r\n    <ul>\r\n        <li><a href=\"https:\/\/www.machupicchuterra.com\/es\/revista-inti-raymi-fiesta-sol\/\" target=\"_blank\" rel=\"noopener noreferrer\">Inti Raymi<\/a><\/li>\r\n    <\/ul>\r\n    <hr class=\"my-10\">\r\n    <h2 id=\"pdfs-tours-clasicos-machu-picchu\" class=\"section-title m-b-20\">PDFs de tours cl\u00e1sicos a Machu Picchu<\/h2>\r\n    <p class=\"f-z-16\">Machu Picchu es uno de los mejores atractivos tur\u00edsticos del Cusco. La manera m\u00e1s segura y c\u00f3moda de visitar la ciudadela inca es contratar un tour todo incluido. Inf\u00f3rmate sobre todos los tours que incluyen Machu Picchu y realiza el viaje de tus sue\u00f1os.<\/p>\r\n    <ul>\r\n        <li><a href=\"https:\/\/media.machupicchuterra.com\/uploads\/docs\/1669820807_machu-picchu-full-day-tourpdf\" target=\"_blank\" rel=\"noopener noreferrer\">Machu Picchu Full Day<\/a><\/li>\r\n        <li><a href=\"https:\/\/media.machupicchuterra.com\/uploads\/docs\/1686412494_tour-machu-picchu-by-car-2-dias.pdf\" target=\"_blank\" rel=\"noopener noreferrer\">Machu Picchu By Car 2 d\u00edas<\/a><\/li>\r\n        <li><a href=\"https:\/\/media.machupicchuterra.com\/uploads\/docs\/1686412550_tour-machu-picchu-tarde.pdf\" target=\"_blank\" rel=\"noopener noreferrer\">Machu Picchu Full Day por la tarde<\/a><\/li>\r\n        <li><a href=\"https:\/\/media.machupicchuterra.com\/uploads\/docs\/1680636690_huayna-picchu-full-day.pdf\" target=\"_blank\" rel=\"noopener noreferrer\">Waynapicchu Full Day<\/a><\/li>\r\n        <!-- <li><a href=\"#\" target=\"_blank\" rel=\"noopener noreferrer\">Machu Picchu 2 d\u00edas<\/a><\/li> -->\r\n        <li><a href=\"https:\/\/media.machupicchuterra.com\/uploads\/docs\/1669821741_tour-valle-sagrado-machu-picchupdf\" target=\"_blank\" rel=\"noopener noreferrer\">Valle Sagrado + Machu Picchu 2 d\u00edas<\/a><\/li>\r\n        <li><a href=\"https:\/\/media.machupicchuterra.com\/uploads\/docs\/1669821845_tour-city-tour-valle-sagrado-machu-picchupdf\" target=\"_blank\" rel=\"noopener noreferrer\">City Tour + Valle Sagrado + Machu Picchu 4 d\u00edas<\/a><\/li>\r\n    <\/ul>\r\n    <hr class=\"my-10\">\r\n    <h2 id=\"pdfs-tours-clasicos-cusco\" class=\"section-title m-b-20\">PDFs de tours cl\u00e1sicos a Cusco<\/h2>\r\n    <p class=\"f-z-16\">La ciudad del Cusco es reconocida como la \u2018Capital arqueol\u00f3gica de Am\u00e9rica\u2019 por su gran historia. Fue la capital del imperio inca. Hoy all\u00ed existen muchas huellas del paso de los incas. La mejor forma de visitar todos sus atractivos tur\u00edsticos es con un tour todo incluido.<\/p>\r\n    <ul>\r\n        <li><a href=\"https:\/\/media.machupicchuterra.com\/uploads\/docs\/1669821432_city-tour-cusco-medio-diapdf\" target=\"_blank\" rel=\"noopener noreferrer\">City Tour Cusco<\/a><\/li>\r\n        <li><a href=\"https:\/\/media.machupicchuterra.com\/uploads\/docs\/1669821363_tour-valle-sagrado-full-daypdf\" target=\"_blank\" rel=\"noopener noreferrer\">Valle Sagrado de los Incas<\/a><\/li>\r\n        <li><a href=\"https:\/\/media.machupicchuterra.com\/uploads\/docs\/1669822647_tour-valle-sagrado-vippdf\" target=\"_blank\" rel=\"noopener noreferrer\">Valle Sagrado VIP<\/a><\/li>\r\n        <li><a href=\"https:\/\/media.machupicchuterra.com\/uploads\/docs\/1669821576_tour-maras-moray-medio-diapdf\" target=\"_blank\" rel=\"noopener noreferrer\">Maras \u2013 Moray<\/a><\/li>\r\n        <li><a href=\"https:\/\/media.machupicchuterra.com\/uploads\/docs\/1669822512_tour-maras-moray-cuatrimotopdf\" target=\"_blank\" rel=\"noopener noreferrer\">Maras \u2013 Moray en cuatrimoto <\/a><\/li>\r\n        <li><a href=\"https:\/\/media.machupicchuterra.com\/uploads\/docs\/1669822056_tour-valle-sur-medio-diapdf\" target=\"_blank\" rel=\"noopener noreferrer\">Valle Sur<\/a><\/li>\r\n        <li><a href=\"https:\/\/media.machupicchuterra.com\/uploads\/docs\/1669821651_montana-7-colores-full-daypdf\" target=\"_blank\" rel=\"noopener noreferrer\">Monta\u00f1a de Colores<\/a><\/li>\r\n        <!-- <li><a href=\"#\" target=\"_blank\" rel=\"noopener noreferrer\">Monta\u00f1a de Colores en cuatrimoto<\/a><\/li> -->\r\n        <li><a href=\"https:\/\/media.machupicchuterra.com\/uploads\/docs\/1669821917_tour-laguna-humantaypdf\" target=\"_blank\" rel=\"noopener noreferrer\">Laguna Humantay<\/a><\/li>\r\n        <li><a href=\"https:\/\/media.machupicchuterra.com\/uploads\/docs\/1680626874_tour-inti-raymi.pdf\" target=\"_blank\" rel=\"noopener noreferrer\">Inti Raymi<\/a><\/li>\r\n        <li><a href=\"https:\/\/media.machupicchuterra.com\/uploads\/docs\/1669822234_tour-palcoyopdf\" target=\"_blank\" rel=\"noopener noreferrer\">Palcoyo<\/a><\/li>\r\n        <!-- <li><a href=\"#\" target=\"_blank\" rel=\"noopener noreferrer\">Morada de los Dioses <\/a><\/li> -->\r\n        <li><a href=\"https:\/\/media.machupicchuterra.com\/uploads\/docs\/1686411968_tour-morada-dioses-cuatrimoto.pdf\" target=\"_blank\" rel=\"noopener noreferrer\">Morada de los Dioses en Cuatrimoto <\/a><\/li>\r\n    <\/ul>\r\n    <hr class=\"my-10\">\r\n    <h2 id=\"pdfs-rutas-senderismo\" class=\"section-title m-b-20\">PDFs de rutas de senderismo (treks)<\/h2>\r\n    <p class=\"f-z-16\">Cusco es famoso por las muchas rutas de senderismo que all\u00ed se puede realizar. La mayor\u00eda de treks se realizan dentro de un tour todo incluido. El trek m\u00e1s famoso es el \u2018Camino Inca 4 d\u00edas\u2019, considerado como uno de los mejores treks del planeta.<\/p>\r\n    <ul>\r\n        <li><a href=\"https:\/\/media.machupicchuterra.com\/uploads\/docs\/1669821516_tour-camino-inca-4-diaspdf\" target=\"_blank\" rel=\"noopener noreferrer\">Camino Inca 4 d\u00edas<\/a><\/li>\r\n        <li><a href=\"https:\/\/media.machupicchuterra.com\/uploads\/docs\/1669822154_tour-camino-inca-2-diaspdf\" target=\"_blank\" rel=\"noopener noreferrer\">Camino Inca 2 d\u00edas<\/a><\/li>\r\n        <li><a href=\"https:\/\/media.machupicchuterra.com\/uploads\/docs\/1669821991_tour-salkantay-trek-5-diaspdf\" target=\"_blank\" rel=\"noopener noreferrer\">Salkantay 5 d\u00edas<\/a><\/li>\r\n        <li><a href=\"https:\/\/media.machupicchuterra.com\/uploads\/docs\/1669821290_tour-inca-jungle-4-diaspdf\" target=\"_blank\" rel=\"noopener noreferrer\">Inca Jungle 4 d\u00edas<\/a><\/li>\r\n        <li><a href=\"https:\/\/media.machupicchuterra.com\/uploads\/docs\/1669822333_tour-choquequirao-4-diaspdf\" target=\"_blank\" rel=\"noopener noreferrer\">Choquequirao 4 d\u00edas<\/a><\/li>\r\n        <li><a href=\"https:\/\/media.machupicchuterra.com\/uploads\/docs\/1686588413_choquequirao-y-machu-picchu-trek-7-dias.pdf\" target=\"_blank\" rel=\"noopener noreferrer\">Choquequirao y Machu Picchu 7 d\u00edas<\/a><\/li>\r\n    <\/ul>\r\n    <hr class=\"my-10\">\r\n    <h2 id=\"pdfs-tours-peru\" class=\"section-title m-b-20\">PDFs de tours por todo el Per\u00fa<\/h2>\r\n    <p class=\"f-z-16\">El Per\u00fa no es solo Cusco. All\u00ed tambi\u00e9n se pueden visitar incre\u00edbles atractivos tur\u00edsticos como la ciudad de Lima (capital del Per\u00fa), la ciudad de Arequipa (el ca\u00f1\u00f3n del Colca), Puno (el lago Titicaca), Ica (Paracas) y m\u00e1s. \u00a1Conoce toda la informaci\u00f3n!<\/p>\r\n    <ul>\r\n        <!-- <li><a href=\"#\" target=\"_blank\" rel=\"noopener noreferrer\">City Tour Arequipa<\/a><\/li> -->\r\n        <li><a href=\"https:\/\/media.machupicchuterra.com\/uploads\/docs\/1686412329_tour-canon-colca-arequipa.pdf\" target=\"_blank\" rel=\"noopener noreferrer\">Ca\u00f1\u00f3n del Colca Full Day<\/a><\/li>\r\n        <li><a href=\"https:\/\/media.machupicchuterra.com\/uploads\/docs\/1686412270_tour-caral-full-day.pdf\" target=\"_blank\" rel=\"noopener noreferrer\">Caral Full Day<\/a><\/li>\r\n        <li><a href=\"https:\/\/media.machupicchuterra.com\/uploads\/docs\/1686412134_circuito-magico-agua-lima-noche.pdf\" target=\"_blank\" rel=\"noopener noreferrer\">Circuito M\u00e1gico del Agua<\/a><\/li>\r\n        <li><a href=\"https:\/\/media.machupicchuterra.com\/uploads\/docs\/1686412216_tour-ciudad-reyes-pachacamac.pdf\" target=\"_blank\" rel=\"noopener noreferrer\">City Tour + Pachacamac<\/a><\/li>\r\n        <li><a href=\"https:\/\/media.machupicchuterra.com\/uploads\/docs\/1686411873_tour-islas-palomino.pdf\" target=\"_blank\" rel=\"noopener noreferrer\">Tour Islas Palomino<\/a><\/li>\r\n        <li><a href=\"https:\/\/media.machupicchuterra.com\/uploads\/docs\/1686588916_tour-ica-full-day-i-ballestas-paracas.pdf\" target=\"_blank\" rel=\"noopener noreferrer\">Tour Ica y Paracas Full Day<\/a><\/li>\r\n        <li><a href=\"https:\/\/media.machupicchuterra.com\/uploads\/docs\/1686589045_lima-ica-el-vuelo-sobre-las-lineas-de-nazca.pdf\" target=\"_blank\" rel=\"noopener noreferrer\">Lima, Ica y vuelo sobre las lineas de Nazca<\/a><\/li>\r\n    <\/ul>\r\n    <hr class=\"my-10\">\r\n    <h2 id=\"pdfs-tours-varios-dias\" class=\"section-title m-b-20\">PDFs de tours de varios d\u00edas<\/h2>\r\n    <p class=\"f-z-16\">Para los turistas que quieren conocer Cusco y el resto del Per\u00fa existen tours de varios d\u00edas que permiten conocer atractivos tur\u00edsticos como Cusco, el Valle Sagrado, el Camino Inca, Machu Picchu, Puno, Arequipa, Lima y m\u00e1s. \u00a1Conoce los tours de varios d\u00edas!<\/p>\r\n    <ul>\r\n        <li><a href=\"https:\/\/media.machupicchuterra.com\/uploads\/docs\/1669821845_tour-city-tour-valle-sagrado-machu-picchupdf\" target=\"_blank\" rel=\"noopener noreferrer\">City Tour &#8211; Valle Sagrado &#8211; Camino Inca 4 D\u00edas<\/a><\/li>\r\n        <!-- <li><a href=\"#\" target=\"_blank\" rel=\"noopener noreferrer\">Full Trekking Camino Inca 2 dias - Laguna Humantay<\/a><\/li> -->\r\n        <li><a href=\"https:\/\/media.machupicchuterra.com\/uploads\/docs\/1686589275_secreto-de-los-incas-city-tour-valle-sagrado-y-camino-inca-corto.pdf\" target=\"_blank\" rel=\"noopener noreferrer\">Secreto de los Incas City Tour + Valle Sagrado de los Incas + Camino Inca 5 Dias.<\/a><\/li>\r\n        <li><a href=\"https:\/\/media.machupicchuterra.com\/uploads\/docs\/1686589686_tour-8-dias-valle-sagrado-y-camino-inca-clasico.pdf\" target=\"_blank\" rel=\"noopener noreferrer\">Valle Sagrado \u2013 Camino Inca Cl\u00e1sico 8 D\u00edas<\/a><\/li>\r\n        <li><a href=\"https:\/\/media.machupicchuterra.com\/uploads\/docs\/1686414577_inti-raymi-machu-picchu-2-dias.pdf\" target=\"_blank\" rel=\"noopener noreferrer\">Tour Cusco 2 D\u00edas, inti machupicchu<\/a><\/li>\r\n        <li><a href=\"https:\/\/media.machupicchuterra.com\/uploads\/docs\/1686414660_tour-cusco-4-dias-city-inti-raymi-machupicchu.pdf\" target=\"_blank\" rel=\"noopener noreferrer\">Tour Cusco 4 D\u00edas 3 Noches City, Inti Raymi, Machupicchu<\/a><\/li>\r\n        <li><a href=\"https:\/\/media.machupicchuterra.com\/uploads\/docs\/1686414773_tour-cusco-5-dias-city-inti-raymi-machupicchu-valle-sagrado.pdf\" target=\"_blank\" rel=\"noopener noreferrer\">Tour Cusco 5 D\u00edas 4 Noches City, Inti Raymi, Machupicchu, Valle Sagrado<\/a><\/li>\r\n        <li><a href=\"https:\/\/media.machupicchuterra.com\/uploads\/docs\/1686414870_tour-cusco-6-dias-city-inti-raymi-machupicchu-valle-sagrado-y-maras-moray.pdf\" target=\"_blank\" rel=\"noopener noreferrer\">Tour Cusco 6 D\u00edas 5 Noches City, Inti Raymi, Valle, Machupicchu, Maras Moray<\/a><\/li>\r\n        <li><a href=\"https:\/\/media.machupicchuterra.com\/uploads\/docs\/1686414827_tour-cusco-6-dias-city-inti-raymi-machupicchu-valle-sagrado-y-valle-sur.pdf\" target=\"_blank\" rel=\"noopener noreferrer\">Tour Cusco 6 D\u00edas 5 Noches City, Inti Raymi, Valle, Machupicchu, Valle Sur<\/a><\/li>\r\n        <!-- <li><a href=\"#\" target=\"_blank\" rel=\"noopener noreferrer\">Tour Cusco 7 D\u00edas 6 Noches City, Inti Raymi, Valle, Machupicchu, Maras Moray, Valle Sur<\/a><\/li> -->\r\n        <li><a href=\"https:\/\/media.machupicchuterra.com\/uploads\/docs\/1686415032_tour-5-dias-city-valle-machupicchu-y-montana-de-colores.pdf\" target=\"_blank\" rel=\"noopener noreferrer\">Tour Cusco 5 D\u00edas 4 Noches City, Valle, Machupicchu, Monta\u00f1a de Colores<\/a><\/li>\r\n        <!-- <li><a href=\"#\" target=\"_blank\" rel=\"noopener noreferrer\">Tour 8 dias City Tour - Monta\u00f1a de Colores - Machupicchu - Laguna Humantay - Ruta del Sol - Uros, Taquile y Amantani<\/a><\/li> -->\r\n    <\/ul>\r\n    <hr class=\"my-10\">\r\n    <h2 id=\"pdfs-servicios-turisticos\" class=\"section-title m-b-20\">PDFs de servicios tur\u00edsticos<\/h2>\r\n    <p class=\"f-z-16\">En Machupicchu Terra ofrecemos distintos servicios tur\u00edsticos para mejorar la experiencia. Desde almuerzos buffet en Machu Picchu hasta la participaci\u00f3n de gu\u00edas nativos. Conoce los beneficios de elegirnos y realiza el viaje so\u00f1ado a la Maravilla del Mundo.<\/p>\r\n    <ul>\r\n        <li><a href=\"https:\/\/media.machupicchuterra.com\/uploads\/docs\/1685746047_acerca-machu-picchu-terra.pdf\" target=\"_blank\" rel=\"noopener noreferrer\">Acerca de Machupicchu Terra<\/a><\/li>\r\n        <li><a href=\"https:\/\/media.machupicchuterra.com\/uploads\/docs\/1685802387_almuerzo-buffet-machu-picchu.pdf\" target=\"_blank\" rel=\"noopener noreferrer\">Almuerzo buffet Tinkuy<\/a><\/li>\r\n        <li><a href=\"https:\/\/media.machupicchuterra.com\/uploads\/docs\/1685746050_guias-machu-picchu-terra.pdf\" target=\"_blank\" rel=\"noopener noreferrer\">Gu\u00edas nativos Beneficios Terra<\/a><\/li>\r\n        <li><a href=\"https:\/\/media.machupicchuterra.com\/uploads\/docs\/1685746043_trenes-machu-picchu.pdf\" target=\"_blank\" rel=\"noopener noreferrer\">Tren Expedition y Vistadome<\/a><\/li>\r\n    <\/ul>\r\n    <br>\r\n    <br>\r\n<\/div>","protected":false},"excerpt":{"rendered":"Machupicchu Terra \u2013 \u00a1Descarga, inf\u00f3rmate y viaja! En Machupicchu Terra nos comprometemos en brindar la m\u00e1s clara informaci\u00f3n sobre el viaje a Machu Picchu, Cusco y el resto del Per\u00fa. Por eso contamos con diversas publicaciones como libros, revistas e PDFs. En esta secci\u00f3n podr\u00e1s descargar todo nuestro material did\u00e1ctico. \u00a1Descarga, inf\u00f3rmate y viaja! Categor\u00edas [&hellip;]","protected":false},"author":1,"featured_media":0,"parent":0,"menu_order":0,"comment_status":"closed","ping_status":"closed","template":"","meta":{"footnotes":""},"class_list":["post-9274","page","type-page","status-publish","hentry"],"_links":{"self":[{"href":"https:\/\/www.machupicchuterra.com\/es\/wp-json\/wp\/v2\/pages\/9274","targetHints":{"allow":["GET"]}}],"collection":[{"href":"https:\/\/www.machupicchuterra.com\/es\/wp-json\/wp\/v2\/pages"}],"about":[{"href":"https:\/\/www.machupicchuterra.com\/es\/wp-json\/wp\/v2\/types\/page"}],"author":[{"embeddable":true,"href":"https:\/\/www.machupicchuterra.com\/es\/wp-json\/wp\/v2\/users\/1"}],"replies":[{"embeddable":true,"href":"https:\/\/www.machupicchuterra.com\/es\/wp-json\/wp\/v2\/comments?post=9274"}],"version-history":[{"count":17,"href":"https:\/\/www.machupicchuterra.com\/es\/wp-json\/wp\/v2\/pages\/9274\/revisions"}],"predecessor-version":[{"id":9299,"href":"https:\/\/www.machupicchuterra.com\/es\/wp-json\/wp\/v2\/pages\/9274\/revisions\/9299"}],"wp:attachment":[{"href":"https:\/\/www.machupicchuterra.com\/es\/wp-json\/wp\/v2\/media?parent=9274"}],"curies":[{"name":"wp","href":"https:\/\/api.w.org\/{rel}","templated":true}]}}