{"id":8704,"date":"2023-05-03T22:44:06","date_gmt":"2023-05-03T22:44:06","guid":{"rendered":"https:\/\/www.machupicchuterra.com\/es\/?page_id=8704"},"modified":"2023-05-03T22:44:06","modified_gmt":"2023-05-03T22:44:06","slug":"museos-arequipa","status":"publish","type":"page","link":"https:\/\/www.machupicchuterra.com\/es\/museos-arequipa\/","title":{"rendered":"Museos de Arequipa"},"content":{"rendered":"<!-- [shortcodeelement id=\"x3wBzL\"] -->\r\n<div class=\"container\">\r\n    <hr><br>\r\n    <h1 class=\"section-title-36 m-t-30 p-b-30 text-center\">Museos de Arequipa<\/h1>\r\n    <!-- <p class=\"text-lg mb-8\">Per\u00fa es un pa\u00eds pluricultural, detalle que pone en controversia muchos aspectos y relaciones dentro del pa\u00eds. Todas las diferentes costumbres y tradiciones que se pueden ver en las regiones de todo el Per\u00fa las podr\u00e1s encontrar aqu\u00ed. Tambi\u00e9n encontrar\u00e1s detalles de celebraciones religiosas que perduran, otras que se perdieron con el tiempo y otras m\u00e1s que emergieron y se van popularizando entre toda la poblaci\u00f3n peruana.<\/p> -->\r\n    <div class=\"single-paragraph\">\r\n        <figure>\r\n            <div class=\"text-center\">\r\n                <img data-src=\"https:\/\/www.machupicchuterra.com\/wp-content\/uploads\/momia-juanita-media.jpg\" class=\"lazy\" alt=\"Museo Santuarios Andinos de Arequipa\">\r\n            <\/div>\r\n        <\/figure>\r\n    <\/div>\r\n    <div class=\"section page-content\">\r\n        <!-- <div class=\"single-paragraph single-anclas\">\r\n            <ul class=\"anclas\">\r\n                <li><a href=\"#costumbres-tradiciones\">Las costumbres y tradiciones<\/a><\/li>\r\n                <li><a href=\"#costumbres-andinas\">Costumbres andinas en Per\u00fa<\/a><\/li>\r\n                <li><a href=\"#costumbres-coloniales\">Costumbres y coloniales del Per\u00fa<\/a><\/li>\r\n                <li><a href=\"#festividades-populares\">\u00bfCu\u00e1les son las festividades del m\u00e1s populares del Per\u00fa?<\/a><\/li>\r\n            <\/ul>\r\n        <\/div> -->\r\n        <hr class=\"my-10\">\r\n        <h2 class=\"text-2xl\">Arequipa antes de la \u00e9poca incaica<\/h2>\r\n        <p class=\"text-justify\">Los primeros habitantes de la regi\u00f3n Arequipa se dedicaban a la pesca, la caza (principalmente de auqu\u00e9nidos) y la recolecci\u00f3n de alimentos de origen natural. Dichos primeras personas se agrupaban en familias o etnias y eran n\u00f3mades. Diversos estudios se\u00f1alan que el territorio arequipe\u00f1o, antes de la llegada de los aimaras, fue ocupada por etnias puquinas. As\u00ed lo demuestra el descubrimiento en 1942 del asentamiento puquina Kasa-Patak.<\/p>\r\n        <p>Con el desarrollo cultural de dichas etnias, se edificaron incipientes sistemas de regad\u00edos y tierras de cultivo a pesar de la geograf\u00eda \u00e1rida andina. Los primeros habitantes de la actual ciudad de Arequipa fueron los yarabayas y los chimbas. Tambi\u00e9n destacaron otras etnias ubicadas m\u00e1s en lo alto de la Cordillera de los Andes, como los colaguas y los cabanas. Para antes del siglo XIV, el valle del Chili mostraba un desarrollo incipiente en agricultura y cer\u00e1mica.<\/p>\r\n        <hr class=\"my-10\">\r\n        <h2 class=\"text-2xl\">Arequipa durante la \u00e9poca inca <\/h2>\r\n        <p>Se estima que los incas llegaron al valle del Chili en el siglo XIV bajo el liderado de Mayta C\u00e1pac, quien orden\u00f3 un cerco de vigilancia ante las etnias yanaguaras y chumbivilcas. Entonces los incas eran un curacazgo que luchaba por expandirse en la sierra sur en rivalidad con sus m\u00e1s fervientes enemigos los chancas. Una vez vencidos los chancas, bajo el liderazgo del emperador Pachac\u00fatec, se inici\u00f3 las campa\u00f1as de conquista del valle Chili.<\/p>\r\n        <p><strong>Los incas sometieron a los pueblos originarios de Arequipa mediante el sistema de mitimaes y la pr\u00e1ctica de una campa\u00f1a de ense\u00f1anza del idioma quechua y las pr\u00e1cticas religiosas incas.<\/strong> Sobre el nombre \u2018Arequipa\u2019, las cr\u00f3nicas del Inca Garcilaso de la Vega se\u00f1alan que al llegar Mayta C\u00e1pac al valle del Chili se\u00f1al\u00f3 en lengua quechua \u2018Ari qquepay\u2019, la cual significa \u2018Qued\u00e9monos aqu\u00ed\u2019. Lo cierto es que, tras la fundaci\u00f3n inca de Arequipa, se destin\u00f3 a repartir los caser\u00edos de Yanahuara, Cayma, Paucarpata, Tiabaya, Socabaya, Chiguata y Characato.<\/p>\r\n        <p>Durante la \u00e9poca inca la actual regi\u00f3n de Arequipa form\u00f3 parte del Contisuyo, una regi\u00f3n de gran importancia religiosa por la existencia de altos nevados, considerados \u2018apus\u2019 o dioses sagrados. As\u00ed lo demuestra los hallazgos de sacrificios de ni\u00f1os, el famoso ritual de la Capacocha, en las inh\u00f3spitas nieves del Misti (5,822 msnm), Chachani (6,057 msnm), Pichu Pichu (5,664 msnm), Coropuna (6,377 msnm) y Ampato (6,288 msnm). En este \u00faltimo, por ejemplo, se hall\u00f3 el cuerpo momificado de una ni\u00f1a, bautizada popularmente como \u2018la ni\u00f1a Juanita\u2019 (actualmente en el museo Santuarios Andinos de Arequipa).<\/p>\r\n        <hr class=\"my-10\">\r\n        <h2 class=\"text-2xl\">El colonialismo en Arequipa <\/h2>\r\n        <p>La ciudad de Arequipa fue fundada el 15 de agosto de 1540 por el teniente gobernante Garci Manuel de Carbajal y nombrada \u2018Villa de la Asunci\u00f3n de Nuestra Se\u00f1ora del Valle Hermoso de Arequipa\u2019. Antes, en 1534, los espa\u00f1oles llegaron a Cusco fundando una nueva ciudad espa\u00f1ola y consolidando su dominio sobre los incas. Tras la fundaci\u00f3n se repartieron los solares, dedic\u00e1ndose un espacio para la Catedral, la Compa\u00f1\u00eda de Jes\u00fas y nombrando a Juan de la Torre y D\u00edaz Chac\u00f3n como primer alcalde.<\/p>\r\n        <p><strong>En 1571 el virrey Francisco de Toledo le concedi\u00f3 a la ciudad de Arequipa el t\u00edtulo de \u2018muy noble y muy leal\u2019 por su fidelismo a la corona espa\u00f1ola.<\/strong> Y es que la ciudad fue ocupada principalmente por personas de origen espa\u00f1ol. En dicha \u00e9poca se edificaron los principales templos y casonas coloniales con el material volc\u00e1nico m\u00e1s abundante de la regi\u00f3n: el sillar. La ciudad de Arequipa cumpli\u00f3 un importante papel comercial por situarse pr\u00f3xima a los puertos de Quilca, Islay y Mollendo.<\/p>\r\n        <p>Sin embargo, tras m\u00e1s de tres siglos de colonialismo, Arequipa no estuvo ajena a las corrientes emancipadoras. La ciudad recibi\u00f3 con j\u00fabilo el ingreso de las tropas de Mateo Pumacahua. Incluso parte de su poblaci\u00f3n se adhiri\u00f3 a la famosa revoluci\u00f3n de T\u00fapac Amaru II, en Cusco. Como en otras regiones del Per\u00fa, los aires independentistas terminaron por conseguir su objetivo. En Arequipa, como producto de estas guerras y muertes, se erigi\u00f3 la figura del joven poeta Mariano Melgar, fusilado en 1815 por el ej\u00e9rcito espa\u00f1ol.<\/p>\r\n        <p>Finalmente, desde el inicio de la \u00e9poca virreinal del Per\u00fa en 1543 hasta su final en 1821, Arequipa adopt\u00f3 cambios profundos en su cultura, religi\u00f3n, arquitectura, lengua y m\u00e1s. Cabe se\u00f1alar la extirpaci\u00f3n de los dioses de origen inca y preincas para dar paso al culto de los dioses cristianos. En resumen, Arequipa tuvo mucha influencia de la \u00e9poca colonial lo que transformaron aspectos culturales que perduran hasta hoy.<\/p>\r\n        <hr class=\"my-10\">\r\n        <h2 class=\"text-2xl\">Arequipa en la actualidad<\/h2>\r\n        <p>Actualmente Arequipa es la segunda ciudad m\u00e1s grande y poblada del Per\u00fa, despu\u00e9s de Lima (seg\u00fan censo en 2017, cuenta con una poblaci\u00f3n de 1 mill\u00f3n 460 mil 433 habitantes). Sus principales fuentes econ\u00f3micas son la miner\u00eda, el comercio, la ganader\u00eda, la agricultura y el turismo. El valle del Colca es su principal destino tur\u00edstico. En 2018 se registraron el ingreso de 298 mil 442 visitantes al valle del Colca. Otros de sus principales atractivos tur\u00edsticos son: el monasterio de Santa Catalina, la Reserva Paisaj\u00edstica de Cotahuasi, el Santuario Nacional Lagunas de Mej\u00eda y la Reserva Nacional de Salinas y Aguada Blanca.<\/p>\r\n        <p><strong>Arequipa tambi\u00e9n posee fama por ofrecer una de las mejores gastronom\u00edas del Per\u00fa.<\/strong> Esto en base a sus picanter\u00edas donde se preparan platos como el chupe de camarones, el solterito, el rocoto relleno, el picante de camarones, el queso helado, el adobo arequipe\u00f1o y m\u00e1s. La regi\u00f3n tambi\u00e9n adquiri\u00f3 fama producto de sus danzas, como el wititi, el montonero arequipe\u00f1o, el carnaval, los turcos de Cacharpari, la danza de Chaco y m\u00e1s. Arequipa es conocida como \u2018la ciudad blanca\u2019 producto de sus edificaciones coloniales y modernas hechas de piedra del sillar. Se trata de una de las principales regiones del Per\u00fa.<\/p>\r\n        <hr class=\"my-10\">\r\n        <br>\r\n        <hr class=\"my-10\">\r\n        <h2 class=\"text-2xl\">Los museos de Arequipa que debes conocer<\/h2>\r\n        <br>\r\n        <div class=\"block lg:grid lg:grid-cols-2 lg:gap-x-10 mt-4\">\r\n            <div class=\"card group\">\r\n                <div class=\"card-img sm:w-40 md:w-52 sm:rounded-l\">\r\n                    <img decoding=\"async\" class=\"lazy card-img loaded\" alt=\"Museo Santuarios Andinos de Arequipa\" data-ll-status=\"loaded\" src=\"https:\/\/www.machupicchuterra.com\/wp-content\/uploads\/i-santuarios-andinos.jpg\">\r\n                <\/div>\r\n                <div class=\"card-content\">\r\n                    <h3 class=\"card-title text-xl\">Museo Santuarios Andinos de Arequipa<\/h3>\r\n                    <p class=\"text-sm\">Famoso museo de Arequipa que exhibe el cuerpo de la ni\u00f1a sacrificada en la \u00e9poca inca, la \u2018momia Juanita\u2019. <\/p>\r\n                <\/div>\r\n                <a href=\"https:\/\/www.machupicchuterra.com\/es\/arequipa\/ciudad-arequipa\/museo-santuarios-andinos\" class=\"card-link\" target=\"_self\" rel=\"noopener noreferrer\"><\/a>\r\n            <\/div>\r\n            <div class=\"card group\">\r\n                <div class=\"card-img sm:w-40 md:w-52 sm:rounded-l\">\r\n                    <img decoding=\"async\" alt=\"La Casa Moral\" class=\"lazy card-img loaded\" data-ll-status=\"loaded\" src=\"https:\/\/www.machupicchuterra.com\/wp-content\/uploads\/i-casa-moral-arequipa.jpg\">\r\n                <\/div>\r\n                <div class=\"card-content\">\r\n                    <h3 class=\"card-title text-xl\">La Casa Moral<\/h3>\r\n                    <p class=\"text-sm\">El museo La Casa Moral exhibe piezas hist\u00f3ricas del siglo XVIII, tales como mobiliario, obras de arte y m\u00e1s.<\/p>\r\n                <\/div>\r\n                <a href=\"https:\/\/www.machupicchuterra.com\/es\/arequipa\/ciudad-arequipa\/casa-moral\" class=\"card-link\" target=\"_self\" rel=\"noopener noreferrer\"><\/a>\r\n            <\/div>\r\n            <div class=\"card group\">\r\n                <div class=\"card-img sm:w-40 md:w-52 sm:rounded-l\">\r\n                    <img decoding=\"async\" alt=\"La Casa Museo Mario Vargas Llosa\" class=\"lazy card-img loaded\" data-ll-status=\"loaded\" src=\"https:\/\/www.machupicchuterra.com\/wp-content\/uploads\/i-museo-mario-vargas-llosa.jpg\">\r\n                <\/div>\r\n                <div class=\"card-content\">\r\n                    <h3 class=\"card-title text-xl\">La Casa Museo Mario Vargas Llosa<\/h3>\r\n                    <p class=\"text-sm\">Casa y museo donde vivi\u00f3 el premio nobel de literatura Mario Vargas Llosa, el cual naci\u00f3 en Arequipa. <\/p>\r\n                <\/div>\r\n                <a href=\"https:\/\/www.machupicchuterra.com\/es\/arequipa\/ciudad-arequipa\/casa-museo-mario-vargas-llosa\" class=\"card-link\" target=\"_self\" rel=\"noopener noreferrer\"><\/a>\r\n            <\/div>\r\n            <div class=\"card group\">\r\n                <div class=\"card-img sm:w-40 md:w-52 sm:rounded-l\">\r\n                    <img decoding=\"async\" alt=\"La Catedral de Arequipa\" class=\"lazy card-img loaded\" data-ll-status=\"loaded\" src=\"https:\/\/www.machupicchuterra.com\/wp-content\/uploads\/i-catedral-arequipa.jpg\">\r\n                <\/div>\r\n                <div class=\"card-content\">\r\n                    <h3 class=\"card-title text-xl\">La Catedral de Arequipa<\/h3>\r\n                    <p class=\"text-sm\">La Catedral muestra obras de arte coloniales como lienzos, esculturas, objetos de oro, plata y mobiliario del siglo XVI, XVII y XVIII.<\/p>\r\n                <\/div>\r\n                <a href=\"https:\/\/www.machupicchuterra.com\/es\/arequipa\/ciudad-arequipa\/catedral-arequipa\" class=\"card-link\" target=\"_self\" rel=\"noopener noreferrer\"><\/a>\r\n            <\/div>\r\n            <div class=\"card group\">\r\n                <div class=\"card-img sm:w-40 md:w-52 sm:rounded-l\">\r\n                    <img decoding=\"async\" alt=\"La iglesia de la Compa\u00f1\u00eda de Jes\u00fas\" class=\"lazy card-img loaded\" data-ll-status=\"loaded\" src=\"https:\/\/www.machupicchuterra.com\/wp-content\/uploads\/i-iglesia-compania-jesus-arequipa.jpg\">\r\n                <\/div>\r\n                <div class=\"card-content\">\r\n                    <h3 class=\"card-title text-xl\">La iglesia de la Compa\u00f1\u00eda de Jes\u00fas <\/h3>\r\n                    <p class=\"text-sm\">Iglesia administrada por los jesuitas que muestra una bella estructura colonial, as\u00ed como obras de arte en su interior.<\/p>\r\n                <\/div>\r\n                <a href=\"https:\/\/www.machupicchuterra.com\/es\/arequipa\/ciudad-arequipa\/iglesia-compania-jesus-ciudad-arequipa\" class=\"card-link\" target=\"_self\" rel=\"noopener noreferrer\"><\/a>\r\n            <\/div>\r\n            <div class=\"card group\">\r\n                <div class=\"card-img sm:w-40 md:w-52 sm:rounded-l\">\r\n                    <img decoding=\"async\" alt=\"La mansi\u00f3n del Fundador\" class=\"lazy card-img loaded\" data-ll-status=\"loaded\" src=\"https:\/\/www.machupicchuterra.com\/wp-content\/uploads\/i-mansion-fundador-arequipa.jpg\">\r\n                <\/div>\r\n                <div class=\"card-content\">\r\n                    <h3 class=\"card-title text-xl\">La mansi\u00f3n del Fundador<\/h3>\r\n                    <p class=\"text-sm\">Museo en las campi\u00f1as de la ciudad que fue casona de Garc\u00ed Manuel de Carbajal, fundador de la ciudad de Arequipa en 1540.<\/p>\r\n                <\/div>\r\n                <a href=\"https:\/\/www.machupicchuterra.com\/es\/arequipa\/ciudad-arequipa\/mansion-fundador\" class=\"card-link\" target=\"_self\" rel=\"noopener noreferrer\"><\/a>\r\n            <\/div>\r\n            <div class=\"card group\">\r\n                <div class=\"card-img sm:w-40 md:w-52 sm:rounded-l\">\r\n                    <img decoding=\"async\" alt=\"El monasterio de Santa Catalina\" class=\"lazy card-img loaded\" data-ll-status=\"loaded\" src=\"https:\/\/www.machupicchuterra.com\/wp-content\/uploads\/i-monasterio-santa-catalina-arequipa.jpg\">\r\n                <\/div>\r\n                <div class=\"card-content\">\r\n                    <h3 class=\"card-title text-xl\">El monasterio de Santa Catalina<\/h3>\r\n                    <p class=\"text-sm\">Famoso museo colonial de Arequipa que exhibe la vida mon\u00e1stica en el convento de Santa Catalina (siglo XVI). <\/p>\r\n                <\/div>\r\n                <a href=\"https:\/\/www.machupicchuterra.com\/es\/arequipa\/ciudad-arequipa\/monasterio-santa-catalina\" class=\"card-link\" target=\"_self\" rel=\"noopener noreferrer\"><\/a>\r\n            <\/div>\r\n            <div class=\"card group\">\r\n                <div class=\"card-img sm:w-40 md:w-52 sm:rounded-l\">\r\n                    <img decoding=\"async\" alt=\"Museo de Arte Virreinal Santa Teresa\" class=\"lazy card-img loaded\" data-ll-status=\"loaded\" src=\"https:\/\/www.machupicchuterra.com\/wp-content\/uploads\/i-arte-virreynal-arequipa.jpg\">\r\n                <\/div>\r\n                <div class=\"card-content\">\r\n                    <h3 class=\"card-title text-xl\">Museo de Arte Virreinal Santa Teresa<\/h3>\r\n                    <p class=\"text-sm\">Museo que exhibe lienzos, esculturas, murales de la \u00e9poca virreinal en Arequipa (siglos XVI, XVII y XVIII).<\/p>\r\n                <\/div>\r\n                <a href=\"https:\/\/www.machupicchuterra.com\/es\/arequipa\/ciudad-arequipa\/museo-arte-virreinal\" class=\"card-link\" target=\"_self\" rel=\"noopener noreferrer\"><\/a>\r\n            <\/div>\r\n            <div class=\"card group\">\r\n                <div class=\"card-img sm:w-40 md:w-52 sm:rounded-l\">\r\n                    <img decoding=\"async\" alt=\"El Palacio de Goyeneche\" class=\"lazy card-img loaded\" data-ll-status=\"loaded\" src=\"https:\/\/www.machupicchuterra.com\/wp-content\/uploads\/i-goyeneche.jpg\">\r\n                <\/div>\r\n                <div class=\"card-content\">\r\n                    <h3 class=\"card-title text-xl\">El Palacio de Goyeneche<\/h3>\r\n                    <p class=\"text-sm\">Casa museo del famoso obispo Goyeneche que exhibe una arquitectura neocl\u00e1sica y obras de arte de gran valor. <\/p>\r\n                <\/div>\r\n                <a href=\"https:\/\/www.machupicchuterra.com\/es\/arequipa\/ciudad-arequipa\/palacio-goyeneche\" class=\"card-link\" target=\"_self\" rel=\"noopener noreferrer\"><\/a>\r\n            <\/div>\r\n        <\/div>\r\n        <hr class=\"my-10\">\r\n        <h2 class=\"text-2xl\">Preguntas y respuestas sobre los museos de Arequipa<\/h2>\r\n        <ul>\r\n            <li>\r\n                <h3>\u00bfCu\u00e1l es el mejor museo de Arequipa?<\/h3>\r\n                <p>El Museo y Convento de Santa Catalina es considerado como el mejor de la ciudad de Arequipa. Recibe alrededor de 238 mil turistas al a\u00f1o. <\/p>\r\n            <\/li>\r\n            <li>\r\n                <h3>\u00bfQu\u00e9 museos visitar en la ciudad de Arequipa?<\/h3>\r\n                <p>En la ciudad de Arequipa puede visitar museos como: el Monasterio de Santa Catalina, el Museo Santuarios Andinos, el Museo de Arte Virreinal, as\u00ed como los museos de la Catedral y la iglesia de la Compa\u00f1\u00eda de Jes\u00fas de Arequipa.<\/p>\r\n            <\/li>\r\n            <li>\r\n                <h3>\u00bfQu\u00e9 museo exhibe la momia Juanita?<\/h3>\r\n                <p>En Arequipa existen museos que exhiben piezas coloniales originales, entre las que destacan: el Museo de Arte Virreinal de Santa Teresa, el museo del Monasterio de Santa Catalina, el museo de la Compa\u00f1\u00eda de Jes\u00fas y el museo de la Catedral de Arequipa.<\/p>\r\n            <\/li>\r\n            <li>\r\n                <h3>\u00bfQu\u00e9 museo exhibe piezas coloniales en Arequipa?<\/h3>\r\n                <p>Existen varios museos que exhiben obras de arte colonial en Cusco. Entre ellas destaca el museo de Arte Religioso del Cusco, el cual exhibe la mayor colecci\u00f3n de arte virreinal como lienzos, muebles y elementos lit\u00fargicos de plata y oro.<\/p>\r\n            <\/li>\r\n            <li>\r\n                <h3>\u00bfD\u00f3nde est\u00e1 el museo de Santuarios Andinos?<\/h3>\r\n                <p>El museo de Santuarios Andinos se ubica en el centro hist\u00f3rico de la ciudad de Arequipa, en la calle La Merced 110. La entrada general tiene un costo de 25 soles peruanos.<\/p>\r\n            <\/li>\r\n            <li>\r\n                <h3>\u00bfEn qu\u00e9 museo de Arequipa puedo ver piezas incas originales?<\/h3>\r\n                <p>El museo de Santuarios Andinos exhibe piezas incas originales, halladas en los altos nevados de Arequipa en la ceremonia de sacrificios de ni\u00f1os, la \u2018capacocha\u2019 de los incas.<\/p>\r\n            <\/li>\r\n            <li>\r\n                <h3>\u00bfExiste museo en el ca\u00f1\u00f3n del Colca?<\/h3>\r\n                <p>En el valle del Colca se puede visitar el Museo de Yanque, administrado por la Universidad Cat\u00f3lica de Santa Mar\u00eda. El museo etnogr\u00e1fico muestra el proceso evolutivo del valle, su flora, fauna y tradiciones.<\/p>\r\n            <\/li>\r\n            <li>\r\n                <h3>\u00bfD\u00f3nde est\u00e1 el Museo de Santa Catalina? \u00bfCu\u00e1nto cuesta?<\/h3>\r\n                <p>El museo de Santa Catalina, uno de los m\u00e1s visitados de Arequipa, se ubica en pleno centro hist\u00f3rico, en la calle Santa Catalina 301. Su horario de atenci\u00f3n es de lunes a domingo de 9 am a 5 pm.<\/p>\r\n            <\/li>\r\n        <\/ul>\r\n    <\/div>\r\n<\/div>","protected":false},"excerpt":{"rendered":"Museos de Arequipa Arequipa antes de la \u00e9poca incaica Los primeros habitantes de la regi\u00f3n Arequipa se dedicaban a la pesca, la caza (principalmente de auqu\u00e9nidos) y la recolecci\u00f3n de alimentos de origen natural. Dichos primeras personas se agrupaban en familias o etnias y eran n\u00f3mades. Diversos estudios se\u00f1alan que el territorio arequipe\u00f1o, antes de [&hellip;]","protected":false},"author":1,"featured_media":0,"parent":0,"menu_order":0,"comment_status":"closed","ping_status":"closed","template":"","meta":{"footnotes":""},"class_list":["post-8704","page","type-page","status-publish","hentry"],"_links":{"self":[{"href":"https:\/\/www.machupicchuterra.com\/es\/wp-json\/wp\/v2\/pages\/8704","targetHints":{"allow":["GET"]}}],"collection":[{"href":"https:\/\/www.machupicchuterra.com\/es\/wp-json\/wp\/v2\/pages"}],"about":[{"href":"https:\/\/www.machupicchuterra.com\/es\/wp-json\/wp\/v2\/types\/page"}],"author":[{"embeddable":true,"href":"https:\/\/www.machupicchuterra.com\/es\/wp-json\/wp\/v2\/users\/1"}],"replies":[{"embeddable":true,"href":"https:\/\/www.machupicchuterra.com\/es\/wp-json\/wp\/v2\/comments?post=8704"}],"version-history":[{"count":4,"href":"https:\/\/www.machupicchuterra.com\/es\/wp-json\/wp\/v2\/pages\/8704\/revisions"}],"predecessor-version":[{"id":8709,"href":"https:\/\/www.machupicchuterra.com\/es\/wp-json\/wp\/v2\/pages\/8704\/revisions\/8709"}],"wp:attachment":[{"href":"https:\/\/www.machupicchuterra.com\/es\/wp-json\/wp\/v2\/media?parent=8704"}],"curies":[{"name":"wp","href":"https:\/\/api.w.org\/{rel}","templated":true}]}}