{"id":8600,"date":"2023-04-25T18:55:28","date_gmt":"2023-04-25T18:55:28","guid":{"rendered":"https:\/\/www.machupicchuterra.com\/es\/?page_id=8600"},"modified":"2023-04-25T19:42:35","modified_gmt":"2023-04-25T19:42:35","slug":"museos-cusco","status":"publish","type":"page","link":"https:\/\/www.machupicchuterra.com\/es\/museos-cusco\/","title":{"rendered":"Museos del Cusco"},"content":{"rendered":"<!-- [shortcodeelement id=\"x3wBzL\"] -->\r\n<div class=\"container\">\r\n    <hr><br>\r\n    <h1 class=\"section-title-36 m-t-30 p-b-30 text-center\">Museos del Cusco<\/h1>\r\n    <!-- <p class=\"text-lg mb-8\">Per\u00fa es un pa\u00eds pluricultural, detalle que pone en controversia muchos aspectos y relaciones dentro del pa\u00eds. Todas las diferentes costumbres y tradiciones que se pueden ver en las regiones de todo el Per\u00fa las podr\u00e1s encontrar aqu\u00ed. Tambi\u00e9n encontrar\u00e1s detalles de celebraciones religiosas que perduran, otras que se perdieron con el tiempo y otras m\u00e1s que emergieron y se van popularizando entre toda la poblaci\u00f3n peruana.<\/p> -->\r\n    <div class=\"single-paragraph\">\r\n        <figure>\r\n            <div class=\"text-center\">\r\n                <img data-src=\"https:\/\/d30oa1noalw1jv.cloudfront.net\/images\/VjWso3lChl0sNDxPGdiOQD7Mo5OLwn-museo-inka-del-cusco\/museo-inka-del-cusco.jpg\" class=\"lazy\" alt=\"Museo Inka Cusco\">\r\n            <\/div>\r\n        <\/figure>\r\n    <\/div>\r\n    <div class=\"section page-content\">\r\n        <!-- <div class=\"single-paragraph single-anclas\">\r\n            <ul class=\"anclas\">\r\n                <li><a href=\"#costumbres-tradiciones\">Las costumbres y tradiciones<\/a><\/li>\r\n                <li><a href=\"#costumbres-andinas\">Costumbres andinas en Per\u00fa<\/a><\/li>\r\n                <li><a href=\"#costumbres-coloniales\">Costumbres y coloniales del Per\u00fa<\/a><\/li>\r\n                <li><a href=\"#festividades-populares\">\u00bfCu\u00e1les son las festividades del m\u00e1s populares del Per\u00fa?<\/a><\/li>\r\n            <\/ul>\r\n        <\/div> -->\r\n        <hr class=\"my-10\">\r\n        <h2 class=\"text-2xl\">Cusco antes de la \u00e9poca incaica<\/h2>\r\n        <p class=\"text-justify\">Los primeros asentamientos de hombres y mujeres en Cusco se formaron aproximadamente hace 5 mil a\u00f1os antes de la era cristiana. Cabe resaltar a culturas como: Marcavalle, Chanapata, Lucre, Cotacalle, Killke y los Wari. El hallazgo humano m\u00e1s antiguo en esta regi\u00f3n andina \u2018el Hombre de Qhorqa\u2019 muestra un \u00e1rea de pinturas rupestres con 4 mil a\u00f1os de antig\u00fcedad. Los incas adoptaron muchos aspectos culturales de estas culturas, en especial, la lengua quechua. Los wari (desde el siglo VII hasta el siglo XIII D.C). Los wari construyeron en Cusco importantes ciudadelas como Piquillacta, ubicada en el Valle Sur. Esta ciudadela todav\u00eda muestra a los visitantes sus enormes construcciones de adobe, sus recintos de hasta tres pisos, as\u00ed como sus largas calles ideales para conseguir fotograf\u00edas inolvidables.<\/p>\r\n        <hr class=\"my-10\">\r\n        <h2 class=\"text-2xl\">Los or\u00edgenes de los incas en Cusco <\/h2>\r\n        <p>Las fuentes hist\u00f3ricas se\u00f1alan que los incas son originarios de la regi\u00f3n altipl\u00e1nica (que comparten Per\u00fa y Bolivia en la actualidad) buscando un nuevo territorio tras encontrarse amenazados por las belicosas etnias aimaras. En b\u00fasqueda de un nuevo territorio donde establecerse llegaron al Cusco donde, con el pasar de los a\u00f1os, construir\u00edan el imperio m\u00e1s grande de Sudam\u00e9rica.<\/p>\r\n        <p>Por otro lado, la tradici\u00f3n inca narra dos leyendas del origen inca, las cuales han sobrevivido hasta hoy. La primera es la leyenda de los Hermanos Ayar. La segunda, la leyenda de Manco C\u00e1pac y Mama Ocllo. De forma distinta, las dos leyendas cuentan con elementos fant\u00e1sticos la gran traves\u00eda que realizaron los primeros incas para hallar un lugar sagrado en donde habitar. As\u00ed, guiados por los dioses del sol y la luna, los incas arribaron al valle del Cusco en donde se establecieron, junto a otras etnias y culturas.<\/p>\r\n        <p><strong>La leyenda de los hermanos Ayar<\/strong> narra la creaci\u00f3n del dios andino Huiracocha quien orden\u00f3 a sus cuatro hijos a encontrar una tierra f\u00e9rtil donde pueden establecerse y cultivar ma\u00edz. As\u00ed, de la cueva de Pacaritambo partieron los 4 hermanos Ayar junto a sus respectivas parejas: a) Ayar Cachi y Mama Huaco, Ayar Uchu y Mama Ipacura, Ayar Auca y Mama Rahua y Ayar Manco y Mama Ocllo.<\/p>\r\n        <p>Cada hermano era el l\u00edder de un ayllu o grupo de familias. Ayar Cachi, era el hermano m\u00e1s fuerte y temperamental quien caus\u00f3 temor en sus hermanos. Fue as\u00ed que fue enga\u00f1ado y llevado a la caverna de \u2018Tampu Tocco\u2019 donde los dem\u00e1s hermanos decidieron encerrarlo con una enorme roca para proseguir su viaje. En el monte \u2018Huanacauri\u2019 encontraron un \u00eddolo de piedra. Ayar Uchu, temeroso de este hallazgo, se convirti\u00f3 tambi\u00e9n en piedra al desafiar a esta estructura. Los dem\u00e1s prosiguieron con el viaje hasta encontrar tierra f\u00e9rtil, en donde finalmente se hundi\u00f3 la vara. Ayar Auca, a quien le brotaron alas, vol\u00f3 hasta all\u00e1. All\u00ed encontr\u00f3 un templo en donde Ayar Auca, a su vez, qued\u00f3 convertido en piedra. Este templo fue el Coricancha, el hist\u00f3rico templo del sol. Fue as\u00ed que Ayar Manco (Manco C\u00e1pac), fue el primer inca que someti\u00f3 a los dem\u00e1s ayllus del Cusco fundando una nueva civilizaci\u00f3n.<\/p>\r\n        <p><strong>La leyenda de Manco C\u00e1pac y Mama Ocllo<\/strong> cuenta la historia del dios sol (Inti, en lengua quechua) quien orden\u00f3 a sus hijos Manco C\u00e1pac y Mama Ocllo la misi\u00f3n de fundar una nueva civilizaci\u00f3n que terminar\u00e1 con el caos que reinaba en el mundo. Para cumplir con esta misi\u00f3n les otorg\u00f3 un cetro de oro. El dios sol les se\u00f1al\u00f3 que all\u00ed donde se hunda el cetro ser\u00eda el lugar escogido para fundar el reino de los incas.<\/p>\r\n        <p>Sin embargo, Manco C\u00e1pac y Mama Ocllo pasaron muchos a\u00f1os en b\u00fasqueda del f\u00e9rtil valle donde fundar\u00eda la nueva civilizaci\u00f3n. Finalmente, un d\u00eda llegaron al pie del cerro \u2018Huanacaure\u2019. All\u00ed finalmente se hundi\u00f3 el cetro de oro y fundaron la civilizaci\u00f3n inca. Al principio Manco C\u00e1pac y Mama Ocllo se vieron obligados a lidiar con los pueblos quechuas que ya se situaban en Cusco. Luego, Manco C\u00e1pac ense\u00f1\u00f3 a los hombres a cultivar la tierra, cazar y fabricar viviendas. Mama Ocllo ense\u00f1\u00f3 a las mujeres a tejer, cocinar y m\u00e1s.<\/p>\r\n        <hr class=\"my-10\">\r\n        <h2 class=\"text-2xl\">Los incas, el imperio m\u00e1s grande de Am\u00e9rica del Sur <\/h2>\r\n        <p>Los incas fundaron el imperio m\u00e1s grande de Sudam\u00e9rica (abarc\u00f3 amplias regiones de Per\u00fa, Bolivia, Ecuador, Colombia, Chile y Argentina). Aunque fue corto su existencia (doscientos a\u00f1os aproximadamente), los incas lograron un destacado desarrollo en distintos aspectos culturales como: arquitectura, textiler\u00eda, cer\u00e1mica, religi\u00f3n y m\u00e1s. Para lograr este gran desarrollo cultural, los incas sintetizaron diversos aspectos de otras culturas, sobre todo de los Wari y Tiahuanaco.<\/p>\r\n        <p>La ciudad del Cusco (Qosqo), en plena Cordillera de los Andes, fue la capital del vasto imperio inca. Al principio, y por cerca de dos siglos, los incas fueron un curacazgo (grupo de varias familias) que conviv\u00edan en el valle del Cusco con otras culturas y etnias. Hasta que en 1438, el joven l\u00edder Pachacutec consigui\u00f3 vencer a los temibles chancas, m\u00e1ximos rivales de los incas. Fue entonces que fund\u00f3 el imperio del Tahuantinsuyo. En los siguientes a\u00f1os su expansi\u00f3n por el continente fue vertiginoso.<\/p>\r\n        <p>Hasta el d\u00eda de hoy el paso de los incas por la ciudad del Cusco muestra una huella imborrable con construcciones inmensas como Sacsayhuaman, el Coricancha y m\u00e1s. \u00bfC\u00f3mo lograron tallar las piedras a su antojo sin las herramientas modernas? Todav\u00eda existen muchos misterios alrededor del paso de los incas por la ciudad del Cusco.<\/p>\r\n        <hr class=\"my-10\">\r\n        <h2 class=\"text-2xl\">El colonialismo en el Cusco<\/h2>\r\n        <p>El 16 de noviembre de 1532 fue una de las fechas m\u00e1s importantes de la historia del Per\u00fa. Ese d\u00eda, bajo el mando de Francisco Pizarro, miles de hombres capturaron al emperador Atahualpa. Tras una feroz matanza entre pobladores abor\u00edgenes, se logr\u00f3 la captura del inca. En los siguientes meses consiguieron los espa\u00f1oles el poder y as\u00ed fundaron el virreinato del Per\u00fa (bajo c\u00e9dula promulgada en 1543).<\/p>\r\n        <p>En la ciudad del Cusco, tras la captura de Atahualpa, se sucedieron distintas batallas entre incas (bajo el liderazgo de Manco Inca) y espa\u00f1oles (quienes ten\u00edan el control de un gran ej\u00e9rcito de abor\u00edgenes). En 1572, se extermina a los \u00faltimos incas rebeldes de Vilcabamba y se instaura el colonialismo en la antigua capital de los incas. Una clara muestra de la presencia de los espa\u00f1oles en Cusco son sus bellas e imponentes iglesias, entre las que destacan: la Catedral, la Compa\u00f1\u00eda de Jes\u00fas, el templo de Santo Domingo, el templo de San Francisco y m\u00e1s.<\/p>\r\n        <p>El virreinato del Per\u00fa inici\u00f3 en 1543 y finaliz\u00f3 en 1821. En dicho periodo se hicieron dr\u00e1sticos cambios que todav\u00eda perduran en diversos aspectos del Per\u00fa y Cusco actual. Por ejemplo, la religiosidad inca sufri\u00f3 una ruptura tras la obligaci\u00f3n del culto a los dioses cristianos. Hoy Cusco es una regi\u00f3n muy cat\u00f3lica con un gran fervor religioso a santos y v\u00edrgenes que fueron instaurados en la \u00e9poca colonial. Adem\u00e1s, son importantes el legado en idioma, arquitectura, agricultura, miner\u00eda y m\u00e1s.<\/p>\r\n        <hr class=\"my-10\">\r\n        <h2 class=\"text-2xl\">Cusco en la actualidad <\/h2>\r\n        <p>Actualmente Cusco es el destino tur\u00edstico m\u00e1s importante del Per\u00fa. Seg\u00fan estad\u00edsticas oficiales, un total de 3.5 millones de turistas provenientes de todo el planeta llegaron a Cusco -la mayor\u00eda atra\u00edda por Machu Picchu-. La regi\u00f3n cusque\u00f1a tambi\u00e9n ofrece una importante producci\u00f3n en miner\u00eda e hidrocarburos. A pesar de esto, todav\u00eda Cusco cuenta con altos \u00edndices de pobreza. La desnutrici\u00f3n infantil y el acceso a la educaci\u00f3n son otros graves problemas que enfrenta esta regi\u00f3n andina.<\/p>\r\n        <p>Por otro lado, el Cusco posee muchos aspectos culturales heredadas de la \u00e9poca inca y colonial. Por ejemplo el 95% de la poblaci\u00f3n cusque\u00f1a habla el quechua (la lengua instaurada por los incas). De los incas todav\u00eda sobrevive la famosa fiesta del Inti Raymi (que se celebra cada 24 de junio). Desde la \u00e9poca colonial, se mantiene la tradici\u00f3n religiosa de la fiesta del Corpus Christi (los 15 principales santos y v\u00edrgenes de la ciudad son llevados en procesi\u00f3n). Algunas fechas importantes son 1983, cuando la ciudad de Cusco fue declarada Patrimonio Cultural de la Humanidad por la Unesco. Adem\u00e1s, en 2007 Machu Picchu fue declarada como una de las \u20187 nuevas Maravillas del Mundo moderno\u2019, en una votaci\u00f3n a nivel mundial. Hoy una de las mejores formas de conocer la cultura e historia del Cusco es visitar sus museos. \u00a1Conoce aqu\u00ed algunos de los m\u00e1s importantes!<\/p>\r\n        <br>\r\n        <hr class=\"my-10\">\r\n        <h2 class=\"text-2xl\">Los museos del Cusco que debes conocer<\/h2>\r\n        <br>\r\n        <div class=\"block lg:grid lg:grid-cols-2 lg:gap-x-10 mt-4\">\r\n            <div class=\"card group\">\r\n                <div class=\"card-img sm:w-40 md:w-52 sm:rounded-l\">\r\n                    <img decoding=\"async\" class=\"lazy card-img loaded\" alt=\"Museo Inka del Cusco\" data-ll-status=\"loaded\" src=\"https:\/\/www.machupicchuterra.com\/wp-content\/uploads\/i-museo-inka.jpg\">\r\n                <\/div>\r\n                <div class=\"card-content\">\r\n                    <h3 class=\"card-title text-xl\">Museo Inka del Cusco<\/h3>\r\n                    <p class=\"text-sm\">Considerado el mejor de los museos de la ciudad del Cusco. Destaca por su muestra de keros, cer\u00e1micas, textiles incas y m\u00e1s. <\/p>\r\n                <\/div>\r\n                <a href=\"https:\/\/www.machupicchuterra.com\/es\/cusco\/ciudad-cusco\/museo-inka-cusco\" class=\"card-link\" target=\"_self\" rel=\"noopener noreferrer\"><\/a>\r\n            <\/div>\r\n            <div class=\"card group\">\r\n                <div class=\"card-img sm:w-40 md:w-52 sm:rounded-l\">\r\n                    <img decoding=\"async\" alt=\"Museo Machu Picchu de la Casa Concha\" class=\"lazy card-img loaded\" data-ll-status=\"loaded\" src=\"https:\/\/www.machupicchuterra.com\/wp-content\/uploads\/i-museo-casa-concha.jpg\">\r\n                <\/div>\r\n                <div class=\"card-content\">\r\n                    <h3 class=\"card-title text-xl\">Museo Machupicchu de la Casa Concha<\/h3>\r\n                    <p class=\"text-sm\">Museo de la ciudad del Cusco que expone objetos rescatados de Machu Picchu a inicios del siglo XX.<\/p>\r\n                <\/div>\r\n                <a href=\"https:\/\/www.machupicchuterra.com\/es\/cusco\/ciudad-cusco\/museo-machu-picchu-casa-concha\" class=\"card-link\" target=\"_self\" rel=\"noopener noreferrer\"><\/a>\r\n            <\/div>\r\n            <div class=\"card group\">\r\n                <div class=\"card-img sm:w-40 md:w-52 sm:rounded-l\">\r\n                    <img decoding=\"async\" alt=\"Museo Inkariy\" class=\"lazy card-img loaded\" data-ll-status=\"loaded\" src=\"https:\/\/www.machupicchuterra.com\/wp-content\/uploads\/i-museo-inkary.jpg\">\r\n                <\/div>\r\n                <div class=\"card-content\">\r\n                    <h3 class=\"card-title text-xl\">Museo Inkariy<\/h3>\r\n                    <p class=\"text-sm\">Museo del Valle Sagrado de los Incas que ofrece una exhibici\u00f3n did\u00e1ctica del Per\u00fa prehisp\u00e1nico. <\/p>\r\n                <\/div>\r\n                <a href=\"https:\/\/www.machupicchuterra.com\/es\/cusco\/calca\/museo-inkariy\" class=\"card-link\" target=\"_self\" rel=\"noopener noreferrer\"><\/a>\r\n            <\/div>\r\n            <div class=\"card group\">\r\n                <div class=\"card-img sm:w-40 md:w-52 sm:rounded-l\">\r\n                    <img decoding=\"async\" alt=\"Museo de arte religioso\" class=\"lazy card-img loaded\" data-ll-status=\"loaded\" src=\"https:\/\/www.machupicchuterra.com\/wp-content\/uploads\/i-museo-arte-religioso.jpg\">\r\n                <\/div>\r\n                <div class=\"card-content\">\r\n                    <h3 class=\"card-title text-xl\">Museo de Arte Religioso del Cusco<\/h3>\r\n                    <p class=\"text-sm\">El museo que exhibe la mayor colecci\u00f3n de arte virreinal en la ciudad del Cusco. Destaca por sus lienzos.<\/p>\r\n                <\/div>\r\n                <a href=\"https:\/\/www.machupicchuterra.com\/es\/cusco\/ciudad-cusco\/museo-arte-religioso\" class=\"card-link\" target=\"_self\" rel=\"noopener noreferrer\"><\/a>\r\n            <\/div>\r\n            <div class=\"card group\">\r\n                <div class=\"card-img sm:w-40 md:w-52 sm:rounded-l\">\r\n                    <img decoding=\"async\" alt=\"Museo de arte contempor\u00e1neo\" class=\"lazy card-img loaded\" data-ll-status=\"loaded\" src=\"https:\/\/www.machupicchuterra.com\/wp-content\/uploads\/i-museo-arte-contemporaneo.jpg\">\r\n                <\/div>\r\n                <div class=\"card-content\">\r\n                    <h3 class=\"card-title text-xl\">Museo de Arte Contempor\u00e1neo del Cusco <\/h3>\r\n                    <p class=\"text-sm\">Museo de la ciudad del Cusco que cuenta con m\u00e1s de 280 obras de arte contempor\u00e1neo de artistas locales.<\/p>\r\n                <\/div>\r\n                <a href=\"https:\/\/www.machupicchuterra.com\/es\/cusco\/ciudad-cusco\/museo-arte-contemporaneo\" class=\"card-link\" target=\"_self\" rel=\"noopener noreferrer\"><\/a>\r\n            <\/div>\r\n            <div class=\"card group\">\r\n                <div class=\"card-img sm:w-40 md:w-52 sm:rounded-l\">\r\n                    <img decoding=\"async\" alt=\"Museo de cultura viva\" class=\"lazy card-img loaded\" data-ll-status=\"loaded\" src=\"https:\/\/www.machupicchuterra.com\/wp-content\/uploads\/i-yucay-museo.jpg\">\r\n                <\/div>\r\n                <div class=\"card-content\">\r\n                    <h3 class=\"card-title text-xl\">Museo de Cultura Viva de Yucay<\/h3>\r\n                    <p class=\"text-sm\">Museo del pueblo de Yucay que revalora las tradiciones y cultura de los pueblos del Valle Sagrado de los Incas.<\/p>\r\n                <\/div>\r\n                <a href=\"https:\/\/www.machupicchuterra.com\/es\/cusco\/urubamba\/yucay-museo-cultura-viva\" class=\"card-link\" target=\"_self\" rel=\"noopener noreferrer\"><\/a>\r\n            <\/div>\r\n            <div class=\"card group\">\r\n                <div class=\"card-img sm:w-40 md:w-52 sm:rounded-l\">\r\n                    <img decoding=\"async\" alt=\"Museo de arte popular \" class=\"lazy card-img loaded\" data-ll-status=\"loaded\" src=\"https:\/\/www.machupicchuterra.com\/wp-content\/uploads\/i-museo-arte-popular.jpg\">\r\n                <\/div>\r\n                <div class=\"card-content\">\r\n                    <h3 class=\"card-title text-xl\">Museo de Arte Popular del Cusco<\/h3>\r\n                    <p class=\"text-sm\">Peque\u00f1o museo de la ciudad del Cusco que exhibe trabajos de artesanos cusque\u00f1os de excelente calidad. <\/p>\r\n                <\/div>\r\n                <a href=\"https:\/\/www.machupicchuterra.com\/es\/cusco\/ciudad-cusco\/museo-arte-popular\" class=\"card-link\" target=\"_self\" rel=\"noopener noreferrer\"><\/a>\r\n            <\/div>\r\n            <div class=\"card group\">\r\n                <div class=\"card-img sm:w-40 md:w-52 sm:rounded-l\">\r\n                    <img decoding=\"async\" alt=\"Museo hist\u00f3rico regional\" class=\"lazy card-img loaded\" data-ll-status=\"loaded\" src=\"https:\/\/www.machupicchuterra.com\/wp-content\/uploads\/i-museo-historico-regional.jpg\">\r\n                <\/div>\r\n                <div class=\"card-content\">\r\n                    <h3 class=\"card-title text-xl\">Museo Hist\u00f3rico Regional del Cusco<\/h3>\r\n                    <p class=\"text-sm\">Museo de la ciudad del Cusco (en la Casa Garcilaso) que exhibe la historia del Cusco, desde la prehistoria hasta hoy.<\/p>\r\n                <\/div>\r\n                <a href=\"https:\/\/www.machupicchuterra.com\/es\/cusco\/ciudad-cusco\/museo-historico-regional\" class=\"card-link\" target=\"_self\" rel=\"noopener noreferrer\"><\/a>\r\n            <\/div>\r\n            <div class=\"card group\">\r\n                <div class=\"card-img sm:w-40 md:w-52 sm:rounded-l\">\r\n                    <img decoding=\"async\" alt=\"Museo de Sitio de Machu Picchu\" class=\"lazy card-img loaded\" data-ll-status=\"loaded\" src=\"https:\/\/www.machupicchuterra.com\/wp-content\/uploads\/i-museo-machu-picchu.jpg\">\r\n                <\/div>\r\n                <div class=\"card-content\">\r\n                    <h3 class=\"card-title text-xl\">Museo de Sitio de Machu Picchu<\/h3>\r\n                    <p class=\"text-sm\">Museo ubicado en el Machupicchu pueblo que exhibe objetos hallados en el descubrimiento de Machupicchu en 1911. <\/p>\r\n                <\/div>\r\n                <a href=\"https:\/\/www.machupicchuterra.com\/es\/cusco\/urubamba\/museo-sitio-machu-picchu\" class=\"card-link\" target=\"_self\" rel=\"noopener noreferrer\"><\/a>\r\n            <\/div>\r\n            <div class=\"card group\">\r\n                <div class=\"card-img sm:w-40 md:w-52 sm:rounded-l\">\r\n                    <img decoding=\"async\" alt=\"Museo de historia natural\" class=\"lazy card-img loaded\" data-ll-status=\"loaded\" src=\"https:\/\/www.machupicchuterra.com\/wp-content\/uploads\/i-museo-historia-natural.jpg\">\r\n                <\/div>\r\n                <div class=\"card-content\">\r\n                    <h3 class=\"card-title text-xl\">Museo de Historia Natural del Cusco<\/h3>\r\n                    <p class=\"text-sm\">Peque\u00f1o museo ubicado en la Plaza de Armas del Cusco que exhibe una colecci\u00f3n de minerales, insectos, plantas y mam\u00edferos de la regi\u00f3n.<\/p>\r\n                <\/div>\r\n                <a href=\"https:\/\/www.machupicchuterra.com\/es\/cusco\/ciudad-cusco\/museo-historia-natural\" class=\"card-link\" target=\"_self\" rel=\"noopener noreferrer\"><\/a>\r\n            <\/div>\r\n            <div class=\"card group\">\r\n                <div class=\"card-img sm:w-40 md:w-52 sm:rounded-l\">\r\n                    <img decoding=\"async\" alt=\"Museo de Catcco\" class=\"lazy card-img loaded\" data-ll-status=\"loaded\" src=\"https:\/\/www.machupicchuterra.com\/wp-content\/uploads\/museo-catcco-cusco.jpg\">\r\n                <\/div>\r\n                <div class=\"card-content\">\r\n                    <h3 class=\"card-title text-xl\">Museo Catcco de Ollantaytambo<\/h3>\r\n                    <p class=\"text-sm\">Museo ubicado en el pueblo de Ollantaytambo que exhibe una muestra de la historia y tradiciones de este pueblo andino. <\/p>\r\n                <\/div>\r\n                <a href=\"https:\/\/www.machupicchuterra.com\/es\/cusco\/urubamba\/museo-catcco\" class=\"card-link\" target=\"_self\" rel=\"noopener noreferrer\"><\/a>\r\n            <\/div>\r\n        <\/div>\r\n        <hr class=\"my-10\">\r\n        <h2 class=\"text-2xl\">Preguntas y respuestas sobre los museos del Cusco<\/h2>\r\n        <ul>\r\n            <li>\r\n                <h3>\u00bfCu\u00e1l es el mejor museo del Cusco?<\/h3>\r\n                <p>El Museo Inka, en la ciudad del Cusco, es considerado como el mejor museo a visitar en todo Cusco. <\/p>\r\n            <\/li>\r\n            <li>\r\n                <h3>\u00bfQu\u00e9 museo visitar en el Valle Sagrado de los Incas?<\/h3>\r\n                <p>En el Valle Sagrado de los Incas se recomienda visitar el museo de Inkariy, el cual ofrece una exhibici\u00f3n did\u00e1ctica del Per\u00fa prehisp\u00e1nico.<\/p>\r\n            <\/li>\r\n            <li>\r\n                <h3>\u00bfQu\u00e9 museo visitar en Machu Picchu?<\/h3>\r\n                <p>El Museo de Sitio de Machu Picchu Manuel Ch\u00e1vez Ball\u00f3n es el m\u00e1s recomendado durante la visita a la ciudadela inca. Este museo se encuentra en el pueblo de Aguas Calientes, a la altura del puente Ruinas.<\/p>\r\n            <\/li>\r\n            <li>\r\n                <h3>\u00bfQu\u00e9 museo exhibe piezas coloniales en Cusco?<\/h3>\r\n                <p>Existen varios museos que exhiben obras de arte colonial en Cusco. Entre ellas destaca el museo de Arte Religioso del Cusco, el cual exhibe la mayor colecci\u00f3n de arte virreinal como lienzos, muebles y elementos lit\u00fargicos de plata y oro.<\/p>\r\n            <\/li>\r\n            <li>\r\n                <h3>\u00bfD\u00f3nde est\u00e1 el museo de Casa Concha en Cusco?<\/h3>\r\n                <p>El museo de la Casa Concha exhibe objetos hallados en Machupicchu a inicios del siglo XX. Se ubica en el centro hist\u00f3rico de la ciudad, en la calle Santa Catalina Ancha.<\/p>\r\n            <\/li>\r\n            <li>\r\n                <h3>\u00bfEn qu\u00e9 museo del Cusco hay piezas incas originales?<\/h3>\r\n                <p>Existen varios museos que exhiben piezas incas originales en Cusco. Entre ellas destaca el museo Inka del Cusco, el cual exhibe una muestra de keros, cer\u00e1micas, textiles incas y m\u00e1s.<\/p>\r\n            <\/li>\r\n            <li>\r\n                <h3>\u00bfExiste museo en Machu Picchu?<\/h3>\r\n                <p>Junto al sitio arqueol\u00f3gico de Machu Picchu no existe un museo. Sin embargo, a solo 5 kil\u00f3metros, en el pueblo de Aguas Calientes (altura del Puente Ruinas) existe el Museo de Sitio de Machu Picchu Manuel Ch\u00e1vez Ball\u00f3n, el cual exhibe piezas incas halladas en la ciudadela inca a inicios del siglo XX.<\/p>\r\n            <\/li>\r\n            <li>\r\n                <h3>\u00bfD\u00f3nde est\u00e1 el Museo Inka? \u00bfCu\u00e1nto cuesta?<\/h3>\r\n                <p>El Museo Inka del Cusco se ubica en la Cuesta del Almirante 103 (a unos pasos de la Plaza de Armas). El ingreso cuesta 10 soles para extranjeros y 5 soles para peruanos.<\/p>\r\n            <\/li>\r\n        <\/ul>\r\n    <\/div>\r\n<\/div>","protected":false},"excerpt":{"rendered":"Museos del Cusco Cusco antes de la \u00e9poca incaica Los primeros asentamientos de hombres y mujeres en Cusco se formaron aproximadamente hace 5 mil a\u00f1os antes de la era cristiana. Cabe resaltar a culturas como: Marcavalle, Chanapata, Lucre, Cotacalle, Killke y los Wari. El hallazgo humano m\u00e1s antiguo en esta regi\u00f3n andina \u2018el Hombre de [&hellip;]","protected":false},"author":1,"featured_media":0,"parent":0,"menu_order":0,"comment_status":"closed","ping_status":"closed","template":"","meta":{"footnotes":""},"class_list":["post-8600","page","type-page","status-publish","hentry"],"_links":{"self":[{"href":"https:\/\/www.machupicchuterra.com\/es\/wp-json\/wp\/v2\/pages\/8600","targetHints":{"allow":["GET"]}}],"collection":[{"href":"https:\/\/www.machupicchuterra.com\/es\/wp-json\/wp\/v2\/pages"}],"about":[{"href":"https:\/\/www.machupicchuterra.com\/es\/wp-json\/wp\/v2\/types\/page"}],"author":[{"embeddable":true,"href":"https:\/\/www.machupicchuterra.com\/es\/wp-json\/wp\/v2\/users\/1"}],"replies":[{"embeddable":true,"href":"https:\/\/www.machupicchuterra.com\/es\/wp-json\/wp\/v2\/comments?post=8600"}],"version-history":[{"count":15,"href":"https:\/\/www.machupicchuterra.com\/es\/wp-json\/wp\/v2\/pages\/8600\/revisions"}],"predecessor-version":[{"id":8618,"href":"https:\/\/www.machupicchuterra.com\/es\/wp-json\/wp\/v2\/pages\/8600\/revisions\/8618"}],"wp:attachment":[{"href":"https:\/\/www.machupicchuterra.com\/es\/wp-json\/wp\/v2\/media?parent=8600"}],"curies":[{"name":"wp","href":"https:\/\/api.w.org\/{rel}","templated":true}]}}