{"id":6156,"date":"2023-01-24T19:03:43","date_gmt":"2023-01-24T19:03:43","guid":{"rendered":"https:\/\/www.machupicchuterra.com\/es\/?page_id=6156"},"modified":"2024-08-26T17:31:52","modified_gmt":"2024-08-26T17:31:52","slug":"herramientas-multimedia","status":"publish","type":"page","link":"https:\/\/www.machupicchuterra.com\/es\/herramientas-multimedia\/","title":{"rendered":"Herramientas multimedia \u2013 Machupicchu Terra"},"content":{"rendered":"<!-- <div class=\"banner\">\r\n    <div class=\"banner-image\" style=\"\r\n          background-image: url('https:\/\/www.machupicchuterra.com\/wp-content\/uploads\/machu-picchu-banner-5.jpg');\r\n        \">\r\n        <div class=\"banner-flex\">\r\n            <div class=\"banner-table\">\r\n                <div class=\"banner-row\">\r\n                    <div class=\"banner-cell\">\r\n                        <div class=\"banner-titles w-full flex items-center justify-center h-96\">\r\n                            <h1 class=\"banner-title mt-column\">\r\n                                <img decoding=\"async\" id=\"img_animate\" src=\"https:\/\/www.machupicchuterra.com\/wp-content\/uploads\/machupicchuterra.gif\" class=\"machu-gif\" \/>\r\n                                [mt_cargar_script script=\"component-animated-stop\"]\r\n                            <\/h1>\r\n                        <\/div>\r\n                        <div class=\"banner-search\"><\/div>\r\n                        <div class=\"banner-credentials\"><\/div>\r\n                    <\/div>\r\n                <\/div>\r\n            <\/div>\r\n        <\/div>\r\n    <\/div>\r\n<\/div> -->\r\n<div class=\"banner\" data-video-src=\"https:\/\/media.machupicchuterra.com\/uploads\/videos\/1688589625_banner-machu-picchu-3d.mp4\" data-has-video=\"true\">\r\n            <div class=\"relative w-full banner-video overflow-hidden bg-black\">\r\n                <video class=\"absolute video-autoplay hidden\" poster=\"https:\/\/media.machupicchuterra.com\/uploads\/images\/1688589669_machu-pichu-intro.jpg\" muted loop style=\"display: none;\">\r\n                    <source src=\"https:\/\/media.machupicchuterra.com\/uploads\/videos\/1688589625_banner-machu-picchu-3d.mp4\" type=\"video\/mp4\">\r\n                <\/video>\r\n                <img decoding=\"async\" class=\"w-full h-full object-cover banner-poster\" src=\"https:\/\/media.machupicchuterra.com\/uploads\/images\/1688589669_machu-pichu-intro.jpg\" alt=\"Multimedia Machupicchu Terra\">\r\n                <div class=\"absolute top-0 left-0 w-full h-full flex flex-col justify-center items-center banner-content\">\r\n                    \r\n                    <h1 class=\"text-white text-video p-3\"><span class=\"text-year\">Multimedia Machupicchu Terra<\/span><\/h1>\r\n                    <p class=\"text-white section-title-36 text-center m-b-20\"><\/p>\r\n                    \r\n                    \r\n                    \r\n                    \r\n                <\/div>\r\n            <\/div>\r\n        <\/div>\r\n<div class=\"container section\">\r\n    <h1 class=\"section-title-36 text-center m-b-20\">Herramientas multimedia \u2013 Machupicchu Terra<\/h1>\r\n<\/div>\r\n<div class=\"container section page-content\">\r\n    <h2 class=\"section-title text-center\">Explora cada atractivo tur\u00edstico del cusco y el per\u00fa<\/h2>\r\n    <p class=\"text-justify\">En Machupicchu Terra creamos una herramienta multimedia que facilita la navegaci\u00f3n por cada atractivo tur\u00edstico de Cusco y el Per\u00fa. Ubica el destino que quieres conocer e inf\u00f3rmate de manera f\u00e1cil y did\u00e1ctica.<\/p>\r\n    <br>\r\n    <div class=\"mtc-box\">\r\n        <div class=\"w--60 m-auto\">\r\n            <!-- [mt_show_youtube_videos] -->\r\n            <img decoding=\"async\" src=\"https:\/\/www.machupicchuterra.com\/wp-content\/uploads\/explorador-imagen.jpg\" width=\"100%\">\r\n        <\/div>\r\n        <div class=\"w--35 f--left mt-10\">\r\n            <p class=\"text-2xl font-bold text-center\">Encuentra el destino tur\u00edstico de tu preferencia e inf\u00f3rmate<\/p>\r\n            <p class=\"text-justify\">El \u2018Explorador\u2019 de Machupicchu Terra te permite ubicar f\u00e1cilmente cada destino tur\u00edstico. Navega por el mapa del Per\u00fa y descubre todo lo que ofrece con toda la informaci\u00f3n de inter\u00e9s.<\/p>\r\n            <!-- <div class=\"text-center p-3\"><img data-src=\"https:\/\/www.machupicchuterra.com\/wp-content\/uploads\/firma-paloma-v.png\" itemprop=\"image\" alt=\"imachupicchu\" width=\"180\" height=\"59px\" class=\"lazy\"><\/div> -->\r\n            <div class=\"text-center m-t-30 m-b-15\">\r\n                <a href=\"https:\/\/www.machupicchuterra.com\/es\/explorador\/\" role=\"button\" title=\"Ir a los audios\" class=\"btn btn-outline-primary\" style=\"width: 15rem;\">Ver explorador<\/a>\r\n            <\/div>\r\n            <div class=\"flex items-center justify-center\">\r\n                <div class=\"p-3\"><img decoding=\"async\" src=\"https:\/\/www.machupicchuterra.com\/wp-content\/uploads\/logo-picaflor-i.png\" itemprop=\"image\" alt=\"machupicchuterra\" width=\"150\"><\/div>\r\n                <!-- <div class=\"p-3\"><img decoding=\"async\" src=\"https:\/\/www.machupicchuterra.com\/wp-content\/uploads\/suscribete.png\" itemprop=\"image\" alt=\"imachupicchu\" width=\"140\"><\/div> -->\r\n            <\/div>\r\n        <\/div>\r\n    <\/div>\r\n<\/div>\r\n<!-- -------------- -->\r\n<br>\r\n<div class=\"container section page-content\">\r\n    <h2 class=\"section-title text-center\">Inf\u00f3rmate con videos did\u00e1cticos en nuestro canal de YouTube<\/h2>\r\n    <p class=\"text-justify\">Conoce toda la informaci\u00f3n que necesitas sobre tu viaje a Cusco y Machu Picchu a trav\u00e9s de nuestro canal de YouTube. Paloma, nuestra conductora exclusiva, nos acompa\u00f1ar\u00e1 en el recorrido por cada uno de los atractivos tur\u00edsticos. <\/p>\r\n    <br>\r\n    <div class=\"mtc-box\">\r\n        <div class=\"w--35 m-auto\">\r\n            <p class=\"text-2xl font-bold text-center\">Encuentra m\u00e1s informaci\u00f3n en nuestro canal oficial de YouTube<\/p>\r\n            <p class=\"text-justify\">En Machupicchu Terra contamos con el canal oficial de YouTube \u2018Imachupicchu\u2019, el cual permite conocer m\u00e1s y mejor informaci\u00f3n sobre todos los atractivos tur\u00edsticos del Cusco y Machu Picchu. \u00a1Junto a Paloma inf\u00f3rmate bien sobre tu viaje!<\/p>\r\n            <div class=\"text-center p-3\"><img data-src=\"https:\/\/www.machupicchuterra.com\/wp-content\/uploads\/firma-paloma-v.png\" itemprop=\"image\" alt=\"imachupicchu\" width=\"180\" height=\"59px\" class=\"lazy\"><\/div>\r\n            <div class=\"text-center m-t-30 m-b-15\">\r\n                <a href=\"https:\/\/www.youtube.com\/@IMachupicchu\" role=\"button\" title=\"Ir a los audios\" class=\"btn btn-outline-primary\">\u00a1Visita nuestro canal de YouTube!<\/a>\r\n            <\/div>\r\n            <div class=\"flex items-center justify-center\">\r\n                <div class=\"p-3\"><img decoding=\"async\" src=\"https:\/\/www.machupicchuterra.com\/wp-content\/uploads\/logo-picaflor-i.png\" itemprop=\"image\" alt=\"machupicchuterra\" width=\"150\"><\/div>\r\n                <div class=\"p-3\"><img decoding=\"async\" src=\"https:\/\/www.machupicchuterra.com\/wp-content\/uploads\/suscribete.png\" itemprop=\"image\" alt=\"imachupicchu\" width=\"140\"><\/div>\r\n            <\/div>\r\n        <\/div>\r\n        <div class=\"w--60 f--left\">\r\n            \n        <div class=\"show-youtube-videos\">\n            <div class=\"video-player-yt relative\">\n            <div\n          class=\"image-preview-yt flex items-center justify-center w-full mr-2 overflow-hidden active absolute aspect-video cursor-pointer\"\n        >\n        <svg version=\"1.1\" viewBox=\"0 0 68 48\" width=\"68px\" height=\"48px\" class=\"absolute z-20\"><path class=\"ytp-large-play-button-bg\" d=\"M66.52,7.74c-0.78-2.93-2.49-5.41-5.42-6.19C55.79,.13,34,0,34,0S12.21,.13,6.9,1.55 C3.97,2.33,2.27,4.81,1.48,7.74C0.06,13.05,0,24,0,24s0.06,10.95,1.48,16.26c0.78,2.93,2.49,5.41,5.42,6.19 C12.21,47.87,34,48,34,48s21.79-0.13,27.1-1.55c2.93-0.78,4.64-3.26,5.42-6.19C67.94,34.95,68,24,68,24S67.94,13.05,66.52,7.74z\" fill=\"#f00\"><\/path><path d=\"M 45,24 27,14 27,34\" fill=\"#fff\"><\/path><\/svg>\n          <img\n            data-src=\"https:\/\/www.machupicchuterra.com\/wp-content\/uploads\/5-tipos-de-boleto-machu-picchu.jpg\"\n            width=\"668px\"\n            height=\"375px\"\n            class=\"w-full lazy absolute\"\n            itemprop=\"image\"\n            alt=\"5 tipos de boleto Machu Picchu\"\n          \/>\n        <\/div>\n                <div id=\"player\" class=\"w-full aspect-video\"><\/div>\n                <div class=\"video-player__thumbs md:w-full flex items-center overflow-x-auto flex-nowrap p-2 bg-gray-50\">\n                <div data-video=\"28b6eVfTkco\" class=\"video-thumb flex-none w-36 h-20 mr-2 overflow-hidden active relative group\">\n                    <div class=\"absolute top-0 left-0 bg-secondary-600 bg-opacity-0 w-full h-full z-10 duration-150 ease-in-out group-hover:bg-opacity-50 cursor-pointer\"><\/div>\n                    <img data-src=\"https:\/\/img.youtube.com\/vi\/28b6eVfTkco\/hqdefault.jpg\" alt=\"5 tipos de boleto Machu Picch\" width=\"150px\" height=\"84px\" class=\"lazy absolute -translate-y-3.5\" itemprop=\"image\" \/>\n                <\/div>\n                <div data-video=\"8POWzfqx4XA\" class=\"video-thumb flex-none w-36 h-20 mr-2 overflow-hidden active relative group\">\n                    <div class=\"absolute top-0 left-0 bg-secondary-600 bg-opacity-0 w-full h-full z-10 duration-150 ease-in-out group-hover:bg-opacity-50 cursor-pointer\"><\/div>\n                    <img data-src=\"https:\/\/img.youtube.com\/vi\/8POWzfqx4XA\/hqdefault.jpg\" alt=\"Monta\u00f1a 7 colores de Palccoyo\" width=\"150px\" height=\"84px\" class=\"lazy absolute -translate-y-3.5\" itemprop=\"image\" \/>\n                <\/div>\n                <div data-video=\"VXl631ON3xQ\" class=\"video-thumb flex-none w-36 h-20 mr-2 overflow-hidden active relative group\">\n                    <div class=\"absolute top-0 left-0 bg-secondary-600 bg-opacity-0 w-full h-full z-10 duration-150 ease-in-out group-hover:bg-opacity-50 cursor-pointer\"><\/div>\n                    <img data-src=\"https:\/\/img.youtube.com\/vi\/VXl631ON3xQ\/hqdefault.jpg\" alt=\"Camino inca Machu Picchu\" width=\"150px\" height=\"84px\" class=\"lazy absolute -translate-y-3.5\" itemprop=\"image\" \/>\n                <\/div>\n                <a class=\"btn btn-outline-primary show-more-videos\">Cargar m\u00e1s<\/a>\n                <\/div>\n            <\/div>\n        <\/div>\n    \r\n        <\/div>\r\n    <\/div>\r\n<\/div>\r\n<br>\r\n<div class=\"container section page-content\">\r\n    <h2 class=\"section-title text-center\">Te contamos aspectos interesantes antes de tu viaje<\/h2>\r\n    <p class=\"text-justify\">Conoce aspectos interesantes sobre la cultura y tradiciones del Cusco: sus danzas, costumbres, atractivos tur\u00edsticos y aspectos sobre el viaje. Los audios son preparados por un gu\u00eda oficial de turismo con amplia experiencia en el viaje a Cusco y Machu Picchu. <\/p>\r\n    <br>\r\n    <div class=\"mtc-box\">\r\n        <div class=\"w--60\"><div class=\"mt-audio-box relative hidden\" data-type=\"playlist\" style=\"min-height:50px\">{\"audios\":[{\"iden\":\"PkZnzI\",\"nombre\":\"\\u00bfY c\\u00f3mo ir de Cusco hasta Machu Picchu?\",\"descripcion\":\"El viaje de Cusco a Machu Picchu se puede hacer de diversas formas, aunque la m\\u00e1s c\\u00f3moda es en tren. Este trayecto toma 4 horas y recorre el valle sagrado. \",\"audio\":\"https:\\\/\\\/www.machupicchuterra.com\\\/wp-content\\\/uploads\\\/audios\\\/y_como_ir_de_cusco_hasta_machu_picchu.mp3\",\"imagen\":\"https:\\\/\\\/www.machupicchuterra.com\\\/wp-content\\\/uploads\\\/cusco-machu-picchu-audio.jpg\"},{\"iden\":\"RvYaKA\",\"nombre\":\"Tren Machupicchu 2\",\"descripcion\":\"Toda la informaci\\u00f3n del tren a Machupicchu - Cusco, cuales son todas las formas de llegar a Machupicchu\",\"audio\":\"https:\\\/\\\/www.boletomachupicchu.com\\\/gutblt\\\/wp-content\\\/uploads\\\/2019\\\/audios\\\/tren_cusco_machupicchu.mp3\",\"imagen\":\"https:\\\/\\\/www.machupicchuterra.com\\\/wp-content\\\/uploads\\\/tren-machupicchu.jpg\"},{\"iden\":\"VwuXSt\",\"nombre\":\"Bus en Machu Picchu\",\"descripcion\":\"Conviene subir en Bus a la ciudadela de Machu Picchu?\",\"audio\":\"https:\\\/\\\/www.boletomachupicchu.com\\\/gutblt\\\/wp-content\\\/uploads\\\/2019\\\/audios\\\/bus_a_machupicchu.mp3\",\"imagen\":\"https:\\\/\\\/www.machupicchuterra.com\\\/wp-content\\\/uploads\\\/busmachupicchu.jpg\"},{\"iden\":\"KXNAkd\",\"nombre\":\"Camino Inca Machu Picchu\",\"descripcion\":\"Camino inca Clasico de 4 d\\u00edas para llegar a Machu Picchu\",\"audio\":\"https:\\\/\\\/www.boletomachupicchu.com\\\/gutblt\\\/wp-content\\\/uploads\\\/2019\\\/audios\\\/camino_inca_machupicchu.mp3\",\"imagen\":\"https:\\\/\\\/www.machupicchuterra.com\\\/wp-content\\\/uploads\\\/caminoincamapi.jpg\"},{\"iden\":\"IwhzH9\",\"nombre\":\"\\u00bfDebo contratar un gu\\u00eda tur\\u00edstico en Machu Picchu?\",\"descripcion\":\"Desde el 2017, la visita a Machu Picchu es obligatoria con gu\\u00eda tur\\u00edstico. \\u00bfC\\u00f3mo conseguir uno? \\n\",\"audio\":\"https:\\\/\\\/www.machupicchuterra.com\\\/wp-content\\\/uploads\\\/audios\\\/Debo contratar un gu\\u00eda tur\\u00edstico en Machu Picchu.mp3\",\"imagen\":\"https:\\\/\\\/www.machupicchuterra.com\\\/wp-content\\\/uploads\\\/guia-machu-picchu-138x138-1.jpg\"}],\"script\":\"https:\\\/\\\/www.machupicchuterra.com\\\/es\\\/wp-content\\\/plugins\\\/mt-video-display\\\/public\\\/js\\\/wavesurfer.js\"}<\/div><\/div>\r\n        <div class=\"w--35 f--left m-auto\">\r\n            <p class=\"text-2xl font-bold text-center\">Consigue toda la informaci\u00f3n que necesitas con estos did\u00e1cticos audios<\/p>\r\n            <p class=\"text-justify\">Conoce aspectos interesantes sobre tu viaje a Cusco y Machu Picchu antes de realizar tu viaje. Un gu\u00eda tur\u00edstico oficial te cuenta c\u00f3mo son los cusque\u00f1os, c\u00f3mo viajar a los diferentes atractivos tur\u00edsticos, cu\u00e1l es la entrada que debes elegir y m\u00e1s.<\/p>\r\n            <div class=\"text-center m-t-30 m-b-15\">\r\n                <a href=\"https:\/\/www.machupicchuterra.com\/es\/audios\/\" role=\"button\" title=\"Ir a los audios\" class=\"btn btn-outline-primary\">Escuchar m\u00e1s audios<\/a>\r\n            <\/div>\r\n        <\/div>\r\n    <\/div>\r\n<\/div>\r\n<br>\r\n<div class=\"container section page-content\">\r\n    <h2 id=\"videos-audios\" class=\"section-title text-center\">Descarga gratis el libro digital \u2018Cusco y Machupicchu Gu\u00eda Completa\u2019<\/h2>\r\n    <p class=\"text-justify\">Conoce toda la informaci\u00f3n completa sobre cada uno de los atractivos tur\u00edsticos en Cusco y Machu Picchu. Descarga el libro digital de forma gratuita y ll\u00e9valo consigo durante tu viaje a Cusco. \u00a1Toda la informaci\u00f3n en tu celular! <\/p>\r\n    <br>\r\n    <div class=\"mtc-box\">\r\n        <div class=\"w--60 m-auto text-center\">\r\n            <!-- [mt_show_youtube_videos] -->\r\n            <img decoding=\"async\" src=\"https:\/\/www.machupicchuterra.com\/wp-content\/uploads\/book-machu-picchu-media-l.jpg\">\r\n        <\/div>\r\n        <div class=\"w--35 f--left mt-10\">\r\n            <p class=\"text-2xl font-bold text-center\">Descarga gratis nuestro libro digital<\/p>\r\n            <p class=\"text-justify\">En Machupicchu Terra contamos con un libro digital gratis para todas las personas, clientes o no. Solo debes descargarlo en tu m\u00f3vil o PC e informarte bien sobre todos los atractivos tur\u00edsticos del Cusco. \u00a1Inf\u00f3rmate bien!<\/p>\r\n            <!-- <div class=\"text-center p-3\"><img data-src=\"https:\/\/www.machupicchuterra.com\/wp-content\/uploads\/firma-paloma-v.png\" itemprop=\"image\" alt=\"imachupicchu\" width=\"180\" height=\"59px\" class=\"lazy\"><\/div> -->\r\n            <div class=\"text-center m-t-30 m-b-15\">\r\n                <a href=\"https:\/\/www.machupicchuterra.com\/es\/libro-cusco-machu-picchu-guia\/\" role=\"button\" title=\"Libro Machupicchu Terra\" class=\"btn btn-outline-primary\" style=\"width: 15rem;\">Ver contenido del libro<\/a>\r\n            <\/div>\r\n            <div class=\"flex items-center justify-center\">\r\n                <div class=\"my-5 p-3\"><img decoding=\"async\" src=\"https:\/\/www.machupicchuterra.com\/wp-content\/uploads\/logo-picaflor-i.png\" alt=\"machupicchuterra\" width=\"150\"><\/div>\r\n                <div class=\"my-5 p-3\"><img decoding=\"async\" src=\"https:\/\/www.machupicchuterra.com\/wp-content\/uploads\/imachupicchu-logo-i.png\" alt=\"imachupicchu\" width=\"150\"><\/div>\r\n            <\/div>\r\n        <\/div>\r\n    <\/div>\r\n<\/div>\r\n<br>\r\n<div class=\"container section page-content\">\r\n    <h2 id=\"videos-audios\" class=\"section-title text-center\">Recorre Cusco desde la comodidad de tu casa con nuestra herramienta 360\u00b0<\/h2>\r\n    <p class=\"text-justify\">En Machupicchu Terra hemos creado recorridos virtuales por los principales atractivos tur\u00edsticos de Cusco y el Per\u00fa. As\u00ed podr\u00e1s hacer un recorrido digital muy interesante antes de realizar el viaje real a los distintos atractivos tur\u00edsticos.<\/p>\r\n    <br>\r\n    <div class=\"mtc-box\">\r\n        <div class=\"w--35 m-auto\">\r\n            <p class=\"text-2xl font-bold text-center\">As\u00ed son las calles del Cusco en un recorrido en 360\u00b0<\/p>\r\n            <p class=\"text-justify\">Con un solo clic puedes recorrer digitalmente las hist\u00f3ricas calles del Cusco. Nuestras galerias 360\u00b0 te permite sumergirte por un instante en los atractivos tur\u00edsticos m\u00e1s populares de Cusco y el Per\u00fa.<\/p>\r\n            <div class=\"text-center m-t-30 m-b-15\">\r\n                <span role=\"button\" title=\"Ir a los audios\" class=\"btn btn-outline-primary\">Ver m\u00e1s recorridos en 360\u00b0<\/span>\r\n            <\/div>\r\n            <div class=\"flex items-center justify-center\">\r\n                <div class=\"my-5 p-3\"><img decoding=\"async\" src=\"https:\/\/www.machupicchuterra.com\/wp-content\/uploads\/logo-picaflor-i.png\" alt=\"machupicchuterra\" width=\"150\"><\/div>\r\n                <div class=\"my-5 p-3\"><img decoding=\"async\" src=\"https:\/\/www.machupicchuterra.com\/wp-content\/uploads\/360-galeria-i.png\" alt=\"360 machupicchuterra\" width=\"80\"><\/div>\r\n            <\/div>\r\n        <\/div>\r\n        <div class=\"w--60 f--left\">\r\n            <div class=\"mtc-video-wrapper\">\r\n                <div class=\"mtg-inline-container\" data-album=\"392\" data-shortcode=\"184\" data-image=\"3083\" data-cdn=\"https:\/\/d30oa1noalw1jv.cloudfront.net\" data-theme=\"1\" data-auth=\"0\"><\/div><div id=\"mtg-custom-html-184\" style=\"display:none;overflow-x:hidden;\"><\/div>\r\n            <\/div>\r\n        <\/div>\r\n    <\/div>\r\n<\/div>\r\n<br>\r\n<div class=\"container\">\r\n    <div class=\"section page-content\">\r\n        <h2 id=\"machupicchu\" class=\"text-center m-b-20\">Videos did\u00e1cticos que te motivan a viajar<\/h2>\r\n        <p class=\"f-z-16 text-center\"><em>En Machupicchu Terra contamos con videos did\u00e1cticos que te motivan a conocer los principales destinos de Machu Picchu, Cusco y el Per\u00fa. Cada atractivo tur\u00edstico ofrece una experiencia distinta que vale la pena disfrutar. <\/em><\/p>\r\n        <div class=\"cards-a-wrapper m-t-30\">\r\n            <div class=\"mt-video-box bg-gray-50 rounded-md hidden p-2 my-4 border border-gray-100\" data-type=\"playlist\" show-title=\"si\">[{\"iden\":\"bvP0jN\",\"titulo\":\"El tren Expedition en el viaje a Machu Picchu\",\"descripcion\":\"El viaje en tren Expedition de Peru Rail es el servicio tur\\u00edstico m\\u00e1s econ\\u00f3mico con rumbo a Machu Picchu. \\n\",\"sd\":\"https:\\\/\\\/media.machupicchuterra.com\\\/uploads\\\/videos\\\/1670363972_tren-expedition-i-720.mp4\",\"hd\":\"https:\\\/\\\/media.machupicchuterra.com\\\/uploads\\\/videos\\\/1670364025_tren-expedition-1280.mp4\",\"fhd\":\"https:\\\/\\\/media.machupicchuterra.com\\\/uploads\\\/videos\\\/7587699879_tren_expedition.mp4\",\"imagen\":\"https:\\\/\\\/d3ek4ixtocbk6j.cloudfront.net\\\/Pl5tKkYEtgJOz4cunEcyTAVUogSwL1\\\/trenexpeditionvideo1-700.jpg\",\"ajax\":\"1\"},{\"iden\":\"lb6ccS\",\"titulo\":\"As\\u00ed es Machu Picchu\",\"sd\":\"https:\\\/\\\/media.machupicchuterra.com\\\/uploads\\\/videos\\\/1670345866_machupicchui-720.mp4\",\"hd\":\"https:\\\/\\\/media.machupicchuterra.com\\\/uploads\\\/videos\\\/1670346075_machupicchui-1280.mp4\",\"fhd\":\"https:\\\/\\\/media.machupicchuterra.com\\\/uploads\\\/videos\\\/1414884326_machupicchui.mp4\",\"imagen\":\"https:\\\/\\\/d3ek4ixtocbk6j.cloudfront.net\\\/XTcQEWA26NHE7YiWV6IZ1Z1aERBQiy\\\/machupicchurecorridovideo-700.jpg\",\"ajax\":\"1\",\"descripcion\":\"El Imperio de los Incas se estableci\\u00f3 en Cusco aproximadamente en el a\\u00f1o 1,200 D.C. Su origen se da en relaci\\u00f3n a dos famosas leyendas: a) La leyenda de Manco C\\u00e1pac y Mama Ocllo\"},{\"iden\":\"nmjTEI\",\"titulo\":\"\\u00bfC\\u00f3mo es el pueblo de Aguas Calientes?\",\"descripcion\":\"Aguas Calientes es el poblado m\\u00e1s pr\\u00f3ximo a Machu Picchu, por lo que cuenta con hoteles, restaurantes y m\\u00e1s. \\n\",\"sd\":\"https:\\\/\\\/media.machupicchuterra.com\\\/uploads\\\/videos\\\/1670347828_aguas-calientes-i-720.mp4\",\"hd\":\"https:\\\/\\\/media.machupicchuterra.com\\\/uploads\\\/videos\\\/1670347887_aguas-calientes-i-1280.mp4\",\"fhd\":\"https:\\\/\\\/media.machupicchuterra.com\\\/uploads\\\/videos\\\/3978152115_aguas_calientes_i.mp4\",\"imagen\":\"https:\\\/\\\/d3ek4ixtocbk6j.cloudfront.net\\\/wPhCG27CyIoX9SQDGItMIBLoYbWYI4\\\/aguascalientesvideo-700.jpg\",\"ajax\":\"1\"},{\"iden\":\"tlCcPZ\",\"titulo\":\"Ciudad de Cusco\",\"sd\":\"https:\\\/\\\/media.machupicchuterra.com\\\/uploads\\\/videos\\\/1670347069_ciudad-cusco-i-720.mp4\",\"hd\":\"https:\\\/\\\/media.machupicchuterra.com\\\/uploads\\\/videos\\\/1670347123_ciudad-cusco-i-1280.mp4\",\"fhd\":\"https:\\\/\\\/media.machupicchuterra.com\\\/uploads\\\/videos\\\/5262946479_ciudad_cusco_i.mp4\",\"imagen\":\"https:\\\/\\\/d3ek4ixtocbk6j.cloudfront.net\\\/cx0Fodj6QKEnpekEZTC5p1WH98nZJ9\\\/ciudaddelcuscovideo-700.jpg\",\"ajax\":\"1\",\"descripcion\":\"Cusco es una de las ciudades m\\u00e1s incre\\u00edbles de Am\\u00e9rica del Sur y uno de los principales destinos del mundo. Su nombre \\u2018Qosqo\\u2019 quiere decir \\u2018Ombligo del mundo\\u2019 en la lengua de los incas, el quechua.\"}]<\/div>\r\n        <\/div>\r\n        <!-- <div class=\"text-center\"><a href=\"https:\/\/www.machupicchuterra.com\/es\/videos\/\" role=\"button\" title=\"Videos MachupicchuTerra\" class=\"btn btn-outline-primary js-button-download\" style=\"width: 250px;\">Ver mas videos<\/a><\/div> -->\r\n        <div class=\"text-center m-t-30 m-b-15\">\r\n            <a href=\"https:\/\/www.machupicchuterra.com\/es\/videos\/\" role=\"button\" title=\"Videos Machupicchuterra\" class=\"btn btn-outline-primary\" style=\"width: 15rem;\">Ver m\u00e1s videos<\/a>\r\n        <\/div>\r\n    <\/div>\r\n<\/div>","protected":false},"excerpt":{"rendered":"Herramientas multimedia \u2013 Machupicchu Terra Explora cada atractivo tur\u00edstico del cusco y el per\u00fa En Machupicchu Terra creamos una herramienta multimedia que facilita la navegaci\u00f3n por cada atractivo tur\u00edstico de Cusco y el Per\u00fa. Ubica el destino que quieres conocer e inf\u00f3rmate de manera f\u00e1cil y did\u00e1ctica. Encuentra el destino tur\u00edstico de tu preferencia e [&hellip;]","protected":false},"author":1,"featured_media":0,"parent":0,"menu_order":0,"comment_status":"closed","ping_status":"closed","template":"page-banner-video.php","meta":{"footnotes":""},"class_list":["post-6156","page","type-page","status-publish","hentry"],"_links":{"self":[{"href":"https:\/\/www.machupicchuterra.com\/es\/wp-json\/wp\/v2\/pages\/6156","targetHints":{"allow":["GET"]}}],"collection":[{"href":"https:\/\/www.machupicchuterra.com\/es\/wp-json\/wp\/v2\/pages"}],"about":[{"href":"https:\/\/www.machupicchuterra.com\/es\/wp-json\/wp\/v2\/types\/page"}],"author":[{"embeddable":true,"href":"https:\/\/www.machupicchuterra.com\/es\/wp-json\/wp\/v2\/users\/1"}],"replies":[{"embeddable":true,"href":"https:\/\/www.machupicchuterra.com\/es\/wp-json\/wp\/v2\/comments?post=6156"}],"version-history":[{"count":61,"href":"https:\/\/www.machupicchuterra.com\/es\/wp-json\/wp\/v2\/pages\/6156\/revisions"}],"predecessor-version":[{"id":9834,"href":"https:\/\/www.machupicchuterra.com\/es\/wp-json\/wp\/v2\/pages\/6156\/revisions\/9834"}],"wp:attachment":[{"href":"https:\/\/www.machupicchuterra.com\/es\/wp-json\/wp\/v2\/media?parent=6156"}],"curies":[{"name":"wp","href":"https:\/\/api.w.org\/{rel}","templated":true}]}}