{"id":5804,"date":"2023-01-06T19:15:32","date_gmt":"2023-01-06T19:15:32","guid":{"rendered":"https:\/\/www.machupicchuterra.com\/es\/?page_id=5804"},"modified":"2025-09-01T22:47:51","modified_gmt":"2025-09-01T22:47:51","slug":"reservar-tour-inti-raymi-full-day","status":"publish","type":"page","link":"https:\/\/www.machupicchuterra.com\/es\/reservar-tour-inti-raymi-full-day\/","title":{"rendered":"Formulario para reservar el Tour Inti Raymi Full Day"},"content":{"rendered":"<div class=\"container\">\r\n<!-- ------------------------- -->\r\n\r\n<div class=\"reasons-wrapper\">\r\n    <!-- <div style=\"border: 1px solid #0c70fc; padding: 15px 30px;\">\r\n        <h3 class=\"text-center reason__title\">COMUNICADO \u2013 TOUR INTI RAYMI 2025 (MACHUPICCU TERRA)<\/h3>\r\n        <p><i>La agencia de turismo Machupicchu Terra, desea informar lo siguiente para nuestros clientes en general:<\/i><\/p>\r\n        <ul class=\"reasons__list text-justify\">\r\n            <li class=\"reasons__list__item\">\r\n                <p class=\"reasons__list__item__description\"><span class=\"reasons__list__item__icon\"><i class=\"mkicon-checkmark\"><\/i><\/span> <b>El tour INTI RAYMI 2025 COMPLETO, se encuentra sin disponibilidad<\/b>. Hacemos \u00e9nfasis en el servicio que incluye: guiado, transporte y box lunch.<\/p>\r\n            <\/li>\r\n            <li class=\"reasons__list__item\">\r\n                <p class=\"reasons__list__item__description\"><span class=\"reasons__list__item__icon\"><i class=\"mkicon-checkmark\"><\/i><\/span> <b>As\u00ed mismo, nuestros otros servicios como transporte y butacas, se encuentran sin disponibilidad<\/b>.<\/p>\r\n            <\/li>\r\n            <li class=\"reasons__list__item\">\r\n                <p class=\"reasons__list__item__description\"><span class=\"reasons__list__item__icon\"><i class=\"mkicon-checkmark\"><\/i><\/span> Tambi\u00e9n queremos informar que puede adquirir otros tours en Cusco y conectar con Machu Picchu, seg\u00fan disponibilidad.<\/p>\r\n            <\/li>\r\n            <li class=\"reasons__list__item\">\r\n                <p class=\"reasons__list__item__description\"><span class=\"reasons__list__item__icon\"><i class=\"mkicon-checkmark\"><\/i><\/span> A todos nuestros clientes desearles un feliz viaje y que el Inti Raymi se convierta en una experiencia inolvidable. <\/p>\r\n            <\/li>\r\n        <\/ul>\r\n    <\/div> -->\r\n    <br>\r\n    <div class=\"mt-fmv-form-render fm-form-container\" id=\"fmv_data_id\"><form-container :data=\"render\" :loading=\"loading\" :current=\"current\" :submited=\"submited\" :settings=\"settings\" :nosolved=\"showCaptchaError\" :sending=\"sending\" :pre-upload=\"preUpload\" :show-preview-data=\"showPreviewData\" :show-submit-buttons=\"showSubmitButtons\" :fid=\"fid\" :preview-data-content=\"previewDataContent\" :change-register-section=\"changeRegisterSection\" :is-login=\"isLogin\" :payments=\"payments\" :translates=\"translates\" :type=\"type\" :message=\"message\"><\/form-container><\/div>\r\n    <br>\r\n    <br>\r\n<\/div>\r\n<!-- -------------------------- -->\r\n    <!-- <h2 class=\"mt-10\">Beneficios del tour Inti Raymi<\/h2>\r\n    <ul class=\"text-justify\">\r\n        <li>El tour permite apreciar el Inti Raymi (24 de junio) en un servicio todo incluido. <\/li>\r\n        <li>El tour incluye entrada a butaca en Sacsayhuam\u00e1n. El turista podr\u00e1 elegir el asiento que m\u00e1s le conviene. <\/li>\r\n        <li>De forma opcional puedes a\u00f1adir el ingreso a las pocas butacas para el show en Coricancha. <\/li>\r\n        <li>Incluye transporte completo, gu\u00eda profesional biling\u00fce, almuerzo box lunch y servicio personalizado en todo momento. <\/li>\r\n        <li>\u00a1Compra el tour Inti Raymi online 100% seguro! \u00a1Vive la fiesta del Inti Raymi con los mejores! <\/li>\r\n    <\/ul> -->\r\n    <!-- <br>\r\n    [mt_fmv_template id='28']\r\n    <br>\r\n    <br>\r\n    <br> \r\n<\/div>-->","protected":false},"excerpt":{"rendered":"","protected":false},"author":1,"featured_media":0,"parent":0,"menu_order":0,"comment_status":"closed","ping_status":"closed","template":"","meta":{"footnotes":""},"class_list":["post-5804","page","type-page","status-publish","hentry"],"_links":{"self":[{"href":"https:\/\/www.machupicchuterra.com\/es\/wp-json\/wp\/v2\/pages\/5804","targetHints":{"allow":["GET"]}}],"collection":[{"href":"https:\/\/www.machupicchuterra.com\/es\/wp-json\/wp\/v2\/pages"}],"about":[{"href":"https:\/\/www.machupicchuterra.com\/es\/wp-json\/wp\/v2\/types\/page"}],"author":[{"embeddable":true,"href":"https:\/\/www.machupicchuterra.com\/es\/wp-json\/wp\/v2\/users\/1"}],"replies":[{"embeddable":true,"href":"https:\/\/www.machupicchuterra.com\/es\/wp-json\/wp\/v2\/comments?post=5804"}],"version-history":[{"count":14,"href":"https:\/\/www.machupicchuterra.com\/es\/wp-json\/wp\/v2\/pages\/5804\/revisions"}],"predecessor-version":[{"id":17645,"href":"https:\/\/www.machupicchuterra.com\/es\/wp-json\/wp\/v2\/pages\/5804\/revisions\/17645"}],"wp:attachment":[{"href":"https:\/\/www.machupicchuterra.com\/es\/wp-json\/wp\/v2\/media?parent=5804"}],"curies":[{"name":"wp","href":"https:\/\/api.w.org\/{rel}","templated":true}]}}