{"id":3046,"date":"2021-04-19T19:57:09","date_gmt":"2021-04-19T19:57:09","guid":{"rendered":"https:\/\/www.machupicchuterra.com\/es\/?page_id=3046"},"modified":"2024-08-26T17:06:29","modified_gmt":"2024-08-26T17:06:29","slug":"guia","status":"publish","type":"page","link":"https:\/\/www.machupicchuterra.com\/es\/guia\/","title":{"rendered":"Gu\u00eda de viaje: Machu Picchu, Cusco, y el Per\u00fa"},"content":{"rendered":"<div class=\"banner\" data-video-src=\"https:\/\/media.machupicchuterra.com\/uploads\/videos\/1689375375_blog-banner.mp4\" data-has-video=\"true\">\r\n            <div class=\"relative w-full banner-video overflow-hidden bg-black\">\r\n                <video class=\"absolute video-autoplay hidden\" poster=\"https:\/\/media.machupicchuterra.com\/uploads\/images\/1689375466_blog-banner-foto.jpg\" muted loop style=\"display: none;\">\r\n                    <source src=\"https:\/\/media.machupicchuterra.com\/uploads\/videos\/1689375375_blog-banner.mp4\" type=\"video\/mp4\">\r\n                <\/video>\r\n                <img decoding=\"async\" class=\"w-full h-full object-cover banner-poster\" src=\"https:\/\/media.machupicchuterra.com\/uploads\/images\/1689375466_blog-banner-foto.jpg\" alt=\"Art\u00edculos de Viaje Per\u00fa\">\r\n                <div class=\"absolute top-0 left-0 w-full h-full flex flex-col justify-center items-center banner-content\">\r\n                    \r\n                    <h1 class=\"text-white text-video p-3\"><span class=\"text-year\">Art\u00edculos de Viaje Per\u00fa<\/span><\/h1>\r\n                    <p class=\"text-white section-title-36 text-center m-b-20\"><\/p>\r\n                    \r\n                    \r\n                    \r\n                    \r\n                <\/div>\r\n            <\/div>\r\n        <\/div>\r\n<div class=\"container\">\r\n    <div class=\"section\">\r\n        <h1 class=\"font-bold text-center m-b-20\">Gu\u00eda de viaje: Machu Picchu, Cusco, y el Per\u00fa<\/h1>\r\n        <p class=\"main-paragraph p-b-30\">\u00bfPiensas viajar al Per\u00fa? Conoce detalles de los precios, itinerarios, hoteles, restaurantes y mucho m\u00e1s. Esta gu\u00eda del viajero es una herramienta \u00fatil para poder conocer Machu Picchu, Cusco, Arequipa y todo el Per\u00fa con seguridad de que toda saldr\u00e1 perfecto. \u00a1Buen viaje!<\/p>\r\n        <div class=\"mt-filter-order-by cards-j-wrapper\" id=\"order_by_guide\">\r\n    <div class=\"div-order-by px-4 py-3\">\r\n        <h2 class=\"text-xl\">\r\n            Destinos :\r\n        <\/h2>\r\n        <label class=\"nput-radio btn-primary m-4\"><input type=\"radio\" value=\"any\" name=\"destination\">Todos<\/label>\n            <label class=\"nput-radio btn-primary m-4\"><input type=\"radio\" value=\"all\" name=\"destination\">Per\u00fa<\/label><label class=\"input-radio btn-primary m-4\"><input type=\"radio\" value=\"6902\" name=\"destination\">Cusco<\/label><label class=\"input-radio btn-primary m-4\"><input type=\"radio\" value=\"6940\" name=\"destination\">Arequipa<\/label><label class=\"input-radio btn-primary m-4\"><input type=\"radio\" value=\"7158\" name=\"destination\">Lima<\/label>    <\/div>\r\n    <div class=\"div-order-by\">\r\n        <h2 class=\"text-xl\">\r\n            Ordenar por :\r\n        <\/h2>\r\n\r\n        <label class=\"input-radio btn-primary m-4\">\r\n            <input type=\"radio\" value=\"lasts\" name=\"order_by\" \/>\r\n            M\u00e1s reciente        <\/label>\r\n\r\n\r\n        <label class=\"input-radio btn-primary m-4\">\r\n            <input type=\"radio\" value=\"more_view\" name=\"order_by\">\r\n            M\u00e1s visto        <\/label>\r\n\r\n    <\/div>\r\n<\/div>\r\n<div class=\"mt-filter-results relative\">\r\n    <div id=\"mt_bg_trans\"><\/div>\r\n    <div class=\"card-m-rows min-h250\" id=\"mt_filter_content\"><\/div>\r\n    <div class=\"mt-pagination\" id=\"mt_filter_pagination\"><\/div>\r\n    <div id=\"mt_bg_trans_result\" class=\"card-overlay center-overlay\">\r\n        <svg width=\"105\" height=\"105\" viewBox=\"0 0 105 105\" xmlns=\"http:\/\/www.w3.org\/2000\/svg\" fill=\"#fff\">\r\n            <circle cx=\"12.5\" cy=\"12.5\" r=\"12.5\">\r\n                <animate attributeName=\"fill-opacity\" begin=\"0s\" dur=\"1s\" values=\"1;.2;1\" calcMode=\"linear\" repeatCount=\"indefinite\" \/>\r\n            <\/circle>\r\n            <circle cx=\"12.5\" cy=\"52.5\" r=\"12.5\" fill-opacity=\".5\">\r\n                <animate attributeName=\"fill-opacity\" begin=\"100ms\" dur=\"1s\" values=\"1;.2;1\" calcMode=\"linear\" repeatCount=\"indefinite\" \/>\r\n            <\/circle>\r\n            <circle cx=\"52.5\" cy=\"12.5\" r=\"12.5\">\r\n                <animate attributeName=\"fill-opacity\" begin=\"300ms\" dur=\"1s\" values=\"1;.2;1\" calcMode=\"linear\" repeatCount=\"indefinite\" \/>\r\n            <\/circle>\r\n            <circle cx=\"52.5\" cy=\"52.5\" r=\"12.5\">\r\n                <animate attributeName=\"fill-opacity\" begin=\"600ms\" dur=\"1s\" values=\"1;.2;1\" calcMode=\"linear\" repeatCount=\"indefinite\" \/>\r\n            <\/circle>\r\n            <circle cx=\"92.5\" cy=\"12.5\" r=\"12.5\">\r\n                <animate attributeName=\"fill-opacity\" begin=\"800ms\" dur=\"1s\" values=\"1;.2;1\" calcMode=\"linear\" repeatCount=\"indefinite\" \/>\r\n            <\/circle>\r\n            <circle cx=\"92.5\" cy=\"52.5\" r=\"12.5\">\r\n                <animate attributeName=\"fill-opacity\" begin=\"400ms\" dur=\"1s\" values=\"1;.2;1\" calcMode=\"linear\" repeatCount=\"indefinite\" \/>\r\n            <\/circle>\r\n            <circle cx=\"12.5\" cy=\"92.5\" r=\"12.5\">\r\n                <animate attributeName=\"fill-opacity\" begin=\"700ms\" dur=\"1s\" values=\"1;.2;1\" calcMode=\"linear\" repeatCount=\"indefinite\" \/>\r\n            <\/circle>\r\n            <circle cx=\"52.5\" cy=\"92.5\" r=\"12.5\">\r\n                <animate attributeName=\"fill-opacity\" begin=\"500ms\" dur=\"1s\" values=\"1;.2;1\" calcMode=\"linear\" repeatCount=\"indefinite\" \/>\r\n            <\/circle>\r\n            <circle cx=\"92.5\" cy=\"92.5\" r=\"12.5\">\r\n                <animate attributeName=\"fill-opacity\" begin=\"200ms\" dur=\"1s\" values=\"1;.2;1\" calcMode=\"linear\" repeatCount=\"indefinite\" \/>\r\n            <\/circle>\r\n        <\/svg>\r\n    <\/div>\r\n<\/div>\r\n    <\/div>\r\n    <div class=\"section\">\r\n        \r\n        <h2 class=\"m-b-20\">Preguntas Frecuentes<\/h2>\r\n        <div class=\"f-z-16\">\r\n            <div class=\"mtc-faq\">\r\n                <h4 class=\"mtc-faq__title font-medium\">\u00bfC\u00f3mo viajar a Cusco? <svg class=\"arrow-down\" viewBox=\"0 0 128 128\" role=\"presentation\" aria-hidden=\"true\" focusable=\"false\" width=\"24px\" height=\"24px\">\r\n                             <path fill=\"currentColor\" d=\"M64 88L33.2 57.2a4 4 0 0 1 5.6-5.7L64 76.7l25.2-25.2a4 4 0 0 1 5.6 5.7z\"><\/path>\r\n                         <\/svg><\/h4>\r\n                <div class=\"mtc-faq__content\">\r\n                    <p>Cusco est\u00e1 en el coraz\u00f3n de la Cordillera de los Andes en Per\u00fa. Desde cualquier pa\u00eds del mundo puede llegar con un primer viaje a la ciudad de Lima. Luego, en un viaje en avi\u00f3n (1 hora) o en bus (20 horas) hacia la ciudad del Cusco. <\/p>\r\n                <\/div>\r\n            <\/div>\r\n            <div class=\"mtc-faq\">\r\n                <h4 class=\"mtc-faq__title font-medium\">\u00bfCu\u00e1nto cuesta la entrada a Machu Picchu? <svg class=\"arrow-down\" viewBox=\"0 0 128 128\" role=\"presentation\" aria-hidden=\"true\" focusable=\"false\" width=\"24px\" height=\"24px\">\r\n                             <path fill=\"currentColor\" d=\"M64 88L33.2 57.2a4 4 0 0 1 5.6-5.7L64 76.7l25.2-25.2a4 4 0 0 1 5.6 5.7z\"><\/path>\r\n                         <\/svg><\/h4>\r\n                <div class=\"mtc-faq__content\">\r\n                    <p>Si bien muchos viajeros visitan Machu Picchu con un tour todo incluido. Tambi\u00e9n es posible ir por propia cuenta. Para ello es necesario adquirir la entrada a Machu Picchu que tiene un costo de 152 soles peruanos (47 d\u00f3lares, aproximadamente).  <\/p>\r\n                <\/div>\r\n            <\/div>\r\n            <div class=\"mtc-faq\">\r\n                <h4 class=\"mtc-faq__title font-medium\">\u00bfCu\u00e1nto cuesta la entrada al ca\u00f1\u00f3n del Colca? <svg class=\"arrow-down\" viewBox=\"0 0 128 128\" role=\"presentation\" aria-hidden=\"true\" focusable=\"false\" width=\"24px\" height=\"24px\">\r\n                             <path fill=\"currentColor\" d=\"M64 88L33.2 57.2a4 4 0 0 1 5.6-5.7L64 76.7l25.2-25.2a4 4 0 0 1 5.6 5.7z\"><\/path>\r\n                         <\/svg><\/h4>\r\n                <div class=\"mtc-faq__content\">\r\n                    <p>El boleto de ingreso al ca\u00f1\u00f3n del Colca (en Arequipa) y sus distintos miradores cuesta 70 soles peruanos (22 d\u00f3lares, aproximadamente).  <\/p>\r\n                <\/div>\r\n            <\/div>\r\n            <div class=\"mtc-faq\">\r\n                <h4 class=\"mtc-faq__title font-medium\">\u00bfC\u00f3mo es el clima en Per\u00fa? <svg class=\"arrow-down\" viewBox=\"0 0 128 128\" role=\"presentation\" aria-hidden=\"true\" focusable=\"false\" width=\"24px\" height=\"24px\">\r\n                             <path fill=\"currentColor\" d=\"M64 88L33.2 57.2a4 4 0 0 1 5.6-5.7L64 76.7l25.2-25.2a4 4 0 0 1 5.6 5.7z\"><\/path>\r\n                         <\/svg><\/h4>\r\n                <div class=\"mtc-faq__content\">\r\n                    <p>Per\u00fa posee un clima muy diverso. La costa es templada y h\u00fameda. La sierra, fr\u00eda. La selva calurosa. As\u00ed mismo, en cada regi\u00f3n puede encontrarse con microclimas tambi\u00e9n diversos.  <\/p>\r\n                <\/div>\r\n            <\/div>\r\n            <div class=\"mtc-faq\">\r\n                <h4 class=\"mtc-faq__title font-medium\">\u00bfCu\u00e1l es la moneda de Per\u00fa? \u00bfCu\u00e1nto vale? <svg class=\"arrow-down\" viewBox=\"0 0 128 128\" role=\"presentation\" aria-hidden=\"true\" focusable=\"false\" width=\"24px\" height=\"24px\">\r\n                             <path fill=\"currentColor\" d=\"M64 88L33.2 57.2a4 4 0 0 1 5.6-5.7L64 76.7l25.2-25.2a4 4 0 0 1 5.6 5.7z\"><\/path>\r\n                         <\/svg><\/h4>\r\n                <div class=\"mtc-faq__content\">\r\n                    <p>La moneda del Per\u00fa es el \u2018Nuevo sol peruano\u2019 cuyo valor es de la tercera parte de un d\u00f3lar americano.  <\/p>\r\n                <\/div>\r\n            <\/div>\r\n            <div class=\"mtc-faq\">\r\n                <h4 class=\"mtc-faq__title font-medium\">\u00bfQu\u00e9 idiomas se hablan en Per\u00fa? <svg class=\"arrow-down\" viewBox=\"0 0 128 128\" role=\"presentation\" aria-hidden=\"true\" focusable=\"false\" width=\"24px\" height=\"24px\">\r\n                             <path fill=\"currentColor\" d=\"M64 88L33.2 57.2a4 4 0 0 1 5.6-5.7L64 76.7l25.2-25.2a4 4 0 0 1 5.6 5.7z\"><\/path>\r\n                         <\/svg><\/h4>\r\n                <div class=\"mtc-faq__content\">\r\n                    <p>El Per\u00fa posee una diversidad de lenguas. La ley se\u00f1ala como lengua oficial al espa\u00f1ol y, en las zonas donde predominen, el quechua, el aimara y las dem\u00e1s lenguas abor\u00edgenes del pa\u00eds. <\/p>\r\n                <\/div>\r\n            <\/div>\r\n            <div class=\"mtc-faq\">\r\n                <h4 class=\"mtc-faq__title font-medium\">\u00bfHay altas tazas de delincuencia en Per\u00fa? <svg class=\"arrow-down\" viewBox=\"0 0 128 128\" role=\"presentation\" aria-hidden=\"true\" focusable=\"false\" width=\"24px\" height=\"24px\">\r\n                             <path fill=\"currentColor\" d=\"M64 88L33.2 57.2a4 4 0 0 1 5.6-5.7L64 76.7l25.2-25.2a4 4 0 0 1 5.6 5.7z\"><\/path>\r\n                         <\/svg><\/h4>\r\n                <div class=\"mtc-faq__content\">\r\n                    <p>La delincuencia es uno de los problemas m\u00e1s preocupantes en Per\u00fa. Sin embargo, esta se concentra principalmente en la capital (Lima) y en algunas ciudades del norte del pa\u00eds. Cusco, Arequipa y otras regiones sure\u00f1as poseen bajas tazas de delincuencia. <\/p>\r\n                <\/div>\r\n            <\/div>\r\n            <div class=\"mtc-faq\">\r\n                <h4 class=\"mtc-faq__title font-medium\">\u00bfA qu\u00e9 altura est\u00e1 Cusco? <svg class=\"arrow-down\" viewBox=\"0 0 128 128\" role=\"presentation\" aria-hidden=\"true\" focusable=\"false\" width=\"24px\" height=\"24px\">\r\n                             <path fill=\"currentColor\" d=\"M64 88L33.2 57.2a4 4 0 0 1 5.6-5.7L64 76.7l25.2-25.2a4 4 0 0 1 5.6 5.7z\"><\/path>\r\n                         <\/svg><\/h4>\r\n                <div class=\"mtc-faq__content\">\r\n                    <p>La ciudad del Cusco, capital del imperio inca, est\u00e1 a 3,399 metros sobre el nivel del mar.  <\/p>\r\n                <\/div>\r\n            <\/div>\r\n            <div class=\"mtc-faq\">\r\n                <h4 class=\"mtc-faq__title font-medium\">\u00bfC\u00f3mo es la geograf\u00eda en Per\u00fa? <svg class=\"arrow-down\" viewBox=\"0 0 128 128\" role=\"presentation\" aria-hidden=\"true\" focusable=\"false\" width=\"24px\" height=\"24px\">\r\n                             <path fill=\"currentColor\" d=\"M64 88L33.2 57.2a4 4 0 0 1 5.6-5.7L64 76.7l25.2-25.2a4 4 0 0 1 5.6 5.7z\"><\/path>\r\n                         <\/svg><\/h4>\r\n                <div class=\"mtc-faq__content\">\r\n                    <p>Per\u00fa posee una geograf\u00eda diversa caracterizada por una costa \u00e1rida (oc\u00e9ano Pac\u00edfico), la largu\u00edsima Cordillera de los Andes y la inmensa selva amaz\u00f3nica.   <\/p>\r\n                <\/div>\r\n            <\/div>\r\n            <div class=\"mtc-faq\">\r\n                <h4 class=\"mtc-faq__title font-medium\">\u00bfC\u00f3mo hacer el famoso Camino Inca a Machu Picchu? <svg class=\"arrow-down\" viewBox=\"0 0 128 128\" role=\"presentation\" aria-hidden=\"true\" focusable=\"false\" width=\"24px\" height=\"24px\">\r\n                             <path fill=\"currentColor\" d=\"M64 88L33.2 57.2a4 4 0 0 1 5.6-5.7L64 76.7l25.2-25.2a4 4 0 0 1 5.6 5.7z\"><\/path>\r\n                         <\/svg><\/h4>\r\n                <div class=\"mtc-faq__content\">\r\n                    <p>El Camino Inca de 4 d\u00edas a Machu Picchu se debe comprar con una agencia de turismo por internet. Son tantos los visitantes que desean realizar esta ruta de senderismo que es necesario hacer la compra con 6 \u00f3 7 meses de anticipaci\u00f3n.   <\/p>\r\n                <\/div>\r\n            <\/div>\r\n        <\/div>\r\n    <\/div>\r\n<\/div>","protected":false},"excerpt":{"rendered":"Gu\u00eda de viaje: Machu Picchu, Cusco, y el Per\u00fa \u00bfPiensas viajar al Per\u00fa? Conoce detalles de los precios, itinerarios, hoteles, restaurantes y mucho m\u00e1s. Esta gu\u00eda del viajero es una herramienta \u00fatil para poder conocer Machu Picchu, Cusco, Arequipa y todo el Per\u00fa con seguridad de que toda saldr\u00e1 perfecto. \u00a1Buen viaje! Preguntas Frecuentes \u00bfC\u00f3mo [&hellip;]","protected":false},"author":1,"featured_media":0,"parent":0,"menu_order":0,"comment_status":"closed","ping_status":"closed","template":"page-banner-video.php","meta":{"footnotes":""},"class_list":["post-3046","page","type-page","status-publish","hentry"],"_links":{"self":[{"href":"https:\/\/www.machupicchuterra.com\/es\/wp-json\/wp\/v2\/pages\/3046","targetHints":{"allow":["GET"]}}],"collection":[{"href":"https:\/\/www.machupicchuterra.com\/es\/wp-json\/wp\/v2\/pages"}],"about":[{"href":"https:\/\/www.machupicchuterra.com\/es\/wp-json\/wp\/v2\/types\/page"}],"author":[{"embeddable":true,"href":"https:\/\/www.machupicchuterra.com\/es\/wp-json\/wp\/v2\/users\/1"}],"replies":[{"embeddable":true,"href":"https:\/\/www.machupicchuterra.com\/es\/wp-json\/wp\/v2\/comments?post=3046"}],"version-history":[{"count":9,"href":"https:\/\/www.machupicchuterra.com\/es\/wp-json\/wp\/v2\/pages\/3046\/revisions"}],"predecessor-version":[{"id":10069,"href":"https:\/\/www.machupicchuterra.com\/es\/wp-json\/wp\/v2\/pages\/3046\/revisions\/10069"}],"wp:attachment":[{"href":"https:\/\/www.machupicchuterra.com\/es\/wp-json\/wp\/v2\/media?parent=3046"}],"curies":[{"name":"wp","href":"https:\/\/api.w.org\/{rel}","templated":true}]}}