{"id":11346,"date":"2023-09-04T21:47:08","date_gmt":"2023-09-04T21:47:08","guid":{"rendered":"https:\/\/www.machupicchuterra.com\/es\/?page_id=11346"},"modified":"2023-09-09T16:30:55","modified_gmt":"2023-09-09T16:30:55","slug":"alcances-politicas-calidad","status":"publish","type":"page","link":"https:\/\/www.machupicchuterra.com\/es\/alcances-politicas-calidad\/","title":{"rendered":"Alcances de las Pol\u00edticas de Calidad"},"content":{"rendered":"<div class=\"container-900 page-content\">\r\n    <!-- <p class=\"text-sm text-right mt-3\"><i>\u00daltima revisi\u00f3n el 22 de diciembre del 2021<\/i><\/p> -->\r\n    <h1>Alcances de las Pol\u00edticas de Calidad<\/h1>\r\n    <ul class=\"text-justify\">\r\n        <li><b>MACHUPICCHU TERRA<\/b> es una empresa dedicada a las actividades de agencias de viajes y operadores tur\u00edsticos en la Regi\u00f3n del Cusco.<\/li>\r\n        <li>El alcance de certificaci\u00f3n solo abarca la sede principal en la oficina Cusco.<\/li>\r\n        <li>La organizaci\u00f3n ha establecido el presente alcance para el sistema de gesti\u00f3n:<\/li>\r\n    <\/ul>\r\n    <p class=\"text-center\"><b><i>\u201cVENTA, PLANIFICACI\u00d3N Y OPERACI\u00d3N DE SERVICIOS TUR\u00cdSTICOS A NIVEL NACIONAL\u201d<\/i><\/b><\/p>\r\n    <br>\r\n    <hr>\r\n    <h2>Servicios Tur\u00edsticos:<\/h2>\r\n    <ul class=\"text-justify\">\r\n        <li>Venta de boletos de ingreso a machupicchu<\/li>\r\n        <li>Venta de boletos de tren<\/li>\r\n        <li>Venta de boletos de buses CONSETTUR<\/li>\r\n        <li>Venta de reserva de hoteles en Cusco, Valle sagrado, Machupicchu y nivel de Per\u00fa.<\/li>\r\n        <li>Venta de reservas de almuerzos y cenas en restaurantes en Cusco, Valle sagrado, Machupicchu y nivel de Per\u00fa.<\/li>\r\n        <li>Venta de paquetes tur\u00edsticos como:\r\n            <ul>\r\n                <li>City tour<\/li>\r\n                <li>Valle Sagrado<\/li>\r\n                <li>Maras &#8211; Moray<\/li>\r\n                <li>Valle Sur<\/li>\r\n                <li>Cuatrimotos en Maras &#8211; Moray<\/li>\r\n                <li>Monta\u00f1a de colores<\/li>\r\n                <li>Laguna Humantay<\/li>\r\n                <li>Cuatrimotos en monta\u00f1a de colores<\/li>\r\n                <li>Machupicchu Full day<\/li>\r\n                <li>Valle sagrado con Machu Picchu<\/li>\r\n                <li>Camino Inca 2D\/1N<\/li>\r\n                <li>Camino Inca 4D\/3N<\/li>\r\n                <li>Salkantay Trek 5D\/4N<\/li>\r\n                <li>Salkantay Trek 4D\/3N<\/li>\r\n                <li>Huchuy Qosqo 3D\/2N, entre otros.<\/li>\r\n            <\/ul>\r\n        <\/li>\r\n    <\/ul>\r\n    <p>Para lo cual se ejecutan los servicios como operador receptivo a nivel nacional de acuerdo a los requerimientos de nuestros clientes, alcanzando y superando las expectativas de los mismos.<\/p>\r\n    <br>\r\n    <hr>\r\n    <h2>Cap\u00edtulos No Aplicables:<\/h2>\r\n    <ul class=\"text-justify\">\r\n        <li><b><i>8.3 Dise\u00f1o y desarrollo de los productos y servicios<\/i><\/b>. No aplica el Dise\u00f1o y desarrollo del servicio para la organizaci\u00f3n, ejecutan el servicio seg\u00fan lo dispuesto por los requerimientos del cliente.<\/li>\r\n        <li><b><i>7.1.5.2 Trazabilidad de las mediciones<\/i><\/b>. No se cuenta con equipos o dispositivos de medici\u00f3n pertinentes para la ejecuci\u00f3n del servicio de Machupicchu Terra.<\/li>\r\n    <\/ul>\r\n    <br>\r\n    <br>\r\n<\/div>","protected":false},"excerpt":{"rendered":"Alcances de las Pol\u00edticas de Calidad MACHUPICCHU TERRA es una empresa dedicada a las actividades de agencias de viajes y operadores tur\u00edsticos en la Regi\u00f3n del Cusco. El alcance de certificaci\u00f3n solo abarca la sede principal en la oficina Cusco. La organizaci\u00f3n ha establecido el presente alcance para el sistema de gesti\u00f3n: \u201cVENTA, PLANIFICACI\u00d3N Y [&hellip;]","protected":false},"author":1,"featured_media":0,"parent":0,"menu_order":0,"comment_status":"closed","ping_status":"closed","template":"","meta":{"footnotes":""},"class_list":["post-11346","page","type-page","status-publish","hentry"],"_links":{"self":[{"href":"https:\/\/www.machupicchuterra.com\/es\/wp-json\/wp\/v2\/pages\/11346","targetHints":{"allow":["GET"]}}],"collection":[{"href":"https:\/\/www.machupicchuterra.com\/es\/wp-json\/wp\/v2\/pages"}],"about":[{"href":"https:\/\/www.machupicchuterra.com\/es\/wp-json\/wp\/v2\/types\/page"}],"author":[{"embeddable":true,"href":"https:\/\/www.machupicchuterra.com\/es\/wp-json\/wp\/v2\/users\/1"}],"replies":[{"embeddable":true,"href":"https:\/\/www.machupicchuterra.com\/es\/wp-json\/wp\/v2\/comments?post=11346"}],"version-history":[{"count":15,"href":"https:\/\/www.machupicchuterra.com\/es\/wp-json\/wp\/v2\/pages\/11346\/revisions"}],"predecessor-version":[{"id":11474,"href":"https:\/\/www.machupicchuterra.com\/es\/wp-json\/wp\/v2\/pages\/11346\/revisions\/11474"}],"wp:attachment":[{"href":"https:\/\/www.machupicchuterra.com\/es\/wp-json\/wp\/v2\/media?parent=11346"}],"curies":[{"name":"wp","href":"https:\/\/api.w.org\/{rel}","templated":true}]}}