{"id":8341,"date":"2026-01-26T21:58:52","date_gmt":"2026-01-26T21:58:52","guid":{"rendered":"https:\/\/www.machupicchuterra.com\/br\/?page_id=8341"},"modified":"2026-01-26T22:00:00","modified_gmt":"2026-01-26T22:00:00","slug":"direitos-arco","status":"publish","type":"page","link":"https:\/\/www.machupicchuterra.com\/br\/direitos-arco\/","title":{"rendered":"Direitos ARCO"},"content":{"rendered":"<div class=\"container-900 page-content mt-4\">\r\n    <h1>Direitos ARCO: O controle das suas informa\u00e7\u00f5es<\/h1>\r\n    <p class=\"text-lg\">Na <b>MACHUPICCHU TERRA<\/b>, respeitamos sua privacidade e estamos comprometidos com a prote\u00e7\u00e3o dos seus dados pessoais. De acordo com a Lei de Prote\u00e7\u00e3o de Dados Pessoais, voc\u00ea tem o poder de decidir como suas informa\u00e7\u00f5es s\u00e3o tratadas por meio dos chamados <b>Direitos ARCO<\/b>.<\/p>\r\n    <hr class=\"my-8\">\r\n    <h3 class=\"font-bold\">O que s\u00e3o os Direitos ARCO?<\/h3>\r\n    <ul>\r\n        <li><b>A &#8211; Acesso<\/b>: Voc\u00ea tem o direito de obter informa\u00e7\u00f5es sobre quais dados espec\u00edficos temos sobre voc\u00ea e como estamos utilizando-os.<\/li>\r\n        <li><b>R &#8211; Retifica\u00e7\u00e3o<\/b>: Voc\u00ea pode solicitar a atualiza\u00e7\u00e3o ou corre\u00e7\u00e3o dos seus dados caso estejam incorretos, com erros ou desatualizados.<\/li>\r\n        <li><b>C &#8211; Cancelamento<\/b>: Voc\u00ea tem o direito de solicitar que eliminemos seus dados das nossas bases de dados quando considerar que n\u00e3o s\u00e3o mais necess\u00e1rios para a finalidade para a qual foram coletados.<\/li>\r\n        <li><b>O &#8211; Oposi\u00e7\u00e3o<\/b>: Voc\u00ea pode se opor ao uso de seus dados para fins espec\u00edficos, como, por exemplo, para envio de publicidade ou promo\u00e7\u00f5es.<\/li>\r\n    <\/ul>    \r\n    <hr class=\"my-8\">\r\n    <h2>Exercer meus Direitos ARCO<\/h2>\r\n    <p>Para exercer qualquer um desses direitos, preencha o seguinte formul\u00e1rio: <a href=\"https:\/\/www.sofidya.com\/formularios\/form.php?idf=0b356f1bbe69a35c0745f11a7ce2bee87b07488f7518c4711f8aeb475f96d2c1a93da304d159557c4495a00238e32840fdaa9d1a0de15f6e4fda7cffd997f68e\">Solicita\u00e7\u00e3o de Exerc\u00edcio de Direitos ARCO<\/a><\/p>\r\n    <h3 class=\"font-bold\">Outras formas de contato<\/h3>\r\n    <p>Se preferir exercer seus direitos por outros meios:<\/p>\r\n    <ul>\r\n        <li><b>Correio eletr\u00f4nico<\/b>: datospersonales@machupicchuterra.com<\/li>\r\n        <li><b>Telefone<\/b>: (+51) 994 349 441<\/li>\r\n        <li><b>Correio postal<\/b>: \u00c0 aten\u00e7\u00e3o do Oficial de Dados Pessoais \/ Rua Recoleta Angosta #208 Cusco \u2013 Peru<\/li>\r\n    <\/ul>\r\n    <h3 class=\"font-bold\">Prazos de resposta<\/h3>\r\n    <ul>\r\n        <li>Voc\u00ea receber\u00e1 resposta \u00e0 sua solicita\u00e7\u00e3o em um prazo m\u00e1ximo de 10 dias \u00fateis<\/li>\r\n        <li>Em casos complexos, podemos estender o prazo por mais 5 dias \u00fateis, notificando-lhe o motivo<\/li>\r\n        <li>Se sua solicita\u00e7\u00e3o for aprovada, a executaremos em um prazo m\u00e1ximo de 5 dias \u00fateis adicionais<\/li>\r\n    <\/ul>\r\n    <p><b>O exerc\u00edcio dos Direitos ARCO \u00e9 totalmente GRATUITO<\/b><\/p>\r\n    <h3 class=\"font-bold\">Precisa de mais informa\u00e7\u00f5es?<\/h3>\r\n    <p>Consulte nossa <a href=\"https:\/\/www.machupicchuterra.com\/br\/politica-protecao-dados\/\">Pol\u00edtica de Prote\u00e7\u00e3o de Dados<\/a> completa.<\/p>\r\n    <p>Se considerar que n\u00e3o atendemos adequadamente sua solicita\u00e7\u00e3o, voc\u00ea pode apresentar uma reclama\u00e7\u00e3o perante:<\/p>\r\n    <ul>\r\n        <li><b>Autoridade Nacional de Prote\u00e7\u00e3o de Dados Pessoais (ANPD)<\/b> \/ Minist\u00e9rio da Justi\u00e7a e Direitos Humanos &#8211; Av. Gregorio Escobedo 680, Jes\u00fas Mar\u00eda, Lima\r\n            <b>Telefone<\/b>: (01) 204-8020\r\n            <b>Web<\/b>: https:\/\/www.gob.pe\/anpd<\/li>\r\n    <\/ul>\r\n    <br>\r\n    <br>\r\n    <br>\r\n<\/div>\r\n","protected":false},"excerpt":{"rendered":"Direitos ARCO: O controle das suas informa\u00e7\u00f5es Na MACHUPICCHU TERRA, respeitamos sua privacidade e estamos comprometidos com a prote\u00e7\u00e3o dos seus dados pessoais. De acordo com a Lei de Prote\u00e7\u00e3o de Dados Pessoais, voc\u00ea tem o poder de decidir como suas informa\u00e7\u00f5es s\u00e3o tratadas por meio dos chamados Direitos ARCO. O que s\u00e3o os Direitos [&hellip;]","protected":false},"author":1,"featured_media":0,"parent":0,"menu_order":0,"comment_status":"closed","ping_status":"closed","template":"","meta":{"footnotes":""},"class_list":["post-8341","page","type-page","status-publish","hentry"],"_links":{"self":[{"href":"https:\/\/www.machupicchuterra.com\/br\/wp-json\/wp\/v2\/pages\/8341","targetHints":{"allow":["GET"]}}],"collection":[{"href":"https:\/\/www.machupicchuterra.com\/br\/wp-json\/wp\/v2\/pages"}],"about":[{"href":"https:\/\/www.machupicchuterra.com\/br\/wp-json\/wp\/v2\/types\/page"}],"author":[{"embeddable":true,"href":"https:\/\/www.machupicchuterra.com\/br\/wp-json\/wp\/v2\/users\/1"}],"replies":[{"embeddable":true,"href":"https:\/\/www.machupicchuterra.com\/br\/wp-json\/wp\/v2\/comments?post=8341"}],"version-history":[{"count":3,"href":"https:\/\/www.machupicchuterra.com\/br\/wp-json\/wp\/v2\/pages\/8341\/revisions"}],"predecessor-version":[{"id":8344,"href":"https:\/\/www.machupicchuterra.com\/br\/wp-json\/wp\/v2\/pages\/8341\/revisions\/8344"}],"wp:attachment":[{"href":"https:\/\/www.machupicchuterra.com\/br\/wp-json\/wp\/v2\/media?parent=8341"}],"curies":[{"name":"wp","href":"https:\/\/api.w.org\/{rel}","templated":true}]}}