{"id":456,"date":"2021-05-26T15:26:48","date_gmt":"2021-05-26T15:26:48","guid":{"rendered":"https:\/\/www.machupicchuterra.com\/br\/?page_id=456"},"modified":"2023-10-21T15:13:52","modified_gmt":"2023-10-21T15:13:52","slug":"guia","status":"publish","type":"page","link":"https:\/\/www.machupicchuterra.com\/br\/guia\/","title":{"rendered":"Guia de viagem: Machu Picchu, Cusco, e Peru"},"content":{"rendered":"<div class=\"banner\" data-video-src=\"https:\/\/media.machupicchuterra.com\/uploads\/videos\/1689375375_blog-banner.mp4\" data-has-video=\"true\">\r\n            <div class=\"relative w-full banner-video overflow-hidden bg-black\">\r\n                <video class=\"absolute video-autoplay hidden\" poster=\"https:\/\/media.machupicchuterra.com\/uploads\/images\/1689375466_blog-banner-foto.jpg\" muted loop style=\"display: none;\">\r\n                    <source src=\"https:\/\/media.machupicchuterra.com\/uploads\/videos\/1689375375_blog-banner.mp4\" type=\"video\/mp4\">\r\n                <\/video>\r\n                <img decoding=\"async\" class=\"w-full h-full object-cover banner-poster\" src=\"https:\/\/media.machupicchuterra.com\/uploads\/images\/1689375466_blog-banner-foto.jpg\" alt=\"Artigos de viagem no Peru\">\r\n                <div class=\"absolute top-0 left-0 w-full h-full flex flex-col justify-center items-center banner-content\">\r\n                    \r\n                    <h1 class=\"text-white text-video p-3\"><span class=\"text-year\">Artigos de viagem no Peru<\/span><\/h1>\r\n                    <p class=\"text-white section-title-36 text-center m-b-20\"><\/p>\r\n                    \r\n                    \r\n                    \r\n                    \r\n                <\/div>\r\n            <\/div>\r\n        <\/div>\r\n<div class=\"container\">\r\n    <div class=\"section\">\r\n        <h1 class=\"font-bold text-center m-b-20\">Guia de viagem: Machu Picchu, Cusco e Peru<\/h1>\r\n        <p class=\"main-paragraph p-b-30\">Voc\u00ea est\u00e1 pensando em viajar para o Peru? Saiba detalhes de pre\u00e7os, roteiros, hot\u00e9is, restaurantes e muito mais. Este guia de viagem \u00e9 uma ferramenta \u00fatil para conhecer Machu Picchu, Cusco, Arequipa e todo o Peru com a garantia de que tudo correr\u00e1 perfeitamente. Boa Viagem!<\/p>\r\n        <div class=\"mt-filter-order-by cards-j-wrapper\" id=\"order_by_guide\">\r\n    <div class=\"div-order-by px-4 py-3\">\r\n        <h2 class=\"text-xl\">\r\n            Destinos :\r\n        <\/h2>\r\n        <label class=\"nput-radio btn-primary m-4\"><input type=\"radio\" value=\"any\" name=\"destination\">Tudo<\/label>\n            <label class=\"nput-radio btn-primary m-4\"><input type=\"radio\" value=\"all\" name=\"destination\">Per\u00fa<\/label><label class=\"input-radio btn-primary m-4\"><input type=\"radio\" value=\"1699\" name=\"destination\">Cusco<\/label><label class=\"input-radio btn-primary m-4\"><input type=\"radio\" value=\"2245\" name=\"destination\">Arequipa<\/label><label class=\"input-radio btn-primary m-4\"><input type=\"radio\" value=\"2392\" name=\"destination\">Lima<\/label>    <\/div>\r\n    <div class=\"div-order-by\">\r\n        <h2 class=\"text-xl\">\r\n            Ordenar por :\r\n        <\/h2>\r\n\r\n        <label class=\"input-radio btn-primary m-4\">\r\n            <input type=\"radio\" value=\"lasts\" name=\"order_by\" \/>\r\n            Mais recente        <\/label>\r\n\r\n\r\n        <label class=\"input-radio btn-primary m-4\">\r\n            <input type=\"radio\" value=\"more_view\" name=\"order_by\">\r\n            Mais visto        <\/label>\r\n\r\n    <\/div>\r\n<\/div>\r\n<div class=\"mt-filter-results relative\">\r\n    <div id=\"mt_bg_trans\"><\/div>\r\n    <div class=\"card-m-rows min-h250\" id=\"mt_filter_content\"><\/div>\r\n    <div class=\"mt-pagination\" id=\"mt_filter_pagination\"><\/div>\r\n    <div id=\"mt_bg_trans_result\" class=\"card-overlay center-overlay\">\r\n        <svg width=\"105\" height=\"105\" viewBox=\"0 0 105 105\" xmlns=\"http:\/\/www.w3.org\/2000\/svg\" fill=\"#fff\">\r\n            <circle cx=\"12.5\" cy=\"12.5\" r=\"12.5\">\r\n                <animate attributeName=\"fill-opacity\" begin=\"0s\" dur=\"1s\" values=\"1;.2;1\" calcMode=\"linear\" repeatCount=\"indefinite\" \/>\r\n            <\/circle>\r\n            <circle cx=\"12.5\" cy=\"52.5\" r=\"12.5\" fill-opacity=\".5\">\r\n                <animate attributeName=\"fill-opacity\" begin=\"100ms\" dur=\"1s\" values=\"1;.2;1\" calcMode=\"linear\" repeatCount=\"indefinite\" \/>\r\n            <\/circle>\r\n            <circle cx=\"52.5\" cy=\"12.5\" r=\"12.5\">\r\n                <animate attributeName=\"fill-opacity\" begin=\"300ms\" dur=\"1s\" values=\"1;.2;1\" calcMode=\"linear\" repeatCount=\"indefinite\" \/>\r\n            <\/circle>\r\n            <circle cx=\"52.5\" cy=\"52.5\" r=\"12.5\">\r\n                <animate attributeName=\"fill-opacity\" begin=\"600ms\" dur=\"1s\" values=\"1;.2;1\" calcMode=\"linear\" repeatCount=\"indefinite\" \/>\r\n            <\/circle>\r\n            <circle cx=\"92.5\" cy=\"12.5\" r=\"12.5\">\r\n                <animate attributeName=\"fill-opacity\" begin=\"800ms\" dur=\"1s\" values=\"1;.2;1\" calcMode=\"linear\" repeatCount=\"indefinite\" \/>\r\n            <\/circle>\r\n            <circle cx=\"92.5\" cy=\"52.5\" r=\"12.5\">\r\n                <animate attributeName=\"fill-opacity\" begin=\"400ms\" dur=\"1s\" values=\"1;.2;1\" calcMode=\"linear\" repeatCount=\"indefinite\" \/>\r\n            <\/circle>\r\n            <circle cx=\"12.5\" cy=\"92.5\" r=\"12.5\">\r\n                <animate attributeName=\"fill-opacity\" begin=\"700ms\" dur=\"1s\" values=\"1;.2;1\" calcMode=\"linear\" repeatCount=\"indefinite\" \/>\r\n            <\/circle>\r\n            <circle cx=\"52.5\" cy=\"92.5\" r=\"12.5\">\r\n                <animate attributeName=\"fill-opacity\" begin=\"500ms\" dur=\"1s\" values=\"1;.2;1\" calcMode=\"linear\" repeatCount=\"indefinite\" \/>\r\n            <\/circle>\r\n            <circle cx=\"92.5\" cy=\"92.5\" r=\"12.5\">\r\n                <animate attributeName=\"fill-opacity\" begin=\"200ms\" dur=\"1s\" values=\"1;.2;1\" calcMode=\"linear\" repeatCount=\"indefinite\" \/>\r\n            <\/circle>\r\n        <\/svg>\r\n    <\/div>\r\n<\/div>\r\n    <\/div>\r\n    <div class=\"section\">\r\n        \r\n        <h2 class=\"m-b-20\">Perguntas Frequentes<\/h2>\r\n        <div class=\"f-z-16\">\r\n            <div class=\"mtc-faq\">\r\n                <h4 class=\"mtc-faq__title font-medium\">Como viajar para Cusco? <svg class=\"arrow-down\" viewBox=\"0 0 128 128\" role=\"presentation\" aria-hidden=\"true\" focusable=\"false\" width=\"24px\" height=\"24px\">\r\n                             <path fill=\"currentColor\" d=\"M64 88L33.2 57.2a4 4 0 0 1 5.6-5.7L64 76.7l25.2-25.2a4 4 0 0 1 5.6 5.7z\"><\/path>\r\n                         <\/svg><\/h4>\r\n                <div class=\"mtc-faq__content\">\r\n                    <p>Cusco est\u00e1 no cora\u00e7\u00e3o da Cordilheira dos Andes, no Peru. De qualquer pa\u00eds do mundo voc\u00ea pode chegar com uma primeira viagem \u00e0 cidade de Lima. Em seguida, viagem de avi\u00e3o (1 hora) ou \u00f4nibus (20 horas) at\u00e9 a cidade de Cusco. <\/p>\r\n                <\/div>\r\n            <\/div>\r\n            <div class=\"mtc-faq\">\r\n                <h4 class=\"mtc-faq__title font-medium\">Quanto custa a entrada em Machu Picchu? <svg class=\"arrow-down\" viewBox=\"0 0 128 128\" role=\"presentation\" aria-hidden=\"true\" focusable=\"false\" width=\"24px\" height=\"24px\">\r\n                             <path fill=\"currentColor\" d=\"M64 88L33.2 57.2a4 4 0 0 1 5.6-5.7L64 76.7l25.2-25.2a4 4 0 0 1 5.6 5.7z\"><\/path>\r\n                         <\/svg><\/h4>\r\n                <div class=\"mtc-faq__content\">\r\n                    <p>Embora muitos viajantes visitem Machu Picchu com um tour com tudo inclu\u00eddo. Tamb\u00e9m \u00e9 poss\u00edvel ir sozinho. Para isso, \u00e9 necess\u00e1rio adquirir a entrada para Machu Picchu, que custa 152 soles peruanos (aproximadamente US$ 47). <\/p>\r\n                <\/div>\r\n            <\/div>\r\n            <div class=\"mtc-faq\">\r\n                <h4 class=\"mtc-faq__title font-medium\">Quanto custa a entrada no C\u00e2nion do Colca? <svg class=\"arrow-down\" viewBox=\"0 0 128 128\" role=\"presentation\" aria-hidden=\"true\" focusable=\"false\" width=\"24px\" height=\"24px\">\r\n                             <path fill=\"currentColor\" d=\"M64 88L33.2 57.2a4 4 0 0 1 5.6-5.7L64 76.7l25.2-25.2a4 4 0 0 1 5.6 5.7z\"><\/path>\r\n                         <\/svg><\/h4>\r\n                <div class=\"mtc-faq__content\">\r\n                    <p>O ingresso para o Canyon Colca (em Arequipa) e seus diferentes mirantes custa 70 soles peruanos (aproximadamente US$ 22). <\/p>\r\n                <\/div>\r\n            <\/div>\r\n            <div class=\"mtc-faq\">\r\n                <h4 class=\"mtc-faq__title font-medium\">Como \u00e9 o clima no Peru? <svg class=\"arrow-down\" viewBox=\"0 0 128 128\" role=\"presentation\" aria-hidden=\"true\" focusable=\"false\" width=\"24px\" height=\"24px\">\r\n                             <path fill=\"currentColor\" d=\"M64 88L33.2 57.2a4 4 0 0 1 5.6-5.7L64 76.7l25.2-25.2a4 4 0 0 1 5.6 5.7z\"><\/path>\r\n                         <\/svg><\/h4>\r\n                <div class=\"mtc-faq__content\">\r\n                    <p>O Peru tem um clima muito diversificado. A costa \u00e9 temperada e \u00famida. As montanhas, frias. A selva quente. Da mesma forma, em cada regi\u00e3o tamb\u00e9m \u00e9 poss\u00edvel encontrar diversos microclimas.  <\/p>\r\n                <\/div>\r\n            <\/div>\r\n            <div class=\"mtc-faq\">\r\n                <h4 class=\"mtc-faq__title font-medium\">Qual \u00e9 a moeda do Peru? Quanto vale? <svg class=\"arrow-down\" viewBox=\"0 0 128 128\" role=\"presentation\" aria-hidden=\"true\" focusable=\"false\" width=\"24px\" height=\"24px\">\r\n                             <path fill=\"currentColor\" d=\"M64 88L33.2 57.2a4 4 0 0 1 5.6-5.7L64 76.7l25.2-25.2a4 4 0 0 1 5.6 5.7z\"><\/path>\r\n                         <\/svg><\/h4>\r\n                <div class=\"mtc-faq__content\">\r\n                    <p>A moeda do Peru \u00e9 o &#8216;Nuevo Sol Peruano&#8217;, cujo valor \u00e9 um ter\u00e7o do d\u00f3lar americano. <\/p>\r\n                <\/div>\r\n            <\/div>\r\n            <div class=\"mtc-faq\">\r\n                <h4 class=\"mtc-faq__title font-medium\">Quais idiomas s\u00e3o falados no Peru? <svg class=\"arrow-down\" viewBox=\"0 0 128 128\" role=\"presentation\" aria-hidden=\"true\" focusable=\"false\" width=\"24px\" height=\"24px\">\r\n                             <path fill=\"currentColor\" d=\"M64 88L33.2 57.2a4 4 0 0 1 5.6-5.7L64 76.7l25.2-25.2a4 4 0 0 1 5.6 5.7z\"><\/path>\r\n                         <\/svg><\/h4>\r\n                <div class=\"mtc-faq__content\">\r\n                    <p>O Peru tem uma diversidade de l\u00ednguas. A lei estabelece o espanhol como l\u00edngua oficial e, nas \u00e1reas onde predominam, o qu\u00edchua, o aimar\u00e1 e as demais l\u00ednguas ind\u00edgenas do pa\u00eds. <\/p>\r\n                <\/div>\r\n            <\/div>\r\n            <div class=\"mtc-faq\">\r\n                <h4 class=\"mtc-faq__title font-medium\">Existem altas taxas de criminalidade no Peru? <svg class=\"arrow-down\" viewBox=\"0 0 128 128\" role=\"presentation\" aria-hidden=\"true\" focusable=\"false\" width=\"24px\" height=\"24px\">\r\n                             <path fill=\"currentColor\" d=\"M64 88L33.2 57.2a4 4 0 0 1 5.6-5.7L64 76.7l25.2-25.2a4 4 0 0 1 5.6 5.7z\"><\/path>\r\n                         <\/svg><\/h4>\r\n                <div class=\"mtc-faq__content\">\r\n                    <p>O crime \u00e9 um dos problemas mais preocupantes do Peru. No entanto, isto concentra-se principalmente na capital (Lima) e em algumas cidades do norte do pa\u00eds. Cusco, Arequipa e outras regi\u00f5es do sul apresentam baixos \u00edndices de criminalidade. <\/p>\r\n                <\/div>\r\n            <\/div>\r\n            <div class=\"mtc-faq\">\r\n                <h4 class=\"mtc-faq__title font-medium\">Qual \u00e9 a altura de Cusco? <svg class=\"arrow-down\" viewBox=\"0 0 128 128\" role=\"presentation\" aria-hidden=\"true\" focusable=\"false\" width=\"24px\" height=\"24px\">\r\n                             <path fill=\"currentColor\" d=\"M64 88L33.2 57.2a4 4 0 0 1 5.6-5.7L64 76.7l25.2-25.2a4 4 0 0 1 5.6 5.7z\"><\/path>\r\n                         <\/svg><\/h4>\r\n                <div class=\"mtc-faq__content\">\r\n                    <p>A cidade de Cusco, capital do imp\u00e9rio Inca, est\u00e1 a 3.399 metros acima do n\u00edvel do mar. <\/p>\r\n                <\/div>\r\n            <\/div>\r\n            <div class=\"mtc-faq\">\r\n                <h4 class=\"mtc-faq__title font-medium\">Como \u00e9 a geografia do Peru? <svg class=\"arrow-down\" viewBox=\"0 0 128 128\" role=\"presentation\" aria-hidden=\"true\" focusable=\"false\" width=\"24px\" height=\"24px\">\r\n                             <path fill=\"currentColor\" d=\"M64 88L33.2 57.2a4 4 0 0 1 5.6-5.7L64 76.7l25.2-25.2a4 4 0 0 1 5.6 5.7z\"><\/path>\r\n                         <\/svg><\/h4>\r\n                <div class=\"mtc-faq__content\">\r\n                    <p>O Peru possui uma geografia diversificada caracterizada por uma costa \u00e1rida (Oceano Pac\u00edfico), a extensa Cordilheira dos Andes e a imensa selva amaz\u00f4nica.  <\/p>\r\n                <\/div>\r\n            <\/div>\r\n            <div class=\"mtc-faq\">\r\n                <h4 class=\"mtc-faq__title font-medium\">Como fazer a famosa Trilha Inca at\u00e9 Machu Picchu? <svg class=\"arrow-down\" viewBox=\"0 0 128 128\" role=\"presentation\" aria-hidden=\"true\" focusable=\"false\" width=\"24px\" height=\"24px\">\r\n                             <path fill=\"currentColor\" d=\"M64 88L33.2 57.2a4 4 0 0 1 5.6-5.7L64 76.7l25.2-25.2a4 4 0 0 1 5.6 5.7z\"><\/path>\r\n                         <\/svg><\/h4>\r\n                <div class=\"mtc-faq__content\">\r\n                    <p>A Trilha Inca de 4 dias para Machu Picchu deve ser adquirida em uma ag\u00eancia de turismo online. S\u00e3o tantos os visitantes que querem fazer este percurso pedestre que \u00e9 necess\u00e1rio fazer a compra com 6 ou 7 meses de anteced\u00eancia.  <\/p>\r\n                <\/div>\r\n            <\/div>\r\n        <\/div>\r\n    <\/div>\r\n<\/div>","protected":false},"excerpt":{"rendered":"Guia de viagem: Machu Picchu, Cusco e Peru Voc\u00ea est\u00e1 pensando em viajar para o Peru? Saiba detalhes de pre\u00e7os, roteiros, hot\u00e9is, restaurantes e muito mais. Este guia de viagem \u00e9 uma ferramenta \u00fatil para conhecer Machu Picchu, Cusco, Arequipa e todo o Peru com a garantia de que tudo correr\u00e1 perfeitamente. Boa Viagem! Perguntas [&hellip;]","protected":false},"author":1,"featured_media":0,"parent":0,"menu_order":0,"comment_status":"closed","ping_status":"closed","template":"page-banner-video.php","meta":{"footnotes":""},"class_list":["post-456","page","type-page","status-publish","hentry"],"_links":{"self":[{"href":"https:\/\/www.machupicchuterra.com\/br\/wp-json\/wp\/v2\/pages\/456","targetHints":{"allow":["GET"]}}],"collection":[{"href":"https:\/\/www.machupicchuterra.com\/br\/wp-json\/wp\/v2\/pages"}],"about":[{"href":"https:\/\/www.machupicchuterra.com\/br\/wp-json\/wp\/v2\/types\/page"}],"author":[{"embeddable":true,"href":"https:\/\/www.machupicchuterra.com\/br\/wp-json\/wp\/v2\/users\/1"}],"replies":[{"embeddable":true,"href":"https:\/\/www.machupicchuterra.com\/br\/wp-json\/wp\/v2\/comments?post=456"}],"version-history":[{"count":8,"href":"https:\/\/www.machupicchuterra.com\/br\/wp-json\/wp\/v2\/pages\/456\/revisions"}],"predecessor-version":[{"id":4491,"href":"https:\/\/www.machupicchuterra.com\/br\/wp-json\/wp\/v2\/pages\/456\/revisions\/4491"}],"wp:attachment":[{"href":"https:\/\/www.machupicchuterra.com\/br\/wp-json\/wp\/v2\/media?parent=456"}],"curies":[{"name":"wp","href":"https:\/\/api.w.org\/{rel}","templated":true}]}}