{"id":4305,"date":"2023-10-19T15:19:49","date_gmt":"2023-10-19T15:19:49","guid":{"rendered":"https:\/\/www.machupicchuterra.com\/br\/?page_id=4305"},"modified":"2026-04-09T16:55:51","modified_gmt":"2026-04-09T16:55:51","slug":"testemunhos","status":"publish","type":"page","link":"https:\/\/www.machupicchuterra.com\/br\/testemunhos\/","title":{"rendered":"Testemunhos"},"content":{"rendered":"<div class=\"container section\">\r\n        <h1 id=\"videos-cusco\" class=\"section-title-36 text-center m-b-20\">O que os turistas acham do servi\u00e7o oferecido por Machupicchu Terra?<\/h1>\r\n        <p class=\"mtc-video__text\" style=\"text-align:justify\">Em Machupicchu Terra temos o prazer de contar com mais de mil e quinhentos testemunhos gra\u00e7as \u00e0 colabora\u00e7\u00e3o dos nossos turistas. Descubra o que eles pensam sobre os servi\u00e7os que oferecemos. Voc\u00ea tamb\u00e9m, ouse fazer a viagem dos seus sonhos em Cusco e no Peru!<\/p>\r\n\r\n<br>\r\n <hr class=\"my-10\">\r\n<section class=\"entry p-2-0 mt-testimonials-box\" data-random=\"false\" data-categories=\"\" data-type=\"all\" data-language='pt'>\n\t\t\t\t<div class=\"mtc-filters\">\n\t\t\t<div class=\"tags-filter servicios-filter\">\n\t\t\t\t\t\t\t\t\t<p class=\"mb-10\">\n\t\t\t\t\t\t<b>Choose a service to search in the comments<\/b>\n\t\t\t\t\t<\/p>\n\t\t\t\t\t<div class=\"mt_filter_for_category flex flex-wrap\">\n\t\t\t\t\t\t\t\t\t\t\t\t\t<label class=\"relative input-check btn tab mb-2 text-center\">\n\t\t\t\t\t\t\t\t<input class=\"opacity-0 absolute w-full h-full top-0 left-0\" type=\"checkbox\" name=\"mt_categories[]\" value=\"1\"\/>\n\t\t\t\t\t\t\t\t<i class=\"mkicon-ticket brandquick-tileitem text-3xl\"><\/i>\n\t\t\t\t\t\t\t\t<div class=\"servicio-name\">Ticket Machu Picchu<\/div>\n\t\t\t\t\t\t\t<\/label>\n\t\t\t\t\t\t\t\t\t\t\t\t\t<label class=\"relative input-check btn tab mb-2 text-center\">\n\t\t\t\t\t\t\t\t<input class=\"opacity-0 absolute w-full h-full top-0 left-0\" type=\"checkbox\" name=\"mt_categories[]\" value=\"3\"\/>\n\t\t\t\t\t\t\t\t<i class=\"mkicon-bus-lateral brandquick-tileitem text-3xl\"><\/i>\n\t\t\t\t\t\t\t\t<div class=\"servicio-name\">Cusco City Tour<\/div>\n\t\t\t\t\t\t\t<\/label>\n\t\t\t\t\t\t\t\t\t\t\t\t\t<label class=\"relative input-check btn tab mb-2 text-center\">\n\t\t\t\t\t\t\t\t<input class=\"opacity-0 absolute w-full h-full top-0 left-0\" type=\"checkbox\" name=\"mt_categories[]\" value=\"4\"\/>\n\t\t\t\t\t\t\t\t<i class=\"mkicon-vallesagrado brandquick-tileitem text-3xl\"><\/i>\n\t\t\t\t\t\t\t\t<div class=\"servicio-name\">Tour Valle Sagrado <\/div>\n\t\t\t\t\t\t\t<\/label>\n\t\t\t\t\t\t\t\t\t\t\t\t\t<label class=\"relative input-check btn tab mb-2 text-center\">\n\t\t\t\t\t\t\t\t<input class=\"opacity-0 absolute w-full h-full top-0 left-0\" type=\"checkbox\" name=\"mt_categories[]\" value=\"6\"\/>\n\t\t\t\t\t\t\t\t<i class=\"mkicon-sun brandquick-tileitem text-3xl\"><\/i>\n\t\t\t\t\t\t\t\t<div class=\"servicio-name\">Tour Inti Raymi Full Day<\/div>\n\t\t\t\t\t\t\t<\/label>\n\t\t\t\t\t\t\t\t\t\t\t\t\t<label class=\"relative input-check btn tab mb-2 text-center\">\n\t\t\t\t\t\t\t\t<input class=\"opacity-0 absolute w-full h-full top-0 left-0\" type=\"checkbox\" name=\"mt_categories[]\" value=\"7\"\/>\n\t\t\t\t\t\t\t\t<i class=\"mkicon-taxi-frontal brandquick-tileitem text-3xl\"><\/i>\n\t\t\t\t\t\t\t\t<div class=\"servicio-name\">Transporte Estaci\u00f3n Poroy Ollantaytambo<\/div>\n\t\t\t\t\t\t\t<\/label>\n\t\t\t\t\t\t\t\t\t\t\t\t\t<label class=\"relative input-check btn tab mb-2 text-center\">\n\t\t\t\t\t\t\t\t<input class=\"opacity-0 absolute w-full h-full top-0 left-0\" type=\"checkbox\" name=\"mt_categories[]\" value=\"8\"\/>\n\t\t\t\t\t\t\t\t<i class=\"mkicon-moray brandquick-tileitem text-3xl\"><\/i>\n\t\t\t\t\t\t\t\t<div class=\"servicio-name\">Tour a Maras y Moray<\/div>\n\t\t\t\t\t\t\t<\/label>\n\t\t\t\t\t\t\t\t\t\t\t\t\t<label class=\"relative input-check btn tab mb-2 text-center\">\n\t\t\t\t\t\t\t\t<input class=\"opacity-0 absolute w-full h-full top-0 left-0\" type=\"checkbox\" name=\"mt_categories[]\" value=\"10\"\/>\n\t\t\t\t\t\t\t\t<i class=\"mkicon-mountain-only brandquick-tileitem\t text-3xl\"><\/i>\n\t\t\t\t\t\t\t\t<div class=\"servicio-name\">Monta\u00f1a 7 Colores Full Day<\/div>\n\t\t\t\t\t\t\t<\/label>\n\t\t\t\t\t\t\t\t\t\t\t\t\t<label class=\"relative input-check btn tab mb-2 text-center\">\n\t\t\t\t\t\t\t\t<input class=\"opacity-0 absolute w-full h-full top-0 left-0\" type=\"checkbox\" name=\"mt_categories[]\" value=\"11\"\/>\n\t\t\t\t\t\t\t\t<i class=\"mkicon-machupicchu brandquick-tileitem text-3xl\"><\/i>\n\t\t\t\t\t\t\t\t<div class=\"servicio-name\">Machu Picchu + Huayna Picchu Todo Incluido<\/div>\n\t\t\t\t\t\t\t<\/label>\n\t\t\t\t\t\t\t\t\t\t\t\t\t<label class=\"relative input-check btn tab mb-2 text-center\">\n\t\t\t\t\t\t\t\t<input class=\"opacity-0 absolute w-full h-full top-0 left-0\" type=\"checkbox\" name=\"mt_categories[]\" value=\"12\"\/>\n\t\t\t\t\t\t\t\t<i class=\"mkicon-hiking brandquick-tileitem text-3xl\"><\/i>\n\t\t\t\t\t\t\t\t<div class=\"servicio-name\">Gu\u00eda Tur\u00edstico Machu Picchu<\/div>\n\t\t\t\t\t\t\t<\/label>\n\t\t\t\t\t\t\t\t\t\t\t\t\t<label class=\"relative input-check btn tab mb-2 text-center\">\n\t\t\t\t\t\t\t\t<input class=\"opacity-0 absolute w-full h-full top-0 left-0\" type=\"checkbox\" name=\"mt_categories[]\" value=\"13\"\/>\n\t\t\t\t\t\t\t\t<i class=\"mkicon-train-9 text-3xl\"><\/i>\n\t\t\t\t\t\t\t\t<div class=\"servicio-name\">Tren Machu Picchu<\/div>\n\t\t\t\t\t\t\t<\/label>\n\t\t\t\t\t\t\t\t\t\t\t\t\t<label class=\"relative input-check btn tab mb-2 text-center\">\n\t\t\t\t\t\t\t\t<input class=\"opacity-0 absolute w-full h-full top-0 left-0\" type=\"checkbox\" name=\"mt_categories[]\" value=\"14\"\/>\n\t\t\t\t\t\t\t\t<i class=\"mkicon-bus brandquick-tileitem text-3xl\"><\/i>\n\t\t\t\t\t\t\t\t<div class=\"servicio-name\">Bus Machu Picchu<\/div>\n\t\t\t\t\t\t\t<\/label>\n\t\t\t\t\t\t\t\t\t\t\t\t\t<label class=\"relative input-check btn tab mb-2 text-center\">\n\t\t\t\t\t\t\t\t<input class=\"opacity-0 absolute w-full h-full top-0 left-0\" type=\"checkbox\" name=\"mt_categories[]\" value=\"15\"\/>\n\t\t\t\t\t\t\t\t<i class=\"mkicon-machupicchu brandquick-tileitem text-3xl\"><\/i>\n\t\t\t\t\t\t\t\t<div class=\"servicio-name\">Machu Picchu Todo Incluido<\/div>\n\t\t\t\t\t\t\t<\/label>\n\t\t\t\t\t\t\t\t\t\t\t\t\t<label class=\"relative input-check btn tab mb-2 text-center\">\n\t\t\t\t\t\t\t\t<input class=\"opacity-0 absolute w-full h-full top-0 left-0\" type=\"checkbox\" name=\"mt_categories[]\" value=\"16\"\/>\n\t\t\t\t\t\t\t\t<i class=\"mkicon-hiking text-3xl\"><\/i>\n\t\t\t\t\t\t\t\t<div class=\"servicio-name\">Tour Camino Inca<\/div>\n\t\t\t\t\t\t\t<\/label>\n\t\t\t\t\t\t\t\t\t\t\t\t\t<label class=\"relative input-check btn tab mb-2 text-center\">\n\t\t\t\t\t\t\t\t<input class=\"opacity-0 absolute w-full h-full top-0 left-0\" type=\"checkbox\" name=\"mt_categories[]\" value=\"17\"\/>\n\t\t\t\t\t\t\t\t<i class=\"mkicon-hiking-bag text-3xl\"><\/i>\n\t\t\t\t\t\t\t\t<div class=\"servicio-name\">Tour Salkantay trek<\/div>\n\t\t\t\t\t\t\t<\/label>\n\t\t\t\t\t\t\t\t\t\t\t\t\t<label class=\"relative input-check btn tab mb-2 text-center\">\n\t\t\t\t\t\t\t\t<input class=\"opacity-0 absolute w-full h-full top-0 left-0\" type=\"checkbox\" name=\"mt_categories[]\" value=\"18\"\/>\n\t\t\t\t\t\t\t\t<i class=\"mkicon-mountain-sun text-3xl\"><\/i>\n\t\t\t\t\t\t\t\t<div class=\"servicio-name\">Tour Lares trek<\/div>\n\t\t\t\t\t\t\t<\/label>\n\t\t\t\t\t\t\t\t\t\t\t\t\t<label class=\"relative input-check btn tab mb-2 text-center\">\n\t\t\t\t\t\t\t\t<input class=\"opacity-0 absolute w-full h-full top-0 left-0\" type=\"checkbox\" name=\"mt_categories[]\" value=\"19\"\/>\n\t\t\t\t\t\t\t\t<i class=\"mkicon-walk-mountain text-3xl\"><\/i>\n\t\t\t\t\t\t\t\t<div class=\"servicio-name\">Tour Huchuy Qosqo trek<\/div>\n\t\t\t\t\t\t\t<\/label>\n\t\t\t\t\t\t\t\t\t\t\t\t\t<label class=\"relative input-check btn tab mb-2 text-center\">\n\t\t\t\t\t\t\t\t<input class=\"opacity-0 absolute w-full h-full top-0 left-0\" type=\"checkbox\" name=\"mt_categories[]\" value=\"20\"\/>\n\t\t\t\t\t\t\t\t<i class=\"mkicon-camp-site text-3xl\"><\/i>\n\t\t\t\t\t\t\t\t<div class=\"servicio-name\">Tour Choquequirao<\/div>\n\t\t\t\t\t\t\t<\/label>\n\t\t\t\t\t\t\t\t\t\t\t\t\t<label class=\"relative input-check btn tab mb-2 text-center\">\n\t\t\t\t\t\t\t\t<input class=\"opacity-0 absolute w-full h-full top-0 left-0\" type=\"checkbox\" name=\"mt_categories[]\" value=\"21\"\/>\n\t\t\t\t\t\t\t\t<i class=\"mkicon-fire text-3xl\"><\/i>\n\t\t\t\t\t\t\t\t<div class=\"servicio-name\">Tour Inca Jungle<\/div>\n\t\t\t\t\t\t\t<\/label>\n\t\t\t\t\t\t\t\t\t\t\t\t\t<label class=\"relative input-check btn tab mb-2 text-center\">\n\t\t\t\t\t\t\t\t<input class=\"opacity-0 absolute w-full h-full top-0 left-0\" type=\"checkbox\" name=\"mt_categories[]\" value=\"22\"\/>\n\t\t\t\t\t\t\t\t<i class=\"mkicon-treking-sing text-3xl\"><\/i>\n\t\t\t\t\t\t\t\t<div class=\"servicio-name\">Tours alternativos<\/div>\n\t\t\t\t\t\t\t<\/label>\n\t\t\t\t\t\t\t\t\t\t\t<\/div>\n\n\t\t\t\t\t\t\t<\/div>\n\t\t\t<hr\/>\n\t\t\t<div class=\"resultados block md:flex justify-between items-center\">\n\t\t\t\t<div class=\"numero-resultados mt-5\">\n\t\t\t\t\t<span class=\"mt_total card-tag card-tag text-2xl\">0<\/span>\n\t\t\t\t\t<span class=\"text-2xl font-bold text-primary-800\">Testimonials<\/span>\n\t\t\t\t<\/div>\n\t\t\t\t<div class=\"mt-5 order-filter\">\n\t\t\t\t\t<b>Order by:<\/b>\n\t\t\t\t\t<select class=\"select_language\" data-more=\"0\">\n\t\t\t\t\t\t<option value=\"oldest\">oldest<\/option>\n\t\t\t\t\t\t\t\t\t\t\t\t\t<option value=\"newer\">newer<\/option>\n\t\t\t\t\t\t\t<option value=\"random\" selected>Random<\/option>\n\t\t\t\t\t\t\t\t\t\t\t<\/select>\n\t\t\t\t<\/div>\n\t\t\t<\/div>\n\t\t<\/div>\n\t\t\t\t<div class=\"mtc-comentarios\">\n\t\t\t<div class=\"mt_testimonials_videos_list py-5 wrapper-4\" data-paginate=\"4\" data-initial=\"8\"><\/div>\n\t\t\t<div class=\"mt_pagination_videos mt-pagination justify-between items-center\"><\/div>\n\t\t<\/div>\n\n\t\t\t\t<div class=\"mtc-comentarios\">\n\t\t\t<div class=\"mt_testimonials_audios_list py-5 wrapper-4\" data-paginate=\"4\" data-initial=\"8\"><\/div>\n\t\t\t<div class=\"mt_pagination_audios mt-pagination justify-between items-center\"><\/div>\n\t\t<\/div>\n\n\t\t\t\t<div class=\"mtc-comentarios\">\n\t\t\t<div class=\"mt_testimonials_list\" data-paginate=\"20\" data-initial=\"50\"><\/div>\n\t\t\t<div class=\"mt_pagination_texts mt-pagination justify-between items-center\"><\/div>\n\t\t<\/div>\n\n\t\n\t\t<\/section>\n\r\n<\/div>\r\n<pre class=\"ti-widget\"><template id=\"trustindex-google-widget-html\"><div class=\" ti-widget  ti-goog ti-review-text-mode-readmore ti-text-align-left\" data-no-translation=\"true\" data-plugin-version=\"13.2.8\" data-layout-id=\"5\" data-layout-category=\"slider\" data-set-id=\"light-background\" data-pid=\"\" data-language=\"pt\" data-close-locale=\"Fechar\" data-review-target-width=\"275\" data-css-version=\"2\" data-reply-by-locale=\"Resposta do propriet\u00e1rio\" data-only-rating-locale=\"Este usu\u00e1rio deixou apenas uma avalia\u00e7\u00e3o.\" data-pager-autoplay-timeout=\"6\"> <div class=\"ti-widget-container ti-col-4\"> <div class=\"ti-footer ti-footer-grid source-Google\"> <div class=\"ti-fade-container\"> <div class=\"ti-rating-text\"> <strong class=\"ti-rating ti-rating-large\"> EXCELENTE <\/strong> <\/div> <span class=\"ti-stars star-lg\"><trustindex-image class=\"ti-star\" data-imgurl=\"https:\/\/cdn.trustindex.io\/assets\/platform\/Google\/star\/f.svg\" alt=\"Google\" width=\"17\" height=\"17\" loading=\"lazy\"><\/trustindex-image><trustindex-image class=\"ti-star\" data-imgurl=\"https:\/\/cdn.trustindex.io\/assets\/platform\/Google\/star\/f.svg\" alt=\"Google\" width=\"17\" height=\"17\" loading=\"lazy\"><\/trustindex-image><trustindex-image class=\"ti-star\" data-imgurl=\"https:\/\/cdn.trustindex.io\/assets\/platform\/Google\/star\/f.svg\" alt=\"Google\" width=\"17\" height=\"17\" loading=\"lazy\"><\/trustindex-image><trustindex-image class=\"ti-star\" data-imgurl=\"https:\/\/cdn.trustindex.io\/assets\/platform\/Google\/star\/f.svg\" alt=\"Google\" width=\"17\" height=\"17\" loading=\"lazy\"><\/trustindex-image><trustindex-image class=\"ti-star\" data-imgurl=\"https:\/\/cdn.trustindex.io\/assets\/platform\/Google\/star\/h.svg\" alt=\"Google\" width=\"17\" height=\"17\" loading=\"lazy\"><\/trustindex-image><\/span> <div class=\"ti-rating-text\"> <span class=\"nowrap\">Com base em <strong>1037 avalia\u00e7\u00f5es<\/strong><\/span> <\/div> <div class=\"ti-large-logo\"> <div class=\"ti-v-center\"> <trustindex-image class=\"ti-logo-fb\" data-imgurl=\"https:\/\/cdn.trustindex.io\/assets\/platform\/Google\/logo.svg\" width=\"150\" height=\"25\" loading=\"lazy\" alt=\"Google\"><\/trustindex-image> <\/div> <\/div> <\/div> <\/div> <div class=\"ti-reviews-container\"> <div class=\"ti-controls\"> <div class=\"ti-next\" aria-label=\"Pr\u00f3xima avalia\u00e7\u00e3o\" role=\"button\" tabindex=\"0\"><\/div> <div class=\"ti-prev\" aria-label=\"Avalia\u00e7\u00e3o anterior\" role=\"button\" tabindex=\"0\"><\/div> <\/div> <div class=\"ti-reviews-container-wrapper\">  <div data-empty=\"0\" class=\"ti-review-item source-Google ti-image-layout-thumbnail\" data-id=\"cfcd208495d565ef66e7dff9f98764da\"> <div class=\"ti-inner\"> <div class=\"ti-review-header\"> <div class=\"ti-platform-icon ti-with-tooltip\"> <span class=\"ti-tooltip\">Publicado em <\/span> <trustindex-image data-imgurl=\"https:\/\/cdn.trustindex.io\/assets\/platform\/Google\/icon.svg\" alt=\"\" width=\"20\" height=\"20\" loading=\"lazy\"><\/trustindex-image> <\/div> <div class=\"ti-profile-img\"> <trustindex-image data-imgurl=\"https:\/\/lh3.googleusercontent.com\/a-\/ALV-UjXNYAInRu8AZKxXfymirXIDzW7MxcamXyK1idB6o64e60Ja1Qk=w40-h40-c-rp-mo-ba2-br100\" alt=\"Leidy Johanna Candamil Arias profile picture\" loading=\"lazy\"><\/trustindex-image> <\/div> <div class=\"ti-profile-details\"> <div class=\"ti-name\"> Leidy Johanna Candamil Arias <\/div> <div class=\"ti-date\"><\/div> <\/div> <\/div> <span class=\"ti-stars\"><trustindex-image class=\"ti-star\" data-imgurl=\"https:\/\/cdn.trustindex.io\/assets\/platform\/Google\/star\/f.svg\" alt=\"Google\" width=\"17\" height=\"17\" loading=\"lazy\"><\/trustindex-image><trustindex-image class=\"ti-star\" data-imgurl=\"https:\/\/cdn.trustindex.io\/assets\/platform\/Google\/star\/f.svg\" alt=\"Google\" width=\"17\" height=\"17\" loading=\"lazy\"><\/trustindex-image><trustindex-image class=\"ti-star\" data-imgurl=\"https:\/\/cdn.trustindex.io\/assets\/platform\/Google\/star\/f.svg\" alt=\"Google\" width=\"17\" height=\"17\" loading=\"lazy\"><\/trustindex-image><trustindex-image class=\"ti-star\" data-imgurl=\"https:\/\/cdn.trustindex.io\/assets\/platform\/Google\/star\/f.svg\" alt=\"Google\" width=\"17\" height=\"17\" loading=\"lazy\"><\/trustindex-image><trustindex-image class=\"ti-star\" data-imgurl=\"https:\/\/cdn.trustindex.io\/assets\/platform\/Google\/star\/f.svg\" alt=\"Google\" width=\"17\" height=\"17\" loading=\"lazy\"><\/trustindex-image><span class=\"ti-verified-review ti-verified-platform\"><span class=\"ti-verified-tooltip\">Trustindex verifica se a fonte original da avalia\u00e7\u00e3o \u00e9 Google.<\/span><\/span><\/span> <div class=\"ti-review-text-container ti-review-content\"><!-- R-CONTENT -->Por donde empiezo... Mi esposo y yo quisimos recorrer Peru y vimos que Macchu Picchu Terra tiene excelente reviews y decidimos agendar con ellos.\n\nDesde la puntualidad, hasta el interes de los gu\u00edas; no solo por ense\u00f1arte la parte hist\u00f3rica, sino por tu cuidado, en adicion a lo facil que se hizo realizar el booking, respondiendo a TODAS mis inquietudes, mejor dicho, un monton de situaciones ha hecho de esta una experiencia 10\/10!\n\nAndres y yo les queremos dar las gracias a todas las personas que hicieron de nuestro viaje, un viaje incre\u00edble! A Jessie, Jahdiel, Diego, Teo, Jocelyn, entre otras personas y a Aldair que finalmente fue nuestro gu\u00eda en Macchu Picchu, much\u00edsimas gracias! \ud83d\udc95\u2708\ufe0f<!-- R-CONTENT --><\/div> <span class=\"ti-read-more\" data-container=\".ti-review-content\" data-collapse-text=\"Esconder\" data-open-text=\"Consulte Mais informa\u00e7\u00e3o\"><\/span> <\/div> <\/div>  <\/div> <div class=\"ti-controls-line\"> <div class=\"dot\"><\/div> <\/div>   <div class=\"ti-verified-by ti-verified-by-row\" data-style=\"1\"> <div class=\"ti-inner\"> Certificado: Trustindex <span class=\"ti-info-icon\"><\/span> <div class=\"ti-disclaimer\">O selo verificado do Trustindex \u00e9 o S\u00edmbolo Universal de Confian\u00e7a. Apenas as melhores empresas podem obter o selo verificado que tem uma pontua\u00e7\u00e3o de avalia\u00e7\u00e3o acima de 4.5, com base nas avalia\u00e7\u00f5es dos clientes nos \u00faltimos 12 meses. <a href=\"https:\/\/www.trustindex.io\/?a=sys&amp;c=wp-verified-badge&amp;url=\/the-trustindex-verified-badge\/\" target=\"_blank\">Leia mais<\/a><\/div> <\/div> <\/div>  <\/div> <\/div> <\/div> <\/template><\/pre><div data-src=\"https:\/\/cdn.trustindex.io\/loader.js?wp-widget\" data-template-id=\"trustindex-google-widget-html\" data-css-url=\"https:\/\/www.machupicchuterra.com\/wp-content\/uploads\/trustindex-google-widget.css?1775764052\"><\/div>","protected":false},"excerpt":{"rendered":"O que os turistas acham do servi\u00e7o oferecido por Machupicchu Terra? Em Machupicchu Terra temos o prazer de contar com mais de mil e quinhentos testemunhos gra\u00e7as \u00e0 colabora\u00e7\u00e3o dos nossos turistas. Descubra o que eles pensam sobre os servi\u00e7os que oferecemos. Voc\u00ea tamb\u00e9m, ouse fazer a viagem dos seus sonhos em Cusco e no [&hellip;]","protected":false},"author":1,"featured_media":0,"parent":0,"menu_order":0,"comment_status":"closed","ping_status":"closed","template":"","meta":{"footnotes":""},"class_list":["post-4305","page","type-page","status-publish","hentry"],"_links":{"self":[{"href":"https:\/\/www.machupicchuterra.com\/br\/wp-json\/wp\/v2\/pages\/4305","targetHints":{"allow":["GET"]}}],"collection":[{"href":"https:\/\/www.machupicchuterra.com\/br\/wp-json\/wp\/v2\/pages"}],"about":[{"href":"https:\/\/www.machupicchuterra.com\/br\/wp-json\/wp\/v2\/types\/page"}],"author":[{"embeddable":true,"href":"https:\/\/www.machupicchuterra.com\/br\/wp-json\/wp\/v2\/users\/1"}],"replies":[{"embeddable":true,"href":"https:\/\/www.machupicchuterra.com\/br\/wp-json\/wp\/v2\/comments?post=4305"}],"version-history":[{"count":6,"href":"https:\/\/www.machupicchuterra.com\/br\/wp-json\/wp\/v2\/pages\/4305\/revisions"}],"predecessor-version":[{"id":8480,"href":"https:\/\/www.machupicchuterra.com\/br\/wp-json\/wp\/v2\/pages\/4305\/revisions\/8480"}],"wp:attachment":[{"href":"https:\/\/www.machupicchuterra.com\/br\/wp-json\/wp\/v2\/media?parent=4305"}],"curies":[{"name":"wp","href":"https:\/\/api.w.org\/{rel}","templated":true}]}}