{"id":4294,"date":"2023-10-18T20:38:41","date_gmt":"2023-10-18T20:38:41","guid":{"rendered":"https:\/\/www.machupicchuterra.com\/br\/?page_id=4294"},"modified":"2023-10-19T15:31:36","modified_gmt":"2023-10-19T15:31:36","slug":"ferramentas-multimidia","status":"publish","type":"page","link":"https:\/\/www.machupicchuterra.com\/br\/ferramentas-multimidia\/","title":{"rendered":"Ferramentas multim\u00eddia \u2013 Machupicchu Terra"},"content":{"rendered":"<!-- <div class=\"banner\">\r\n    <div class=\"banner-image\" style=\"\r\n          background-image: url('https:\/\/www.machupicchuterra.com\/wp-content\/uploads\/machu-picchu-banner-5.jpg');\r\n        \">\r\n        <div class=\"banner-flex\">\r\n            <div class=\"banner-table\">\r\n                <div class=\"banner-row\">\r\n                    <div class=\"banner-cell\">\r\n                        <div class=\"banner-titles w-full flex items-center justify-center h-96\">\r\n                            <h1 class=\"banner-title mt-column\">\r\n                                <img decoding=\"async\" id=\"img_animate\" src=\"https:\/\/www.machupicchuterra.com\/wp-content\/uploads\/machupicchuterra.gif\" class=\"machu-gif\" \/>\r\n                                [mt_cargar_script script=\"component-animated-stop\"]\r\n                            <\/h1>\r\n                        <\/div>\r\n                        <div class=\"banner-search\"><\/div>\r\n                        <div class=\"banner-credentials\"><\/div>\r\n                    <\/div>\r\n                <\/div>\r\n            <\/div>\r\n        <\/div>\r\n    <\/div>\r\n<\/div> -->\r\n<div class=\"banner\" data-video-src=\"https:\/\/media.machupicchuterra.com\/uploads\/videos\/1688589625_banner-machu-picchu-3d.mp4\" data-has-video=\"true\">\r\n            <div class=\"relative w-full banner-video overflow-hidden bg-black\">\r\n                <video class=\"absolute video-autoplay hidden\" poster=\"https:\/\/media.machupicchuterra.com\/uploads\/images\/1688589669_machu-pichu-intro.jpg\" muted loop style=\"display: none;\">\r\n                    <source src=\"https:\/\/media.machupicchuterra.com\/uploads\/videos\/1688589625_banner-machu-picchu-3d.mp4\" type=\"video\/mp4\">\r\n                <\/video>\r\n                <img decoding=\"async\" class=\"w-full h-full object-cover banner-poster\" src=\"https:\/\/media.machupicchuterra.com\/uploads\/images\/1688589669_machu-pichu-intro.jpg\" alt=\"Multim\u00eddia Machupicchu Terra\">\r\n                <div class=\"absolute top-0 left-0 w-full h-full flex flex-col justify-center items-center banner-content\">\r\n                    \r\n                    <h1 class=\"text-white text-video p-3\"><span class=\"text-year\">Multim\u00eddia Machupicchu Terra<\/span><\/h1>\r\n                    <p class=\"text-white section-title-36 text-center m-b-20\"><\/p>\r\n                    \r\n                    \r\n                    \r\n                    \r\n                <\/div>\r\n            <\/div>\r\n        <\/div>\r\n<div class=\"container section\">\r\n    <h1 class=\"section-title-36 text-center m-b-20\">Ferramentas multim\u00eddia \u2013 Machupicchu Terra<\/h1>\r\n<\/div>\r\n<div class=\"container section page-content\">\r\n    <h2 class=\"section-title text-center\">Explore cada atra\u00e7\u00e3o tur\u00edstica em Cusco e no Peru<\/h2>\r\n    <p class=\"text-justify\">Na Machupicchu Terra criamos uma ferramenta multim\u00eddia que facilita a navega\u00e7\u00e3o por cada atra\u00e7\u00e3o tur\u00edstica de Cusco e Peru. Localize o destino que deseja visitar e descubra de forma f\u00e1cil e educativa.<\/p>\r\n    <br>\r\n    <div class=\"mtc-box\">\r\n        <div class=\"w--60 m-auto\">\r\n            <!-- [mt_show_youtube_videos] -->\r\n            <img decoding=\"async\" src=\"https:\/\/www.machupicchuterra.com\/wp-content\/uploads\/explorador-imagen.jpg\" width=\"100%\">\r\n        <\/div>\r\n        <div class=\"w--35 f--left mt-10\">\r\n            <p class=\"text-2xl font-bold text-center\">Encontre o destino tur\u00edstico de sua prefer\u00eancia e descubra<\/p>\r\n            <p class=\"text-justify\">O \u201cExplorador\u201d de Machupicchu Terra permite-lhe localizar facilmente cada destino tur\u00edstico. Navegue pelo mapa do Peru e descubra tudo o que ele tem para oferecer com todas as informa\u00e7\u00f5es de interesse.<\/p>\r\n            <!-- <div class=\"text-center p-3\"><img data-src=\"https:\/\/www.machupicchuterra.com\/wp-content\/uploads\/firma-paloma-v.png\" itemprop=\"image\" alt=\"imachupicchu\" width=\"180\" height=\"59px\" class=\"lazy\"><\/div> -->\r\n            <div class=\"text-center m-t-30 m-b-15\">\r\n                <a href=\"https:\/\/www.machupicchuterra.com\/br\/explorador\/\" role=\"button\" title=\"Ir a los audios\" class=\"btn btn-outline-primary\" style=\"width: 15rem;\">Ver o explorador<\/a>\r\n            <\/div>\r\n            <div class=\"flex items-center justify-center\">\r\n                <div class=\"p-3\"><img decoding=\"async\" src=\"https:\/\/www.machupicchuterra.com\/wp-content\/uploads\/logo-picaflor-i.png\" itemprop=\"image\" alt=\"machupicchuterra\" width=\"150\"><\/div>\r\n                <!-- <div class=\"p-3\"><img decoding=\"async\" src=\"https:\/\/www.machupicchuterra.com\/wp-content\/uploads\/suscribete.png\" itemprop=\"image\" alt=\"imachupicchu\" width=\"140\"><\/div> -->\r\n            <\/div>\r\n        <\/div>\r\n    <\/div>\r\n<\/div>\r\n<!-- -------------- -->\r\n<br>\r\n<div class=\"container section page-content\">\r\n    <h2 class=\"section-title text-center\">Descubra com v\u00eddeos educativos em nosso canal no YouTube<\/h2>\r\n    <p class=\"text-justify\">Obtenha todas as informa\u00e7\u00f5es que voc\u00ea precisa sobre sua viagem a Cusco e Machu Picchu atrav\u00e9s do nosso canal no YouTube. Paloma, nossa motorista exclusiva, nos acompanhar\u00e1 no tour por cada um dos pontos tur\u00edsticos. <\/p>\r\n    <br>\r\n    <div class=\"mtc-box\">\r\n        <div class=\"w--35 m-auto\">\r\n            <p class=\"text-2xl font-bold text-center\">Encontre mais informa\u00e7\u00f5es em nosso canal oficial no YouTube<\/p>\r\n            <p class=\"text-justify\">Em Machupicchu Terra temos o canal oficial no YouTube &#8216;Imachupicchu&#8217;, que permite conhecer mais e melhores informa\u00e7\u00f5es sobre todos os atrativos tur\u00edsticos de Cusco e Machu Picchu. Junto com Paloma, fique bem informado sobre sua viagem!<\/p>\r\n            <div class=\"text-center p-3\"><img data-src=\"https:\/\/www.machupicchuterra.com\/wp-content\/uploads\/firma-paloma-v.png\" itemprop=\"image\" alt=\"imachupicchu\" width=\"180\" height=\"59px\" class=\"lazy\"><\/div>\r\n            <div class=\"text-center m-t-30 m-b-15\">\r\n                <a href=\"https:\/\/www.youtube.com\/@IMachupicchu\" role=\"button\" title=\"Ir a los audios\" class=\"btn btn-outline-primary\">Visite nosso canal no YouTube!<\/a>\r\n            <\/div>\r\n            <div class=\"flex items-center justify-center\">\r\n                <div class=\"p-3\"><img decoding=\"async\" src=\"https:\/\/www.machupicchuterra.com\/wp-content\/uploads\/logo-picaflor-i.png\" itemprop=\"image\" alt=\"machupicchuterra\" width=\"150\"><\/div>\r\n                <div class=\"p-3\"><img decoding=\"async\" src=\"https:\/\/www.machupicchuterra.com\/wp-content\/uploads\/suscribete.png\" itemprop=\"image\" alt=\"imachupicchu\" width=\"140\"><\/div>\r\n            <\/div>\r\n        <\/div>\r\n        <div class=\"w--60 f--left\">\r\n            \n        <div class=\"show-youtube-videos\">\n            <div class=\"video-player-yt relative\">\n            <div\n          class=\"image-preview-yt flex items-center justify-center w-full mr-2 overflow-hidden active absolute aspect-video cursor-pointer\"\n        >\n        <svg version=\"1.1\" viewBox=\"0 0 68 48\" width=\"68px\" height=\"48px\" class=\"absolute z-20\"><path class=\"ytp-large-play-button-bg\" d=\"M66.52,7.74c-0.78-2.93-2.49-5.41-5.42-6.19C55.79,.13,34,0,34,0S12.21,.13,6.9,1.55 C3.97,2.33,2.27,4.81,1.48,7.74C0.06,13.05,0,24,0,24s0.06,10.95,1.48,16.26c0.78,2.93,2.49,5.41,5.42,6.19 C12.21,47.87,34,48,34,48s21.79-0.13,27.1-1.55c2.93-0.78,4.64-3.26,5.42-6.19C67.94,34.95,68,24,68,24S67.94,13.05,66.52,7.74z\" fill=\"#f00\"><\/path><path d=\"M 45,24 27,14 27,34\" fill=\"#fff\"><\/path><\/svg>\n          <img\n            data-src=\"https:\/\/www.machupicchuterra.com\/wp-content\/uploads\/5-tipos-de-boleto-machu-picchu.jpg\"\n            width=\"668px\"\n            height=\"375px\"\n            class=\"w-full lazy absolute\"\n            itemprop=\"image\"\n            alt=\"5 tipos de boleto Machu Picchu\"\n          \/>\n        <\/div>\n                <div id=\"player\" class=\"w-full aspect-video\"><\/div>\n                <div class=\"video-player__thumbs md:w-full flex items-center overflow-x-auto flex-nowrap p-2 bg-gray-50\">\n                <div data-video=\"28b6eVfTkco\" class=\"video-thumb flex-none w-36 h-20 mr-2 overflow-hidden active relative group\">\n                    <div class=\"absolute top-0 left-0 bg-secondary-600 bg-opacity-0 w-full h-full z-10 duration-150 ease-in-out group-hover:bg-opacity-50 cursor-pointer\"><\/div>\n                    <img data-src=\"https:\/\/img.youtube.com\/vi\/28b6eVfTkco\/hqdefault.jpg\" alt=\"5 tipos de boleto Machu Picch\" width=\"150px\" height=\"84px\" class=\"lazy absolute -translate-y-3.5\" itemprop=\"image\" \/>\n                <\/div>\n                <div data-video=\"8POWzfqx4XA\" class=\"video-thumb flex-none w-36 h-20 mr-2 overflow-hidden active relative group\">\n                    <div class=\"absolute top-0 left-0 bg-secondary-600 bg-opacity-0 w-full h-full z-10 duration-150 ease-in-out group-hover:bg-opacity-50 cursor-pointer\"><\/div>\n                    <img data-src=\"https:\/\/img.youtube.com\/vi\/8POWzfqx4XA\/hqdefault.jpg\" alt=\"Monta\u00f1a 7 colores de Palccoyo\" width=\"150px\" height=\"84px\" class=\"lazy absolute -translate-y-3.5\" itemprop=\"image\" \/>\n                <\/div>\n                <div data-video=\"VXl631ON3xQ\" class=\"video-thumb flex-none w-36 h-20 mr-2 overflow-hidden active relative group\">\n                    <div class=\"absolute top-0 left-0 bg-secondary-600 bg-opacity-0 w-full h-full z-10 duration-150 ease-in-out group-hover:bg-opacity-50 cursor-pointer\"><\/div>\n                    <img data-src=\"https:\/\/img.youtube.com\/vi\/VXl631ON3xQ\/hqdefault.jpg\" alt=\"Camino inca Machu Picchu\" width=\"150px\" height=\"84px\" class=\"lazy absolute -translate-y-3.5\" itemprop=\"image\" \/>\n                <\/div>\n                <a class=\"btn btn-outline-primary show-more-videos\">Carregue mais<\/a>\n                <\/div>\n            <\/div>\n        <\/div>\n    \r\n        <\/div>\r\n    <\/div>\r\n<\/div>\r\n<br>\r\n<div class=\"container section page-content\">\r\n    <h2 class=\"section-title text-center\">Contamos aspectos interessantes antes da sua viagem<\/h2>\r\n    <p class=\"text-justify\">Aprenda aspectos interessantes sobre a cultura e tradi\u00e7\u00f5es de Cusco: suas dan\u00e7as, costumes, atra\u00e7\u00f5es tur\u00edsticas e aspectos da viagem. Os \u00e1udios s\u00e3o elaborados por um guia tur\u00edstico oficial com vasta experi\u00eancia na viagem a Cusco e Machu Picchu. <\/p>\r\n    <br>\r\n    <div class=\"mtc-box\">\r\n        <div class=\"w--60\"><div class=\"mt-audio-box relative hidden\" data-type=\"playlist\" style=\"min-height:50px\">{\"audios\":[{\"iden\":\"Gr6Dwl\",\"nombre\":\"Onde comer barato na cidade de Cuzco\",\"descripcion\":\"A cidade de Cusco \\u00e9 um dos destinos tur\\u00edsticos mais baratos do mundo. Podes ir buscar a loi\\u00e7a a dois d\\u00f3lares.\",\"audio\":\"https:\\\/\\\/www.machupicchuterra.com\\\/wp-content\\\/uploads\\\/audios\\\/where_to_eat_cheaply_city_cuzco.mp3\",\"imagen\":\"https:\\\/\\\/www.machupicchuterra.com\\\/wp-content\\\/uploads\\\/cusco-comida-138x138-1.jpg\"},{\"iden\":\"XJPImM\",\"nombre\":\"Como visitar Machu Picchu pela rota econ\\u00f4mica Santa Teresa\",\"descripcion\":\"A rota para Machu Picchu por hidrel\\u00e9trica \\u00e9 a menos conhecida, mas tamb\\u00e9m a mais barata. Dura 8 horas e custa apenas cerca de 10 d\\u00f3lares.\",\"audio\":\"https:\\\/\\\/www.machupicchuterra.com\\\/wp-content\\\/uploads\\\/audios\\\/how_visit_machu_picchu_economic_route_santa_teresa.mp3\",\"imagen\":\"https:\\\/\\\/www.machupicchuterra.com\\\/wp-content\\\/uploads\\\/ruta-santa-teresa-mtaudio-.jpg\"},{\"iden\":\"S5c4uG\",\"nombre\":\"Como est\\u00e3o as pessoas de Cusco?\",\"descripcion\":\"Os povos de Cusco s\\u00e3o herdeiros da cultura Inca, assim que preservam alguns aspectos de seus antepassados como l\\u00edngua, religi\\u00e3o e muito mais.\",\"audio\":\"https:\\\/\\\/www.machupicchuterra.com\\\/wp-content\\\/uploads\\\/audios\\\/how_are_the_cusco_people.mp3\",\"imagen\":\"https:\\\/\\\/www.machupicchuterra.com\\\/wp-content\\\/uploads\\\/cusquenos-138x138-1.jpg\"},{\"iden\":\"TXp9hy\",\"nombre\":\"Qual era a verdadeira linguagem dos Incas\",\"descripcion\":\"Qu\\u00edchua era a l\\u00edngua mais difundida do Imp\\u00e9rio Inca. Mas era a linguagem da elite Inca?\",\"audio\":\"https:\\\/\\\/www.machupicchuterra.com\\\/wp-content\\\/uploads\\\/audios\\\/what_was_the_true_language_incas.mp3\",\"imagen\":\"https:\\\/\\\/www.machupicchuterra.com\\\/wp-content\\\/uploads\\\/idioma-incas-138x138-1.jpg\"},{\"iden\":\"oEEAGT\",\"nombre\":\"Qual \\u00e9 o bilhete de comboio mais barato para ir a Machu Picchu?\",\"descripcion\":\"H\\u00e1 v\\u00e1rios servi\\u00e7os de trem para Machu Picchu. Qual \\u00e9 o bilhete mais barato de todos?\",\"audio\":\"https:\\\/\\\/www.machupicchuterra.com\\\/wp-content\\\/uploads\\\/audios\\\/what_cheapest_train_ticket_machu_picchu.mp3\",\"imagen\":\"https:\\\/\\\/www.machupicchuterra.com\\\/wp-content\\\/uploads\\\/tren-machu-picchu-138x138-1.jpg\"}],\"script\":\"https:\\\/\\\/www.machupicchuterra.com\\\/br\\\/wp-content\\\/plugins\\\/mt-video-display\\\/public\\\/js\\\/wavesurfer.js\"}<\/div><\/div>\r\n        <div class=\"w--35 f--left m-auto\">\r\n            <p class=\"text-2xl font-bold text-center\">Obtenha todas as informa\u00e7\u00f5es que voc\u00ea precisa com estes \u00e1udios educacionais<\/p>\r\n            <p class=\"text-justify\">Aprenda aspectos interessantes sobre sua viagem a Cusco e Machu Picchu antes de viajar. Um guia tur\u00edstico oficial conta como \u00e9 o povo de Cusco, como viajar para os diferentes pontos tur\u00edsticos, qual entrada voc\u00ea deve escolher e muito mais.<\/p>\r\n            <div class=\"text-center m-t-30 m-b-15\">\r\n                <a href=\"https:\/\/www.machupicchuterra.com\/br\/audios\/\" role=\"button\" title=\"Ir a los audios\" class=\"btn btn-outline-primary\">Ou\u00e7a mais \u00e1udios<\/a>\r\n            <\/div>\r\n        <\/div>\r\n    <\/div>\r\n<\/div>\r\n<br>\r\n<div class=\"container section page-content\">\r\n    <h2 id=\"videos-audios\" class=\"section-title text-center\">Baixe gratuitamente o livro digital &#8216;Guia completo de Cusco e Machupicchu&#8217;<\/h2>\r\n    <p class=\"text-justify\">Obtenha todas as informa\u00e7\u00f5es completas sobre cada uma das atra\u00e7\u00f5es tur\u00edsticas de Cusco e Machu Picchu. Baixe gratuitamente o livro digital e leve-o com voc\u00ea durante sua viagem a Cusco. Todas as informa\u00e7\u00f5es no seu celular! <\/p>\r\n    <br>\r\n    <div class=\"mtc-box\">\r\n        <div class=\"w--60 m-auto text-center\">\r\n            <!-- [mt_show_youtube_videos] -->\r\n            <img decoding=\"async\" src=\"https:\/\/www.machupicchuterra.com\/wp-content\/uploads\/book-machu-picchu-media-l.jpg\">\r\n        <\/div>\r\n        <div class=\"w--35 f--left mt-10\">\r\n            <p class=\"text-2xl font-bold text-center\">Baixe nosso livro digital gratuitamente<\/p>\r\n            <p class=\"text-justify\">Em Machupicchu Terra temos um livro digital gratuito para todos, clientes ou n\u00e3o. Basta baix\u00e1-lo para o seu celular ou PC e conhecer todos os pontos tur\u00edsticos de Cusco. Fique bem informado!<\/p>\r\n            <!-- <div class=\"text-center p-3\"><img data-src=\"https:\/\/www.machupicchuterra.com\/wp-content\/uploads\/firma-paloma-v.png\" itemprop=\"image\" alt=\"imachupicchu\" width=\"180\" height=\"59px\" class=\"lazy\"><\/div> -->\r\n            <div class=\"text-center m-t-30 m-b-15\">\r\n                <a href=\"https:\/\/www.machupicchuterra.com\/br\/livro-guia-cusco-machupicchu\/\" role=\"button\" title=\"Libro Machupicchu Terra\" class=\"btn btn-outline-primary\" style=\"width: 15rem;\">Veja o conte\u00fado do livro<\/a>\r\n            <\/div>\r\n            <div class=\"flex items-center justify-center\">\r\n                <div class=\"my-5 p-3\"><img decoding=\"async\" src=\"https:\/\/www.machupicchuterra.com\/wp-content\/uploads\/logo-picaflor-i.png\" alt=\"machupicchuterra\" width=\"150\"><\/div>\r\n                <div class=\"my-5 p-3\"><img decoding=\"async\" src=\"https:\/\/www.machupicchuterra.com\/wp-content\/uploads\/imachupicchu-logo-i.png\" alt=\"imachupicchu\" width=\"150\"><\/div>\r\n            <\/div>\r\n        <\/div>\r\n    <\/div>\r\n<\/div>\r\n<br>\r\n<div class=\"container section page-content\">\r\n    <h2 id=\"videos-audios\" class=\"section-title text-center\">Fa\u00e7a um tour por Cusco no conforto da sua casa com nossa ferramenta 360\u00b0<\/h2>\r\n    <p class=\"text-justify\">Em Machupicchu Terra criamos tours virtuais pelos principais atrativos tur\u00edsticos de Cusco e Peru. Desta forma voc\u00ea poder\u00e1 fazer um tour digital muito interessante antes de fazer a viagem real aos diversos pontos tur\u00edsticos.<\/p>\r\n    <br>\r\n    <div class=\"mtc-box\">\r\n        <div class=\"w--35 m-auto\">\r\n            <p class=\"text-2xl font-bold text-center\">Assim s\u00e3o as ruas de Cusco em um tour 360\u00b0<\/p>\r\n            <p class=\"text-justify\">Com um \u00fanico clique voc\u00ea pode percorrer digitalmente as ruas hist\u00f3ricas de Cusco. Nossas galerias 360\u00b0 permitem que voc\u00ea mergulhe por um momento nas atra\u00e7\u00f5es tur\u00edsticas mais populares de Cusco e do Peru.<\/p>\r\n            <div class=\"text-center m-t-30 m-b-15\">\r\n                <span role=\"button\" title=\"Ir a los audios\" class=\"btn btn-outline-primary\">Veja mais tours em 360\u00b0<\/span>\r\n            <\/div>\r\n            <div class=\"flex items-center justify-center\">\r\n                <div class=\"my-5 p-3\"><img decoding=\"async\" src=\"https:\/\/www.machupicchuterra.com\/wp-content\/uploads\/logo-picaflor-i.png\" alt=\"machupicchuterra\" width=\"150\"><\/div>\r\n                <div class=\"my-5 p-3\"><img decoding=\"async\" src=\"https:\/\/www.machupicchuterra.com\/wp-content\/uploads\/360-galeria-i.png\" alt=\"360 machupicchuterra\" width=\"80\"><\/div>\r\n            <\/div>\r\n        <\/div>\r\n        <div class=\"w--60 f--left\">\r\n            <div class=\"mtc-video-wrapper\">\r\n                <div class=\"mtg-inline-container\" data-album=\"392\" data-shortcode=\"184\" data-image=\"3083\" data-cdn=\"https:\/\/d30oa1noalw1jv.cloudfront.net\" data-theme=\"1\" data-auth=\"0\"><\/div><div id=\"mtg-custom-html-184\" style=\"display:none;overflow-x:hidden;\"><\/div>\r\n            <\/div>\r\n        <\/div>\r\n    <\/div>\r\n<\/div>\r\n<br>\r\n<div class=\"container\">\r\n    <div class=\"section page-content\">\r\n        <h2 id=\"machupicchu\" class=\"text-center m-b-20\">V\u00eddeos educativos que motivam voc\u00ea a viajar<\/h2>\r\n        <p class=\"f-z-16 text-center\"><em>Na Machupicchu Terra temos v\u00eddeos educativos que motivam voc\u00ea a conhecer os principais destinos de Machu Picchu, Cusco e Peru. Cada atra\u00e7\u00e3o tur\u00edstica oferece uma experi\u00eancia diferente que vale a pena aproveitar. <\/em><\/p>\r\n        <div class=\"cards-a-wrapper m-t-30\">\r\n            <div class=\"mt-video-box bg-gray-50 rounded-md hidden p-2 my-4 border border-gray-100\" data-type=\"playlist\" show-title=\"si\">[{\"iden\":\"A1Xd0t\",\"titulo\":\"Viagem de trem para Machu Picchu\",\"descripcion\":\"O trem para Machu Picchu \\u00e9 um belo tour pelo Vale Sagrado dos Incas at\\u00e9 Aguas Calientes (Machu Picchu pueblo), no sop\\u00e9 da maravilha do Mundo.\",\"sd\":\"https:\\\/\\\/media.machupicchuterra.com\\\/uploads\\\/videos\\\/1670017167_trenes-guia-i-720mp4\",\"hd\":\"https:\\\/\\\/media.machupicchuterra.com\\\/uploads\\\/videos\\\/1670340877_trenes-guia-i-1280mp4\",\"fhd\":\"https:\\\/\\\/media.machupicchuterra.com\\\/uploads\\\/videos\\\/9422761276_trenes_guia_i.mp4\",\"imagen\":\"https:\\\/\\\/www.machupicchuterra.com\\\/wp-content\\\/uploads\\\/trenes-guia-v.jpg\",\"ajax\":\"1\"},{\"iden\":\"E497th\",\"titulo\":\"Esta \\u00e9 Machu Picchu\",\"descripcion\":\"O Imp\\u00e9rio dos Incas se estabeleceu em Cusco aproximadamente no ano 1,200 D. C. Sua origem se d\\u00e1 em rela\\u00e7\\u00e3o a duas famosas lendas: a) A Lenda de Manco C\\u00e1pac e Mama Ocllo\",\"sd\":\"https:\\\/\\\/media.machupicchuterra.com\\\/uploads\\\/videos\\\/1670345866_machupicchui-720.mp4\",\"hd\":\"https:\\\/\\\/media.machupicchuterra.com\\\/uploads\\\/videos\\\/1670346075_machupicchui-1280.mp4\",\"fhd\":\"https:\\\/\\\/media.machupicchuterra.com\\\/uploads\\\/videos\\\/1414884326_machupicchui.mp4\",\"imagen\":\"https:\\\/\\\/d3ek4ixtocbk6j.cloudfront.net\\\/XTcQEWA26NHE7YiWV6IZ1Z1aERBQiy\\\/machupicchurecorridovideo-700.jpg\",\"ajax\":\"1\"},{\"iden\":\"3FSdBF\",\"titulo\":\"Cidade de cusco\",\"descripcion\":\"Cusco \\u00e9 uma das cidades mais incr\\u00edveis da Am\\u00e9rica do Sul e um dos principais destinos do mundo. Seu nome 'Qosqo' significa 'umbigo do mundo' na l\\u00edngua dos incas, o Qu\\u00edchua.\",\"sd\":\"https:\\\/\\\/media.machupicchuterra.com\\\/uploads\\\/videos\\\/1670347069_ciudad-cusco-i-720.mp4\",\"hd\":\"https:\\\/\\\/media.machupicchuterra.com\\\/uploads\\\/videos\\\/1670347123_ciudad-cusco-i-1280.mp4\",\"fhd\":\"https:\\\/\\\/media.machupicchuterra.com\\\/uploads\\\/videos\\\/5262946479_ciudad_cusco_i.mp4\",\"imagen\":\"https:\\\/\\\/d3ek4ixtocbk6j.cloudfront.net\\\/cx0Fodj6QKEnpekEZTC5p1WH98nZJ9\\\/ciudaddelcuscovideo-700.jpg\",\"ajax\":\"1\"},{\"iden\":\"IFJPrp\",\"titulo\":\"Viagem de \\u00f4nibus para Machu Picchu\",\"descripcion\":\"A rota para Machu Picchu pela Via Cusco-hidrel\\u00e9trica \\u00e9 um caminho alternativo usado na maioria dos casos por viajantes aventureiros. Esta viagem \\u00e9 mais longa. Demora 6 ou 7 horas, mas \\u00e9 mais barato do que a viagem de trem.\",\"sd\":\"https:\\\/\\\/media.machupicchuterra.com\\\/uploads\\\/videos\\\/1670346553_busmachupicchui-720.mp4\",\"hd\":\"https:\\\/\\\/media.machupicchuterra.com\\\/uploads\\\/videos\\\/1670346690_busmachupicchui-1280.mp4\",\"fhd\":\"https:\\\/\\\/media.machupicchuterra.com\\\/uploads\\\/videos\\\/6374859757_busmachupicchui.mp4\",\"imagen\":\"https:\\\/\\\/d3ek4ixtocbk6j.cloudfront.net\\\/xLa0eAX9h69piPpuI9IhhOE3dDBJMb\\\/busesmachupicchuvideo-700.jpg\",\"ajax\":\"1\"},{\"iden\":\"erpAzb\",\"titulo\":\"Como \\u00e9 a cidade de Aguas Calientes?\",\"descripcion\":\"Aguas Calientes \\u00e9 o povoado mais pr\\u00f3ximo de Machu Picchu, por isso conta com hot\\u00e9is, restaurantes e muito mais.\",\"sd\":\"https:\\\/\\\/media.machupicchuterra.com\\\/uploads\\\/videos\\\/1670347828_aguas-calientes-i-720.mp4\",\"hd\":\"https:\\\/\\\/media.machupicchuterra.com\\\/uploads\\\/videos\\\/1670347887_aguas-calientes-i-1280.mp4\",\"fhd\":\"https:\\\/\\\/media.machupicchuterra.com\\\/uploads\\\/videos\\\/3978152115_aguas_calientes_i.mp4\",\"imagen\":\"https:\\\/\\\/d3ek4ixtocbk6j.cloudfront.net\\\/wPhCG27CyIoX9SQDGItMIBLoYbWYI4\\\/aguascalientesvideo-700.jpg\",\"ajax\":\"1\"}]<\/div>\r\n        <\/div>\r\n        <!-- <div class=\"text-center\"><a href=\"https:\/\/www.machupicchuterra.com\/es\/videos\/\" role=\"button\" title=\"Videos MachupicchuTerra\" class=\"btn btn-outline-primary js-button-download\" style=\"width: 250px;\">Ver mas videos<\/a><\/div> -->\r\n        <div class=\"text-center m-t-30 m-b-15\">\r\n            <a href=\"https:\/\/www.machupicchuterra.com\/br\/videos\/\" role=\"button\" title=\"Videos Machupicchuterra\" class=\"btn btn-outline-primary\" style=\"width: 15rem;\">Veja mais v\u00eddeos<\/a>\r\n        <\/div>\r\n    <\/div>\r\n<\/div>","protected":false},"excerpt":{"rendered":"Ferramentas multim\u00eddia \u2013 Machupicchu Terra Explore cada atra\u00e7\u00e3o tur\u00edstica em Cusco e no Peru Na Machupicchu Terra criamos uma ferramenta multim\u00eddia que facilita a navega\u00e7\u00e3o por cada atra\u00e7\u00e3o tur\u00edstica de Cusco e Peru. Localize o destino que deseja visitar e descubra de forma f\u00e1cil e educativa. Encontre o destino tur\u00edstico de sua prefer\u00eancia e descubra [&hellip;]","protected":false},"author":1,"featured_media":0,"parent":0,"menu_order":0,"comment_status":"closed","ping_status":"closed","template":"page-banner-video.php","meta":{"footnotes":""},"class_list":["post-4294","page","type-page","status-publish","hentry"],"_links":{"self":[{"href":"https:\/\/www.machupicchuterra.com\/br\/wp-json\/wp\/v2\/pages\/4294","targetHints":{"allow":["GET"]}}],"collection":[{"href":"https:\/\/www.machupicchuterra.com\/br\/wp-json\/wp\/v2\/pages"}],"about":[{"href":"https:\/\/www.machupicchuterra.com\/br\/wp-json\/wp\/v2\/types\/page"}],"author":[{"embeddable":true,"href":"https:\/\/www.machupicchuterra.com\/br\/wp-json\/wp\/v2\/users\/1"}],"replies":[{"embeddable":true,"href":"https:\/\/www.machupicchuterra.com\/br\/wp-json\/wp\/v2\/comments?post=4294"}],"version-history":[{"count":4,"href":"https:\/\/www.machupicchuterra.com\/br\/wp-json\/wp\/v2\/pages\/4294\/revisions"}],"predecessor-version":[{"id":4314,"href":"https:\/\/www.machupicchuterra.com\/br\/wp-json\/wp\/v2\/pages\/4294\/revisions\/4314"}],"wp:attachment":[{"href":"https:\/\/www.machupicchuterra.com\/br\/wp-json\/wp\/v2\/media?parent=4294"}],"curies":[{"name":"wp","href":"https:\/\/api.w.org\/{rel}","templated":true}]}}