{"id":4255,"date":"2023-10-17T17:49:32","date_gmt":"2023-10-17T17:49:32","guid":{"rendered":"https:\/\/www.machupicchuterra.com\/br\/?page_id=4255"},"modified":"2023-10-18T17:22:32","modified_gmt":"2023-10-18T17:22:32","slug":"museus-arequipa","status":"publish","type":"page","link":"https:\/\/www.machupicchuterra.com\/br\/museus-arequipa\/","title":{"rendered":"Museus de Arequipa"},"content":{"rendered":"<!-- [shortcodeelement id=\"x3wBzL\"] -->\r\n<div class=\"container\">\r\n    <hr><br>\r\n    <h1 class=\"section-title-36 m-t-30 p-b-30 text-center\">Museus de Arequipa<\/h1>\r\n    <!-- <p class=\"text-lg mb-8\">Per\u00fa es un pa\u00eds pluricultural, detalle que pone en controversia muchos aspectos y relaciones dentro del pa\u00eds. Todas las diferentes costumbres y tradiciones que se pueden ver en las regiones de todo el Per\u00fa las podr\u00e1s encontrar aqu\u00ed. Tambi\u00e9n encontrar\u00e1s detalles de celebraciones religiosas que perduran, otras que se perdieron con el tiempo y otras m\u00e1s que emergieron y se van popularizando entre toda la poblaci\u00f3n peruana.<\/p> -->\r\n    <div class=\"single-paragraph\">\r\n        <figure>\r\n            <div class=\"text-center\">\r\n                <img data-src=\"https:\/\/www.machupicchuterra.com\/wp-content\/uploads\/momia-juanita-media.jpg\" class=\"lazy\" alt=\"Museu dos Santu\u00e1rios Andinos de Arequipa\">\r\n            <\/div>\r\n        <\/figure>\r\n    <\/div>\r\n    <div class=\"section page-content\">\r\n        <!-- <div class=\"single-paragraph single-anclas\">\r\n            <ul class=\"anclas\">\r\n                <li><a href=\"#costumbres-tradiciones\">Las costumbres y tradiciones<\/a><\/li>\r\n                <li><a href=\"#costumbres-andinas\">Costumbres andinas en Per\u00fa<\/a><\/li>\r\n                <li><a href=\"#costumbres-coloniales\">Costumbres y coloniales del Per\u00fa<\/a><\/li>\r\n                <li><a href=\"#festividades-populares\">\u00bfCu\u00e1les son las festividades del m\u00e1s populares del Per\u00fa?<\/a><\/li>\r\n            <\/ul>\r\n        <\/div> -->\r\n        <hr class=\"my-10\">\r\n        <h2 class=\"text-2xl\">Arequipa antes da era Inca<\/h2>\r\n        <p class=\"text-justify\">Os primeiros habitantes da regi\u00e3o de Arequipa dedicaram-se \u00e0 pesca, \u00e0 ca\u00e7a (principalmente auqu\u00e9n\u00eddeos) e \u00e0 coleta de alimentos de origem natural. Essas primeiras pessoas foram agrupadas em fam\u00edlias ou grupos \u00e9tnicos e eram n\u00f4mades. V\u00e1rios estudos indicam que o territ\u00f3rio de Arequipa, antes da chegada dos Aymaras, era ocupado por etnias Puquina. Isto \u00e9 demonstrado pela descoberta em 1942 do assentamento Kasa-Patak Puquina.<\/p>\r\n        <p>Com o desenvolvimento cultural desses grupos \u00e9tnicos, foram constru\u00eddos sistemas de irriga\u00e7\u00e3o e \u00e1reas de cultivo incipientes, apesar da \u00e1rida geografia andina. Os primeiros habitantes da atual cidade de Arequipa foram os Yarabayas e os Chimbas. Outros grupos \u00e9tnicos localizados no alto da Cordilheira dos Andes tamb\u00e9m se destacaram, como os Col\u00e1guas e os Cabanas. Antes do s\u00e9culo XIV, o Vale do Chili apresentava um desenvolvimento incipiente na agricultura e na cer\u00e2mica.<\/p>\r\n        <hr class=\"my-10\">\r\n        <h2 class=\"text-2xl\">Arequipa durante a era Inca <\/h2>\r\n        <p>Estima-se que os Incas chegaram ao Vale do Chili no s\u00e9culo XIV sob a lideran\u00e7a de Mayta C\u00e1pac, que ordenou uma cerca de vigil\u00e2ncia contra as etnias Yanaguara e Chumbivilca. Na \u00e9poca, os Incas eram um curacazgo que lutava para se expandir nas montanhas do sul, em rivalidade com seus inimigos mais fervorosos, os Chancas. Derrotados os Chancas, sob a lideran\u00e7a do imperador Pachacutec, come\u00e7aram as campanhas para conquistar o Vale do Chili.<\/p>\r\n        <p><strong>Os Incas subjugaram os povos nativos de Arequipa atrav\u00e9s do sistema de mitimaes e da pr\u00e1tica de uma campanha para ensinar a l\u00edngua qu\u00edchua e as pr\u00e1ticas religiosas incas.<\/strong> Quanto ao nome &#8216;Arequipa&#8217;, as cr\u00f4nicas do Inca Garcilaso de la Vega indicam que quando Mayta C\u00e1pac chegou ao Vale do Chili disse na l\u00edngua qu\u00edchua &#8216;Ari qquepay&#8217;, que significa &#8216;Vamos ficar aqui&#8217;. A verdade \u00e9 que, ap\u00f3s a funda\u00e7\u00e3o inca de Arequipa, foram distribu\u00eddas as aldeias de Yanahuara, Cayma, Paucarpata, Tiabaya, Socabaya, Chiguata e Characato.<\/p>\r\n        <p>Durante a era Inca, a atual regi\u00e3o de Arequipa fazia parte de Contisuyo, regi\u00e3o de grande import\u00e2ncia religiosa devido \u00e0 exist\u00eancia de picos nevados, considerados &#8216;apus&#8217; ou deuses sagrados. Isto \u00e9 demonstrado pelos achados de sacrif\u00edcios de crian\u00e7as, o famoso ritual Capacocha, nas in\u00f3spitas neves de Misti (5.822 metros acima do n\u00edvel do mar), Chachani (6.057 metros acima do n\u00edvel do mar), Pichu Pichu (5.664 metros acima do n\u00edvel do mar), Coropuna ( 6.377 metros acima do n\u00edvel do mar) e Ampato (6.288 metros acima do n\u00edvel do mar). Neste \u00faltimo, por exemplo, foi encontrado o corpo mumificado de uma menina, popularmente batizada como &#8216;a menina Juanita&#8217; (atualmente no museu dos Santu\u00e1rios Andinos de Arequipa).<\/p>\r\n        <hr class=\"my-10\">\r\n        <h2 class=\"text-2xl\">Colonialismo em Arequipa <\/h2>\r\n        <p>A cidade de Arequipa foi fundada em 15 de agosto de 1540 pelo tenente governante Garci Manuel de Carbajal e denominada &#8216;Villa de la Asunci\u00f3n de Nuestra Se\u00f1ora del Valle Hermoso de Arequipa&#8217;. Antes, em 1534, os espanh\u00f3is chegaram a Cusco, fundando uma nova cidade espanhola e consolidando o seu dom\u00ednio sobre os Incas. Ap\u00f3s a funda\u00e7\u00e3o, os lotes foram distribu\u00eddos, dedicando um espa\u00e7o para a Catedral, a Companhia de Jesus e nomeando Juan de la Torre e D\u00edaz Chac\u00f3n como primeiros prefeitos.<\/p>\r\n        <p><strong>Em 1571, o vice-rei Francisco de Toledo concedeu \u00e0 cidade de Arequipa o t\u00edtulo de &#8216;muito nobre e muito leal&#8217; pela sua lealdade \u00e0 coroa espanhola.<\/strong> E a cidade era ocupada principalmente por pessoas de origem espanhola. Naquela \u00e9poca, os principais templos e casar\u00f5es coloniais foram constru\u00eddos com o material vulc\u00e2nico mais abundante da regi\u00e3o: a silhar. A cidade de Arequipa desempenhou um importante papel comercial porque estava localizada perto dos portos de Quilca, Islay e Mollendo.<\/p>\r\n        <p>Contudo, ap\u00f3s mais de tr\u00eas s\u00e9culos de colonialismo, Arequipa n\u00e3o ficou imune \u00e0s correntes emancipat\u00f3rias. A cidade acolheu com alegria a entrada das tropas de Mateo Pumacahua. Inclusive parte de sua popula\u00e7\u00e3o aderiu \u00e0 famosa revolu\u00e7\u00e3o de T\u00fapac Amaru II, em Cusco. Tal como em outras regi\u00f5es do Peru, o movimento independentista acabou por atingir o seu objetivo. Em Arequipa, como produto dessas guerras e mortes, foi erguida a figura do jovem poeta Mariano Melgar, fuzilado em 1815 pelo ex\u00e9rcito espanhol.<\/p>\r\n        <p>Finalmente, desde o in\u00edcio da era do vice-reinado do Peru em 1543 at\u00e9 o seu final em 1821, Arequipa adotou profundas mudan\u00e7as em sua cultura, religi\u00e3o, arquitetura, idioma e muito mais. Vale destacar a extirpa\u00e7\u00e3o dos deuses de origem inca e pr\u00e9-inca para dar lugar ao culto aos deuses crist\u00e3os. Em resumo, Arequipa teve muita influ\u00eancia da \u00e9poca colonial, o que transformou aspectos culturais que persistem at\u00e9 hoje.<\/p>\r\n        <hr class=\"my-10\">\r\n        <h2 class=\"text-2xl\">Arequipa atualmente<\/h2>\r\n        <p>Arequipa \u00e9 atualmente a segunda maior e mais populosa cidade do Peru, depois de Lima (de acordo com o censo de 2017, tem uma popula\u00e7\u00e3o de 1.460.433 habitantes). As suas principais fontes econ\u00f3micas s\u00e3o a minera\u00e7\u00e3o, o com\u00e9rcio, a pecu\u00e1ria, a agricultura e o turismo. O Vale do Colca \u00e9 o seu principal destino tur\u00edstico. Em 2018, 298.442 visitantes entraram no Vale do Colca. Outras das suas principais atrac\u00e7\u00f5es tur\u00edsticas s\u00e3o: o Mosteiro de Santa Catalina, a Reserva Paisag\u00edstica de Cotahuasi, o Santu\u00e1rio Nacional Lagunas de Mej\u00eda e a Reserva Nacional Salinas y Aguada Blanca.<\/p>\r\n        <p><strong>Arequipa \u00e9 tamb\u00e9m conhecida por oferecer uma das melhores cozinhas do Peru.<\/strong> Esta \u00e9 baseada nas suas picanterias, onde s\u00e3o preparados pratos como chupe de camarones, solterito, rocoto relleno, picante de camarones, queso helado, adobo arequipe\u00f1o e outros. A regi\u00e3o tamb\u00e9m \u00e9 famosa pelas suas dan\u00e7as, como o wititi, o montonero arequipe\u00f1o, o carnaval, os turcos de Cacharpari, a dan\u00e7a do Chaco e muito mais. Arequipa \u00e9 conhecida como &#8220;a cidade branca&#8221; devido aos seus edif\u00edcios coloniais e modernos feitos de pedra sillar. \u00c9 uma das principais regi\u00f5es do Peru.<\/p>\r\n        <hr class=\"my-10\">\r\n        <br>\r\n        <hr class=\"my-10\">\r\n        <h2 class=\"text-2xl\">Os museus de Arequipa que n\u00e3o pode deixar de visitar<\/h2>\r\n        <br>\r\n        <div class=\"block lg:grid lg:grid-cols-2 lg:gap-x-10 mt-4\">\r\n            <div class=\"card group\">\r\n                <div class=\"card-img sm:w-40 md:w-52 sm:rounded-l\">\r\n                    <img decoding=\"async\" class=\"lazy card-img loaded\" alt=\"Museu dos Santu\u00e1rios Andinos de Arequipa\" data-ll-status=\"loaded\" src=\"https:\/\/www.machupicchuterra.com\/wp-content\/uploads\/i-santuarios-andinos.jpg\">\r\n                <\/div>\r\n                <div class=\"card-content\">\r\n                    <h3 class=\"card-title text-xl\">Museu dos Santu\u00e1rios Andinos de Arequipa<\/h3>\r\n                    <p class=\"text-sm\">Famoso museu em Arequipa que exibe o corpo da rapariga sacrificada nos tempos dos Incas, a \u201cm\u00famia Juanita\u201d.<\/p>\r\n                <\/div>\r\n                <a href=\"https:\/\/www.machupicchuterra.com\/br\/arequipa\/cidade-arequipa\/museu-santuarios-andinos\" class=\"card-link\" target=\"_self\" rel=\"noopener noreferrer\"><\/a>\r\n            <\/div>\r\n            <div class=\"card group\">\r\n                <div class=\"card-img sm:w-40 md:w-52 sm:rounded-l\">\r\n                    <img decoding=\"async\" alt=\"A Casa Moral\" class=\"lazy card-img loaded\" data-ll-status=\"loaded\" src=\"https:\/\/www.machupicchuterra.com\/wp-content\/uploads\/i-casa-moral-arequipa.jpg\">\r\n                <\/div>\r\n                <div class=\"card-content\">\r\n                    <h3 class=\"card-title text-xl\">A Casa Moral<\/h3>\r\n                    <p class=\"text-sm\">O museu La Casa Moral exibe pe\u00e7as hist\u00f3ricas do s\u00e9culo XVIII, como m\u00f3veis, obras de arte e muito mais.<\/p>\r\n                <\/div>\r\n                <a href=\"https:\/\/www.machupicchuterra.com\/br\/arequipa\/cidade-arequipa\/casa-moral\" class=\"card-link\" target=\"_self\" rel=\"noopener noreferrer\"><\/a>\r\n            <\/div>\r\n            <div class=\"card group\">\r\n                <div class=\"card-img sm:w-40 md:w-52 sm:rounded-l\">\r\n                    <img decoding=\"async\" alt=\"Museu Casa Mario Vargas Llosa\" class=\"lazy card-img loaded\" data-ll-status=\"loaded\" src=\"https:\/\/www.machupicchuterra.com\/wp-content\/uploads\/i-museo-mario-vargas-llosa.jpg\">\r\n                <\/div>\r\n                <div class=\"card-content\">\r\n                    <h3 class=\"card-title text-xl\">Museu Casa Mario Vargas Llosa<\/h3>\r\n                    <p class=\"text-sm\">Casa e museu onde viveu o ganhador do Pr\u00eamio Nobel de Literatura Mario Vargas Llosa, natural de Arequipa. <\/p>\r\n                <\/div>\r\n                <a href=\"https:\/\/www.machupicchuterra.com\/br\/arequipa\/cidade-arequipa\/casa-museu-mario-vargas-llosa\" class=\"card-link\" target=\"_self\" rel=\"noopener noreferrer\"><\/a>\r\n            <\/div>\r\n            <div class=\"card group\">\r\n                <div class=\"card-img sm:w-40 md:w-52 sm:rounded-l\">\r\n                    <img decoding=\"async\" alt=\"A Catedral de Arequipa\" class=\"lazy card-img loaded\" data-ll-status=\"loaded\" src=\"https:\/\/www.machupicchuterra.com\/wp-content\/uploads\/i-catedral-arequipa.jpg\">\r\n                <\/div>\r\n                <div class=\"card-content\">\r\n                    <h3 class=\"card-title text-xl\">A Catedral de Arequipa<\/h3>\r\n                    <p class=\"text-sm\">A Catedral exibe obras de arte colonial como telas, esculturas, objetos de ouro e prata e m\u00f3veis dos s\u00e9culos XVI, XVII e XVIII.<\/p>\r\n                <\/div>\r\n                <a href=\"https:\/\/www.machupicchuterra.com\/br\/arequipa\/cidade-arequipa\/catedral-arequipa\" class=\"card-link\" target=\"_self\" rel=\"noopener noreferrer\"><\/a>\r\n            <\/div>\r\n            <div class=\"card group\">\r\n                <div class=\"card-img sm:w-40 md:w-52 sm:rounded-l\">\r\n                    <img decoding=\"async\" alt=\"A igreja da Companhia de Jesus\" class=\"lazy card-img loaded\" data-ll-status=\"loaded\" src=\"https:\/\/www.machupicchuterra.com\/wp-content\/uploads\/i-iglesia-compania-jesus-arequipa.jpg\">\r\n                <\/div>\r\n                <div class=\"card-content\">\r\n                    <h3 class=\"card-title text-xl\">A igreja da Companhia de Jesus <\/h3>\r\n                    <p class=\"text-sm\">Igreja administrada pelos Jesu\u00edtas que apresenta uma bela estrutura colonial, al\u00e9m de obras de arte em seu interior.<\/p>\r\n                <\/div>\r\n                <a href=\"https:\/\/www.machupicchuterra.com\/br\/arequipa\/cidade-arequipa\/igreja-companhia-jesus-arequipa\" class=\"card-link\" target=\"_self\" rel=\"noopener noreferrer\"><\/a>\r\n            <\/div>\r\n            <div class=\"card group\">\r\n                <div class=\"card-img sm:w-40 md:w-52 sm:rounded-l\">\r\n                    <img decoding=\"async\" alt=\"A mans\u00e3o do fundador\" class=\"lazy card-img loaded\" data-ll-status=\"loaded\" src=\"https:\/\/www.machupicchuterra.com\/wp-content\/uploads\/i-mansion-fundador-arequipa.jpg\">\r\n                <\/div>\r\n                <div class=\"card-content\">\r\n                    <h3 class=\"card-title text-xl\">A mans\u00e3o do fundador<\/h3>\r\n                    <p class=\"text-sm\">Museu na zona rural da cidade que foi mans\u00e3o de Garc\u00ed Manuel de Carbajal, fundador da cidade de Arequipa em 1540.<\/p>\r\n                <\/div>\r\n                <a href=\"https:\/\/www.machupicchuterra.com\/br\/arequipa\/cidade-arequipa\/mansao-fundador\" class=\"card-link\" target=\"_self\" rel=\"noopener noreferrer\"><\/a>\r\n            <\/div>\r\n            <div class=\"card group\">\r\n                <div class=\"card-img sm:w-40 md:w-52 sm:rounded-l\">\r\n                    <img decoding=\"async\" alt=\"O Mosteiro de Santa Catarina\" class=\"lazy card-img loaded\" data-ll-status=\"loaded\" src=\"https:\/\/www.machupicchuterra.com\/wp-content\/uploads\/i-monasterio-santa-catalina-arequipa.jpg\">\r\n                <\/div>\r\n                <div class=\"card-content\">\r\n                    <h3 class=\"card-title text-xl\">O Mosteiro de Santa Catarina<\/h3>\r\n                    <p class=\"text-sm\">Famoso museu colonial de Arequipa que exp\u00f5e a vida mon\u00e1stica no convento de Santa Catalina (s\u00e9culo XVI). <\/p>\r\n                <\/div>\r\n                <a href=\"https:\/\/www.machupicchuterra.com\/br\/arequipa\/cidade-arequipa\/mosteiro-santa-catalina\" class=\"card-link\" target=\"_self\" rel=\"noopener noreferrer\"><\/a>\r\n            <\/div>\r\n            <div class=\"card group\">\r\n                <div class=\"card-img sm:w-40 md:w-52 sm:rounded-l\">\r\n                    <img decoding=\"async\" alt=\"Museu de Arte do Vice-reinado de Santa Teresa\" class=\"lazy card-img loaded\" data-ll-status=\"loaded\" src=\"https:\/\/www.machupicchuterra.com\/wp-content\/uploads\/i-arte-virreynal-arequipa.jpg\">\r\n                <\/div>\r\n                <div class=\"card-content\">\r\n                    <h3 class=\"card-title text-xl\">Museu de Arte do Vice-reinado de Santa Teresa<\/h3>\r\n                    <p class=\"text-sm\">Museu que exp\u00f5e telas, esculturas, murais da \u00e9poca do vice-reinado de Arequipa (s\u00e9culos XVI, XVII e XVIII).<\/p>\r\n                <\/div>\r\n                <a href=\"https:\/\/www.machupicchuterra.com\/br\/arequipa\/cidade-arequipa\/museu-arte-viceregal\" class=\"card-link\" target=\"_self\" rel=\"noopener noreferrer\"><\/a>\r\n            <\/div>\r\n            <div class=\"card group\">\r\n                <div class=\"card-img sm:w-40 md:w-52 sm:rounded-l\">\r\n                    <img decoding=\"async\" alt=\"O Pal\u00e1cio Goyeneche\" class=\"lazy card-img loaded\" data-ll-status=\"loaded\" src=\"https:\/\/www.machupicchuterra.com\/wp-content\/uploads\/i-goyeneche.jpg\">\r\n                <\/div>\r\n                <div class=\"card-content\">\r\n                    <h3 class=\"card-title text-xl\">O Pal\u00e1cio Goyeneche<\/h3>\r\n                    <p class=\"text-sm\">Casa-museu do famoso Bispo Goyeneche que exibe arquitetura neocl\u00e1ssica e obras de arte de grande valor.<\/p>\r\n                <\/div>\r\n                <a href=\"https:\/\/www.machupicchuterra.com\/br\/arequipa\/cidade-arequipa\/palacio-goyeneche\" class=\"card-link\" target=\"_self\" rel=\"noopener noreferrer\"><\/a>\r\n            <\/div>\r\n        <\/div>\r\n        <hr class=\"my-10\">\r\n        <h2 class=\"text-2xl\">Perguntas e respostas sobre os museus de Arequipa<\/h2>\r\n        <ul>\r\n            <li>\r\n                <h3>Qual \u00e9 o melhor museu de Arequipa?<\/h3>\r\n                <p>O Museu e Convento de Santa Catalina \u00e9 considerado o melhor da cidade de Arequipa. Recebe cerca de 238 mil turistas por ano. <\/p>\r\n            <\/li>\r\n            <li>\r\n                <h3>Que museus visitar na cidade de Arequipa?<\/h3>\r\n                <p>Na cidade de Arequipa voc\u00ea pode visitar museus como: o Mosteiro de Santa Catalina, o Museu dos Santu\u00e1rios Andinos, o Museu de Arte do Vice-reinado, bem como os museus da Catedral e da Igreja da Companhia de Jesus de Arequipa.<\/p>\r\n            <\/li>\r\n            <li>\r\n                <h3>Que museu exp\u00f5e a m\u00famia Juanita?<\/h3>\r\n                <p>Em Arequipa existem museus que exibem pe\u00e7as coloniais originais, entre os quais se destacam: o Museu de Arte do Vice-reinado de Santa Teresa, o museu do Mosteiro de Santa Catalina, o museu da Companhia de Jesus e o museu da Catedral de Arequipa.<\/p>\r\n            <\/li>\r\n            <li>\r\n                <h3>Que museu exp\u00f5e pe\u00e7as coloniais em Arequipa?<\/h3>\r\n                <p>Existem v\u00e1rios museus que exibem obras de arte colonial em Cusco. Entre eles, destaca-se o Museu de Arte Sacra de Cusco, que exibe a maior cole\u00e7\u00e3o de arte do vice-reinado como telas, m\u00f3veis e elementos lit\u00fargicos de prata e ouro.<\/p>\r\n            <\/li>\r\n            <li>\r\n                <h3>Onde fica o museu dos Santu\u00e1rios Andinos?<\/h3>\r\n                <p>O museu Santu\u00e1rios Andinos est\u00e1 localizado no centro hist\u00f3rico da cidade de Arequipa, na rua La Merced, 110. A entrada geral custa 25 soles peruanos.<\/p>\r\n            <\/li>\r\n            <li>\r\n                <h3>Em que museu de Arequipa posso ver pe\u00e7as originais incas?<\/h3>\r\n                <p>O museu dos Santu\u00e1rios Andinos exibe pe\u00e7as incas originais, encontradas nas alturas nevadas de Arequipa na cerim\u00f4nia de sacrif\u00edcio de crian\u00e7as, a &#8216;capacocha&#8217; dos Incas.<\/p>\r\n            <\/li>\r\n            <li>\r\n                <h3>Existe um museu no Canyon do Colca?<\/h3>\r\n                <p>No Vale do Colca pode-se visitar o Museu Yanque, administrado pela Universidade Cat\u00f3lica de Santa Mar\u00eda. O museu etnogr\u00e1fico mostra o processo evolutivo do vale, a sua flora, fauna e tradi\u00e7\u00f5es.<\/p>\r\n            <\/li>\r\n            <li>\r\n                <h3>Onde fica o Museu de Santa Catalina? Quanto custa?<\/h3>\r\n                <p>O Museu de Santa Catalina, um dos mais visitados de Arequipa, est\u00e1 localizado no centro hist\u00f3rico, na Rua Santa Catalina 301. Seu hor\u00e1rio de funcionamento \u00e9 de segunda a domingo, das 9h \u00e0s 17h.<\/p>\r\n            <\/li>\r\n        <\/ul>\r\n    <\/div>\r\n<\/div>","protected":false},"excerpt":{"rendered":"Museus de Arequipa Arequipa antes da era Inca Os primeiros habitantes da regi\u00e3o de Arequipa dedicaram-se \u00e0 pesca, \u00e0 ca\u00e7a (principalmente auqu\u00e9n\u00eddeos) e \u00e0 coleta de alimentos de origem natural. Essas primeiras pessoas foram agrupadas em fam\u00edlias ou grupos \u00e9tnicos e eram n\u00f4mades. V\u00e1rios estudos indicam que o territ\u00f3rio de Arequipa, antes da chegada dos [&hellip;]","protected":false},"author":1,"featured_media":0,"parent":0,"menu_order":0,"comment_status":"closed","ping_status":"closed","template":"","meta":{"footnotes":""},"class_list":["post-4255","page","type-page","status-publish","hentry"],"_links":{"self":[{"href":"https:\/\/www.machupicchuterra.com\/br\/wp-json\/wp\/v2\/pages\/4255","targetHints":{"allow":["GET"]}}],"collection":[{"href":"https:\/\/www.machupicchuterra.com\/br\/wp-json\/wp\/v2\/pages"}],"about":[{"href":"https:\/\/www.machupicchuterra.com\/br\/wp-json\/wp\/v2\/types\/page"}],"author":[{"embeddable":true,"href":"https:\/\/www.machupicchuterra.com\/br\/wp-json\/wp\/v2\/users\/1"}],"replies":[{"embeddable":true,"href":"https:\/\/www.machupicchuterra.com\/br\/wp-json\/wp\/v2\/comments?post=4255"}],"version-history":[{"count":2,"href":"https:\/\/www.machupicchuterra.com\/br\/wp-json\/wp\/v2\/pages\/4255\/revisions"}],"predecessor-version":[{"id":4291,"href":"https:\/\/www.machupicchuterra.com\/br\/wp-json\/wp\/v2\/pages\/4255\/revisions\/4291"}],"wp:attachment":[{"href":"https:\/\/www.machupicchuterra.com\/br\/wp-json\/wp\/v2\/media?parent=4255"}],"curies":[{"name":"wp","href":"https:\/\/api.w.org\/{rel}","templated":true}]}}