{"id":4247,"date":"2023-10-17T17:24:53","date_gmt":"2023-10-17T17:24:53","guid":{"rendered":"https:\/\/www.machupicchuterra.com\/br\/?page_id=4247"},"modified":"2023-10-17T17:26:05","modified_gmt":"2023-10-17T17:26:05","slug":"pdf-informacao","status":"publish","type":"page","link":"https:\/\/www.machupicchuterra.com\/br\/pdf-informacao\/","title":{"rendered":"Machupicchu Terra \u2013 Baixe, aprenda e viaje!"},"content":{"rendered":"<div class=\"container\">\r\n    <hr><br>\r\n    <h1 id=\"audios-cusco\" class=\"section-title-36 text-center m-b-20\">Machupicchu Terra \u2013 Baixe, aprenda e viaje!<\/h1>\r\n    <p class=\"text-lg mb-8\"><strong>Na Machupicchu Terra temos o compromisso de fornecer as informa\u00e7\u00f5es mais claras sobre a viagem a Machu Picchu, Cusco e resto do Peru<\/strong>. \u00c9 por isso que temos diversas publica\u00e7\u00f5es como livros, revistas e PDFs. Nesta se\u00e7\u00e3o voc\u00ea pode baixar todo o nosso material did\u00e1tico. Baixe, aprenda e viaje! <\/p>\r\n    <hr class=\"my-10\">\r\n    <div class=\"single-paragraph single-anclas\">\r\n        <p class=\"font-semibold p-highlighted text-center\">Categor\u00edas<\/p>\r\n        <ul class=\"anclas\">\r\n            <li><a href=\"#libro-cusco-machu-picchu\">Livro Guia Completo de Cusco e Machu Picchu<\/a><\/li>\r\n            <li><a href=\"#revista-inti-raymi\">Revista Inti Raymi<\/a><\/li>\r\n            <!-- <li><a href=\"#pdfs-tours-clasicos-machu-picchu\">PDFs das tours cl\u00e1ssicas a Machu Picchu<\/a><\/li>\r\n            <li><a href=\"#pdfs-tours-clasicos-cusco\">PDFs de tours cl\u00e1ssicos a Cusco<\/a><\/li>\r\n            <li><a href=\"#pdfs-rutas-senderismo\">PDFs de rotas de caminhadas (treks)<\/a><\/li>\r\n            <li><a href=\"#pdfs-tours-peru\">PDFs de tours pelo Peru<\/a><\/li>\r\n            <li><a href=\"#pdfs-tours-varios-dias\">PDFs de tours de v\u00e1rios dias<\/a><\/li>\r\n            <li><a href=\"#pdfs-servicios-turisticos\">PDFs de servi\u00e7os tur\u00edsticos<\/a><\/li> -->\r\n        <\/ul>\r\n    <\/div>\r\n    <hr class=\"my-10\">\r\n    <h2 id=\"libro-cusco-machu-picchu\" class=\"section-title m-b-20\">Livro Guia Completo de Cusco e Machu Picchu<\/h2>\r\n    <p class=\"f-z-16\">O livro &#8216;Cusco e Machu Picchu Guia Completo&#8217; inclui informa\u00e7\u00f5es did\u00e1ticas sobre todas as atra\u00e7\u00f5es tur\u00edsticas que Cusco tem a oferecer, com \u00eanfase na cidadela inca de Machu Picchu. O livro tem mapas, fotos e dicas para a melhor viagem poss\u00edvel.<\/p>\r\n    <ul>\r\n        <li><a href=\"https:\/\/www.machupicchuterra.com\/br\/livro-guia-cusco-machupicchu\/\" target=\"_blank\" rel=\"noopener noreferrer\">Guia Completo de Cusco e Machu Picchu<\/a><\/li>\r\n    <\/ul>\r\n    <hr class=\"my-10\">\r\n    <h2 id=\"revista-inti-raymi\" class=\"section-title m-b-20\">Revista Inti Raymi<\/h2>\r\n    <p class=\"f-z-16\">A revista &#8220;Inti Raymi&#8221; oferece toda a informa\u00e7\u00e3o completa sobre o grande evento que se celebra na cidade de Cusco no dia 24 de junho. Atrav\u00e9s das suas p\u00e1ginas, \u00e9 poss\u00edvel conhecer a hist\u00f3ria e a import\u00e2ncia da &#8220;Festa do Sol&#8221;.<\/p>\r\n    <ul>\r\n        <li><a href=\"https:\/\/www.machupicchuterra.com\/br\/festa-sol-revista-inti-raymi\/\" target=\"_blank\" rel=\"noopener noreferrer\">Inti Raymi<\/a><\/li>\r\n    <\/ul>\r\n    <!-- <hr class=\"my-10\">\r\n    <h2 id=\"pdfs-tours-clasicos-machu-picchu\" class=\"section-title m-b-20\">PDFs das tours cl\u00e1ssicas a Machu Picchu<\/h2>\r\n    <p class=\"f-z-16\">Machu Picchu \u00e9 uma das melhores atra\u00e7\u00f5es tur\u00edsticas de Cusco. A maneira mais segura e confort\u00e1vel de visitar a cidadela inca \u00e9 contratar um tour com tudo inclu\u00eddo. Conhe\u00e7a todos os passeios que incluem Machu Picchu e fa\u00e7a a viagem dos seus sonhos.<\/p>\r\n    <ul> -->\r\n        <!-- <li><a href=\"https:\/\/media.machupicchuterra.com\/uploads\/docs\/1669820807_machu-picchu-full-day-tourpdf\" target=\"_blank\" rel=\"noopener noreferrer\">Machu Picchu Full Day<\/a><\/li>\r\n        <li><a href=\"https:\/\/media.machupicchuterra.com\/uploads\/docs\/1686412494_tour-machu-picchu-by-car-2-dias.pdf\" target=\"_blank\" rel=\"noopener noreferrer\">Machu Picchu By Car 2 d\u00edas<\/a><\/li>\r\n        <li><a href=\"https:\/\/media.machupicchuterra.com\/uploads\/docs\/1686412550_tour-machu-picchu-tarde.pdf\" target=\"_blank\" rel=\"noopener noreferrer\">Machu Picchu Full Day por la tarde<\/a><\/li>\r\n        <li><a href=\"https:\/\/media.machupicchuterra.com\/uploads\/docs\/1680636690_huayna-picchu-full-day.pdf\" target=\"_blank\" rel=\"noopener noreferrer\">Waynapicchu Full Day<\/a><\/li>\r\n        <li><a href=\"#\" target=\"_blank\" rel=\"noopener noreferrer\">Machu Picchu 2 d\u00edas<\/a><\/li>\r\n        <li><a href=\"https:\/\/media.machupicchuterra.com\/uploads\/docs\/1669821741_tour-valle-sagrado-machu-picchupdf\" target=\"_blank\" rel=\"noopener noreferrer\">Valle Sagrado + Machu Picchu 2 d\u00edas<\/a><\/li>\r\n        <li><a href=\"https:\/\/media.machupicchuterra.com\/uploads\/docs\/1669821845_tour-city-tour-valle-sagrado-machu-picchupdf\" target=\"_blank\" rel=\"noopener noreferrer\">City Tour + Valle Sagrado + Machu Picchu 4 d\u00edas<\/a><\/li> -->\r\n    <!-- <\/ul>\r\n    <hr class=\"my-10\">\r\n    <h2 id=\"pdfs-tours-clasicos-cusco\" class=\"section-title m-b-20\">PDFs de tours cl\u00e1ssicos a Cusco<\/h2>\r\n    <p class=\"f-z-16\">La ciudad del Cusco es reconocida como la \u2018Capital arqueol\u00f3gica de Am\u00e9rica\u2019 por su gran historia. Fue la capital del imperio inca. Hoy all\u00ed existen muchas huellas del paso de los incas. La mejor forma de visitar todos sus atractivos tur\u00edsticos es con un tour todo incluido.<\/p>\r\n    <ul> -->\r\n        <!-- <li><a href=\"https:\/\/media.machupicchuterra.com\/uploads\/docs\/1669821432_city-tour-cusco-medio-diapdf\" target=\"_blank\" rel=\"noopener noreferrer\">City Tour Cusco<\/a><\/li>\r\n        <li><a href=\"https:\/\/media.machupicchuterra.com\/uploads\/docs\/1669821363_tour-valle-sagrado-full-daypdf\" target=\"_blank\" rel=\"noopener noreferrer\">Valle Sagrado de los Incas<\/a><\/li>\r\n        <li><a href=\"https:\/\/media.machupicchuterra.com\/uploads\/docs\/1669822647_tour-valle-sagrado-vippdf\" target=\"_blank\" rel=\"noopener noreferrer\">Valle Sagrado VIP<\/a><\/li>\r\n        <li><a href=\"https:\/\/media.machupicchuterra.com\/uploads\/docs\/1669821576_tour-maras-moray-medio-diapdf\" target=\"_blank\" rel=\"noopener noreferrer\">Maras \u2013 Moray<\/a><\/li>\r\n        <li><a href=\"https:\/\/media.machupicchuterra.com\/uploads\/docs\/1669822512_tour-maras-moray-cuatrimotopdf\" target=\"_blank\" rel=\"noopener noreferrer\">Maras \u2013 Moray en cuatrimoto <\/a><\/li>\r\n        <li><a href=\"https:\/\/media.machupicchuterra.com\/uploads\/docs\/1669822056_tour-valle-sur-medio-diapdf\" target=\"_blank\" rel=\"noopener noreferrer\">Valle Sur<\/a><\/li>\r\n        <li><a href=\"https:\/\/media.machupicchuterra.com\/uploads\/docs\/1669821651_montana-7-colores-full-daypdf\" target=\"_blank\" rel=\"noopener noreferrer\">Monta\u00f1a de Colores<\/a><\/li>\r\n        <li><a href=\"#\" target=\"_blank\" rel=\"noopener noreferrer\">Monta\u00f1a de Colores en cuatrimoto<\/a><\/li>\r\n        <li><a href=\"https:\/\/media.machupicchuterra.com\/uploads\/docs\/1669821917_tour-laguna-humantaypdf\" target=\"_blank\" rel=\"noopener noreferrer\">Laguna Humantay<\/a><\/li>\r\n        <li><a href=\"https:\/\/media.machupicchuterra.com\/uploads\/docs\/1680626874_tour-inti-raymi.pdf\" target=\"_blank\" rel=\"noopener noreferrer\">Inti Raymi<\/a><\/li>\r\n        <li><a href=\"https:\/\/media.machupicchuterra.com\/uploads\/docs\/1669822234_tour-palcoyopdf\" target=\"_blank\" rel=\"noopener noreferrer\">Palcoyo<\/a><\/li>\r\n        <li><a href=\"#\" target=\"_blank\" rel=\"noopener noreferrer\">Morada de los Dioses <\/a><\/li>\r\n        <li><a href=\"https:\/\/media.machupicchuterra.com\/uploads\/docs\/1686411968_tour-morada-dioses-cuatrimoto.pdf\" target=\"_blank\" rel=\"noopener noreferrer\">Morada de los Dioses en Cuatrimoto <\/a><\/li> -->\r\n    <!-- <\/ul>\r\n    <hr class=\"my-10\">\r\n    <h2 id=\"pdfs-rutas-senderismo\" class=\"section-title m-b-20\">PDFs de rutas de senderismo (treks)<\/h2>\r\n    <p class=\"f-z-16\">Cusco es famoso por las muchas rutas de senderismo que all\u00ed se puede realizar. La mayor\u00eda de treks se realizan dentro de un tour todo incluido. El trek m\u00e1s famoso es el \u2018Camino Inca 4 d\u00edas\u2019, considerado como uno de los mejores treks del planeta.<\/p>\r\n    <ul> -->\r\n        <!-- <li><a href=\"https:\/\/media.machupicchuterra.com\/uploads\/docs\/1669821516_tour-camino-inca-4-diaspdf\" target=\"_blank\" rel=\"noopener noreferrer\">Camino Inca 4 d\u00edas<\/a><\/li>\r\n        <li><a href=\"https:\/\/media.machupicchuterra.com\/uploads\/docs\/1669822154_tour-camino-inca-2-diaspdf\" target=\"_blank\" rel=\"noopener noreferrer\">Camino Inca 2 d\u00edas<\/a><\/li>\r\n        <li><a href=\"https:\/\/media.machupicchuterra.com\/uploads\/docs\/1669821991_tour-salkantay-trek-5-diaspdf\" target=\"_blank\" rel=\"noopener noreferrer\">Salkantay 5 d\u00edas<\/a><\/li>\r\n        <li><a href=\"https:\/\/media.machupicchuterra.com\/uploads\/docs\/1669821290_tour-inca-jungle-4-diaspdf\" target=\"_blank\" rel=\"noopener noreferrer\">Inca Jungle 4 d\u00edas<\/a><\/li>\r\n        <li><a href=\"https:\/\/media.machupicchuterra.com\/uploads\/docs\/1669822333_tour-choquequirao-4-diaspdf\" target=\"_blank\" rel=\"noopener noreferrer\">Choquequirao 4 d\u00edas<\/a><\/li>\r\n        <li><a href=\"https:\/\/media.machupicchuterra.com\/uploads\/docs\/1686588413_choquequirao-y-machu-picchu-trek-7-dias.pdf\" target=\"_blank\" rel=\"noopener noreferrer\">Choquequirao y Machu Picchu 7 d\u00edas<\/a><\/li> -->\r\n    <!-- <\/ul>\r\n    <hr class=\"my-10\">\r\n    <h2 id=\"pdfs-tours-peru\" class=\"section-title m-b-20\">PDFs de tours pelo Peru<\/h2>\r\n    <p class=\"f-z-16\">El Per\u00fa no es solo Cusco. All\u00ed tambi\u00e9n se pueden visitar incre\u00edbles atractivos tur\u00edsticos como la ciudad de Lima (capital del Per\u00fa), la ciudad de Arequipa (el ca\u00f1\u00f3n del Colca), Puno (el lago Titicaca), Ica (Paracas) y m\u00e1s. \u00a1Conoce toda la informaci\u00f3n!<\/p>\r\n    <ul> -->\r\n        <!-- <li><a href=\"#\" target=\"_blank\" rel=\"noopener noreferrer\">City Tour Arequipa<\/a><\/li> -->\r\n        <!-- <li><a href=\"https:\/\/media.machupicchuterra.com\/uploads\/docs\/1686412329_tour-canon-colca-arequipa.pdf\" target=\"_blank\" rel=\"noopener noreferrer\">Ca\u00f1\u00f3n del Colca Full Day<\/a><\/li>\r\n        <li><a href=\"https:\/\/media.machupicchuterra.com\/uploads\/docs\/1686412270_tour-caral-full-day.pdf\" target=\"_blank\" rel=\"noopener noreferrer\">Caral Full Day<\/a><\/li>\r\n        <li><a href=\"https:\/\/media.machupicchuterra.com\/uploads\/docs\/1686412134_circuito-magico-agua-lima-noche.pdf\" target=\"_blank\" rel=\"noopener noreferrer\">Circuito M\u00e1gico del Agua<\/a><\/li>\r\n        <li><a href=\"https:\/\/media.machupicchuterra.com\/uploads\/docs\/1686412216_tour-ciudad-reyes-pachacamac.pdf\" target=\"_blank\" rel=\"noopener noreferrer\">City Tour + Pachacamac<\/a><\/li>\r\n        <li><a href=\"https:\/\/media.machupicchuterra.com\/uploads\/docs\/1686411873_tour-islas-palomino.pdf\" target=\"_blank\" rel=\"noopener noreferrer\">Tour Islas Palomino<\/a><\/li>\r\n        <li><a href=\"https:\/\/media.machupicchuterra.com\/uploads\/docs\/1686588916_tour-ica-full-day-i-ballestas-paracas.pdf\" target=\"_blank\" rel=\"noopener noreferrer\">Tour Ica y Paracas Full Day<\/a><\/li>\r\n        <li><a href=\"https:\/\/media.machupicchuterra.com\/uploads\/docs\/1686589045_lima-ica-el-vuelo-sobre-las-lineas-de-nazca.pdf\" target=\"_blank\" rel=\"noopener noreferrer\">Lima, Ica y vuelo sobre las lineas de Nazca<\/a><\/li> -->\r\n    <!-- <\/ul>\r\n    <hr class=\"my-10\">\r\n    <h2 id=\"pdfs-tours-varios-dias\" class=\"section-title m-b-20\">PDFs de tours de v\u00e1rios dias<\/h2>\r\n    <p class=\"f-z-16\">Para los turistas que quieren conocer Cusco y el resto del Per\u00fa existen tours de varios d\u00edas que permiten conocer atractivos tur\u00edsticos como Cusco, el Valle Sagrado, el Camino Inca, Machu Picchu, Puno, Arequipa, Lima y m\u00e1s. \u00a1Conoce los tours de varios d\u00edas!<\/p>\r\n    <ul> -->\r\n        <!-- <li><a href=\"https:\/\/media.machupicchuterra.com\/uploads\/docs\/1669821845_tour-city-tour-valle-sagrado-machu-picchupdf\" target=\"_blank\" rel=\"noopener noreferrer\">City Tour - Valle Sagrado - Camino Inca 4 D\u00edas<\/a><\/li>\r\n        <li><a href=\"#\" target=\"_blank\" rel=\"noopener noreferrer\">Full Trekking Camino Inca 2 dias - Laguna Humantay<\/a><\/li>\r\n        <li><a href=\"https:\/\/media.machupicchuterra.com\/uploads\/docs\/1686589275_secreto-de-los-incas-city-tour-valle-sagrado-y-camino-inca-corto.pdf\" target=\"_blank\" rel=\"noopener noreferrer\">Secreto de los Incas City Tour + Valle Sagrado de los Incas + Camino Inca 5 Dias.<\/a><\/li>\r\n        <li><a href=\"https:\/\/media.machupicchuterra.com\/uploads\/docs\/1686589686_tour-8-dias-valle-sagrado-y-camino-inca-clasico.pdf\" target=\"_blank\" rel=\"noopener noreferrer\">Valle Sagrado \u2013 Camino Inca Cl\u00e1sico 8 D\u00edas<\/a><\/li>\r\n        <li><a href=\"https:\/\/media.machupicchuterra.com\/uploads\/docs\/1686414577_inti-raymi-machu-picchu-2-dias.pdf\" target=\"_blank\" rel=\"noopener noreferrer\">Tour Cusco 2 D\u00edas, inti machupicchu<\/a><\/li>\r\n        <li><a href=\"https:\/\/media.machupicchuterra.com\/uploads\/docs\/1686414660_tour-cusco-4-dias-city-inti-raymi-machupicchu.pdf\" target=\"_blank\" rel=\"noopener noreferrer\">Tour Cusco 4 D\u00edas 3 Noches City, Inti Raymi, Machupicchu<\/a><\/li>\r\n        <li><a href=\"https:\/\/media.machupicchuterra.com\/uploads\/docs\/1686414773_tour-cusco-5-dias-city-inti-raymi-machupicchu-valle-sagrado.pdf\" target=\"_blank\" rel=\"noopener noreferrer\">Tour Cusco 5 D\u00edas 4 Noches City, Inti Raymi, Machupicchu, Valle Sagrado<\/a><\/li>\r\n        <li><a href=\"https:\/\/media.machupicchuterra.com\/uploads\/docs\/1686414870_tour-cusco-6-dias-city-inti-raymi-machupicchu-valle-sagrado-y-maras-moray.pdf\" target=\"_blank\" rel=\"noopener noreferrer\">Tour Cusco 6 D\u00edas 5 Noches City, Inti Raymi, Valle, Machupicchu, Maras Moray<\/a><\/li>\r\n        <li><a href=\"https:\/\/media.machupicchuterra.com\/uploads\/docs\/1686414827_tour-cusco-6-dias-city-inti-raymi-machupicchu-valle-sagrado-y-valle-sur.pdf\" target=\"_blank\" rel=\"noopener noreferrer\">Tour Cusco 6 D\u00edas 5 Noches City, Inti Raymi, Valle, Machupicchu, Valle Sur<\/a><\/li>\r\n        <li><a href=\"#\" target=\"_blank\" rel=\"noopener noreferrer\">Tour Cusco 7 D\u00edas 6 Noches City, Inti Raymi, Valle, Machupicchu, Maras Moray, Valle Sur<\/a><\/li>\r\n        <li><a href=\"https:\/\/media.machupicchuterra.com\/uploads\/docs\/1686415032_tour-5-dias-city-valle-machupicchu-y-montana-de-colores.pdf\" target=\"_blank\" rel=\"noopener noreferrer\">Tour Cusco 5 D\u00edas 4 Noches City, Valle, Machupicchu, Monta\u00f1a de Colores<\/a><\/li>\r\n        <li><a href=\"#\" target=\"_blank\" rel=\"noopener noreferrer\">Tour 8 dias City Tour - Monta\u00f1a de Colores - Machupicchu - Laguna Humantay - Ruta del Sol - Uros, Taquile y Amantani<\/a><\/li> -->\r\n    <!-- <\/ul>\r\n    <hr class=\"my-10\">\r\n    <h2 id=\"pdfs-servicios-turisticos\" class=\"section-title m-b-20\">PDFs de servi\u00e7os tur\u00edsticos<\/h2>\r\n    <p class=\"f-z-16\">En Machupicchu Terra ofrecemos distintos servicios tur\u00edsticos para mejorar la experiencia. Desde almuerzos buffet en Machu Picchu hasta la participaci\u00f3n de gu\u00edas nativos. Conoce los beneficios de elegirnos y realiza el viaje so\u00f1ado a la Maravilla del Mundo.<\/p> -->\r\n    <!-- <ul>\r\n        <li><a href=\"https:\/\/media.machupicchuterra.com\/uploads\/docs\/1685746047_acerca-machu-picchu-terra.pdf\" target=\"_blank\" rel=\"noopener noreferrer\">Acerca de Machupicchu Terra<\/a><\/li>\r\n        <li><a href=\"https:\/\/media.machupicchuterra.com\/uploads\/docs\/1685802387_almuerzo-buffet-machu-picchu.pdf\" target=\"_blank\" rel=\"noopener noreferrer\">Almuerzo buffet Tinkuy<\/a><\/li>\r\n        <li><a href=\"https:\/\/media.machupicchuterra.com\/uploads\/docs\/1685746050_guias-machu-picchu-terra.pdf\" target=\"_blank\" rel=\"noopener noreferrer\">Gu\u00edas nativos Beneficios Terra<\/a><\/li>\r\n        <li><a href=\"https:\/\/media.machupicchuterra.com\/uploads\/docs\/1685746043_trenes-machu-picchu.pdf\" target=\"_blank\" rel=\"noopener noreferrer\">Tren Expedition y Vistadome<\/a><\/li> -->\r\n    <\/ul>\r\n    <br>\r\n    <br>\r\n<\/div>","protected":false},"excerpt":{"rendered":"Machupicchu Terra \u2013 Baixe, aprenda e viaje! Na Machupicchu Terra temos o compromisso de fornecer as informa\u00e7\u00f5es mais claras sobre a viagem a Machu Picchu, Cusco e resto do Peru. \u00c9 por isso que temos diversas publica\u00e7\u00f5es como livros, revistas e PDFs. Nesta se\u00e7\u00e3o voc\u00ea pode baixar todo o nosso material did\u00e1tico. Baixe, aprenda e [&hellip;]","protected":false},"author":1,"featured_media":0,"parent":0,"menu_order":0,"comment_status":"closed","ping_status":"closed","template":"","meta":{"footnotes":""},"class_list":["post-4247","page","type-page","status-publish","hentry"],"_links":{"self":[{"href":"https:\/\/www.machupicchuterra.com\/br\/wp-json\/wp\/v2\/pages\/4247","targetHints":{"allow":["GET"]}}],"collection":[{"href":"https:\/\/www.machupicchuterra.com\/br\/wp-json\/wp\/v2\/pages"}],"about":[{"href":"https:\/\/www.machupicchuterra.com\/br\/wp-json\/wp\/v2\/types\/page"}],"author":[{"embeddable":true,"href":"https:\/\/www.machupicchuterra.com\/br\/wp-json\/wp\/v2\/users\/1"}],"replies":[{"embeddable":true,"href":"https:\/\/www.machupicchuterra.com\/br\/wp-json\/wp\/v2\/comments?post=4247"}],"version-history":[{"count":3,"href":"https:\/\/www.machupicchuterra.com\/br\/wp-json\/wp\/v2\/pages\/4247\/revisions"}],"predecessor-version":[{"id":4254,"href":"https:\/\/www.machupicchuterra.com\/br\/wp-json\/wp\/v2\/pages\/4247\/revisions\/4254"}],"wp:attachment":[{"href":"https:\/\/www.machupicchuterra.com\/br\/wp-json\/wp\/v2\/media?parent=4247"}],"curies":[{"name":"wp","href":"https:\/\/api.w.org\/{rel}","templated":true}]}}