{"id":4241,"date":"2023-10-17T16:37:24","date_gmt":"2023-10-17T16:37:24","guid":{"rendered":"https:\/\/www.machupicchuterra.com\/br\/?page_id=4241"},"modified":"2023-10-17T16:37:24","modified_gmt":"2023-10-17T16:37:24","slug":"ambito-politicas-qualidade","status":"publish","type":"page","link":"https:\/\/www.machupicchuterra.com\/br\/ambito-politicas-qualidade\/","title":{"rendered":"\u00c2mbito das Pol\u00edticas da Qualidade"},"content":{"rendered":"<div class=\"container-900 page-content\">\r\n    <!-- <p class=\"text-sm text-right mt-3\"><i>\u00daltima revisi\u00f3n el 22 de diciembre del 2021<\/i><\/p> -->\r\n    <h1>\u00c2mbito de aplica\u00e7\u00e3o das pol\u00edticas de qualidade<\/h1>\r\n    <ul class=\"text-justify\">\r\n        <li><b>MACHUPICCHU TERRA<\/b> \u00e9 uma empresa dedicada \u00e0s actividades das ag\u00eancias de viagens e operadores tur\u00edsticos na regi\u00e3o de Cusco.<\/li>\r\n        <li>O \u00e2mbito da certifica\u00e7\u00e3o abrange apenas a sede da empresa em Cusco.<\/li>\r\n        <li>A organiza\u00e7\u00e3o estabeleceu este \u00e2mbito para o sistema de gest\u00e3o:<\/li>\r\n    <\/ul>\r\n    <p class=\"text-center\"><b><i>&#8220;VENDA, PLANEAMENTO E EXPLORA\u00c7\u00c3O DE SERVI\u00c7OS TUR\u00cdSTICOS A N\u00cdVEL NACIONAL&#8221;.<\/i><\/b><\/p>\r\n    <br>\r\n    <hr>\r\n    <h2>Servi\u00e7os tur\u00edsticos:<\/h2>\r\n    <ul class=\"text-justify\">\r\n        <li>Venda de bilhetes de entrada para Machupicchu<\/li>\r\n        <li>Venda de bilhetes de trem<\/li>\r\n        <li>Venda de bilhetes de \u00f4nibus CONSETTUR<\/li>\r\n        <li>Venda de reservas de hot\u00e9is em Cusco, Vale Sagrado, Machupicchu e ao n\u00edvel do Peru.<\/li>\r\n        <li>Venda de reservas de almo\u00e7o e jantar em restaurantes em Cusco, Vale Sagrado, Machupicchu e Peru.<\/li>\r\n        <li>Venda de pacotes tur\u00edsticos, tais como:\r\n            <ul>\r\n                <li>City tour<\/li>\r\n                <li>Vale Sagrado<\/li>\r\n                <li>Maras &#8211; Moray<\/li>\r\n                <li>Vale do Sul<\/li>\r\n                <li>Quadriciclos em Maras &#8211; Moray<\/li>\r\n                <li>Montanha a cores<\/li>\r\n                <li>Lagoa Humantay<\/li>\r\n                <li>Quadriciclos numa montanha de cores<\/li>\r\n                <li>Machupicchu Dia inteiro<\/li>\r\n                <li>Vale Sagrado com Machu Picchu<\/li>\r\n                <li>Trilha Inca 2D\/1N<\/li>\r\n                <li>Trilha Inca 4D\/3N<\/li>\r\n                <li>Salkantay Trek 5D\/4N<\/li>\r\n                <li>Salkantay Trek 4D\/3N<\/li>\r\n                <li>Huchuy Qosqo 3D\/2N, entre outros.<\/li>\r\n            <\/ul>\r\n        <\/li>\r\n    <\/ul>\r\n    <p>Para o qual os servi\u00e7os s\u00e3o executados como operadora receptiva em todo o territ\u00f3rio nacional de acordo com as necessidades dos nossos clientes, atingindo e superando as suas expectativas.<\/p>\r\n    <br>\r\n    <hr>\r\n    <h2>Cap\u00edtulos N\u00e3o Aplic\u00e1veis:<\/h2>\r\n    <ul class=\"text-justify\">\r\n        <li><b><i>8.3 Design e desenvolvimento de produtos e servi\u00e7os<\/i><\/b>. A concep\u00e7\u00e3o e desenvolvimento do servi\u00e7o n\u00e3o se aplica \u00e0 organiza\u00e7\u00e3o, esta executa o servi\u00e7o conforme as necessidades do cliente.<\/li>\r\n        <li><b><i>7.1.5.2 Rastreabilidade das medi\u00e7\u00f5es<\/i><\/b>. N\u00e3o existem equipamentos ou dispositivos de medi\u00e7\u00e3o relevantes para a execu\u00e7\u00e3o do servi\u00e7o Machupicchu Terra.<\/li>\r\n    <\/ul>\r\n    <br>\r\n    <br>\r\n<\/div>","protected":false},"excerpt":{"rendered":"\u00c2mbito de aplica\u00e7\u00e3o das pol\u00edticas de qualidade MACHUPICCHU TERRA \u00e9 uma empresa dedicada \u00e0s actividades das ag\u00eancias de viagens e operadores tur\u00edsticos na regi\u00e3o de Cusco. O \u00e2mbito da certifica\u00e7\u00e3o abrange apenas a sede da empresa em Cusco. A organiza\u00e7\u00e3o estabeleceu este \u00e2mbito para o sistema de gest\u00e3o: &#8220;VENDA, PLANEAMENTO E EXPLORA\u00c7\u00c3O DE SERVI\u00c7OS TUR\u00cdSTICOS [&hellip;]","protected":false},"author":1,"featured_media":0,"parent":0,"menu_order":0,"comment_status":"closed","ping_status":"closed","template":"","meta":{"footnotes":""},"class_list":["post-4241","page","type-page","status-publish","hentry"],"_links":{"self":[{"href":"https:\/\/www.machupicchuterra.com\/br\/wp-json\/wp\/v2\/pages\/4241","targetHints":{"allow":["GET"]}}],"collection":[{"href":"https:\/\/www.machupicchuterra.com\/br\/wp-json\/wp\/v2\/pages"}],"about":[{"href":"https:\/\/www.machupicchuterra.com\/br\/wp-json\/wp\/v2\/types\/page"}],"author":[{"embeddable":true,"href":"https:\/\/www.machupicchuterra.com\/br\/wp-json\/wp\/v2\/users\/1"}],"replies":[{"embeddable":true,"href":"https:\/\/www.machupicchuterra.com\/br\/wp-json\/wp\/v2\/comments?post=4241"}],"version-history":[{"count":1,"href":"https:\/\/www.machupicchuterra.com\/br\/wp-json\/wp\/v2\/pages\/4241\/revisions"}],"predecessor-version":[{"id":4242,"href":"https:\/\/www.machupicchuterra.com\/br\/wp-json\/wp\/v2\/pages\/4241\/revisions\/4242"}],"wp:attachment":[{"href":"https:\/\/www.machupicchuterra.com\/br\/wp-json\/wp\/v2\/media?parent=4241"}],"curies":[{"name":"wp","href":"https:\/\/api.w.org\/{rel}","templated":true}]}}