{"id":149,"date":"2021-04-07T17:22:52","date_gmt":"2021-04-07T17:22:52","guid":{"rendered":"https:\/\/www.machupicchuterra.com\/br\/?page_id=149"},"modified":"2023-10-17T16:07:13","modified_gmt":"2023-10-17T16:07:13","slug":"audios","status":"publish","type":"page","link":"https:\/\/www.machupicchuterra.com\/br\/audios\/","title":{"rendered":"\u00c1udios"},"content":{"rendered":"    <div class=\"container\">\r\n        <div class=\"section\">\r\n            <div class=\"region-categories\">\r\n                <ul class=\"cards-wrapper-3 list-unstyled\">\r\n                    <li class=\"w-full\">\r\n                        <a href=\"https:\/\/www.machupicchuterra.com\/br\/videos\/\" class=\"w-full flex justify-center items-center text-primary-500 font-bold border rounded py-4 hover:shadow-md\" title=\"Ir a los videos\">\r\n                            <span class=\"tag-icon-36\">\r\n                                <svg viewBox=\"0 0 256 256\" role=\"presentation\" aria-hidden=\"true\" focusable=\"false\">\r\n                                    <path fill=\"#2B79C2\" d=\"M158.583,8.63L8.644,35.027l17.125,96.972h-5.76c-0.795,0-1.576,0.059-2.34,0.171L0.063,32.471 c-0.38-2.174,1.077-4.245,3.256-4.625L161.141,0.061c2.178-0.38,4.252,1.076,4.632,3.25l10.12,57.305l-8.337-1.169L158.583,8.63 L158.583,8.63z M70.422,92.089c-4.162,0.638-8.216-0.365-11.439-2.617c-3.223-2.254-6.294-6.621-6.481-10.725 c-0.207-4.566,7.105-5.744,7.972-0.568c0.653,3.901,4.322,6.486,8.752,6.004C75.01,83.553,75.443,91.318,70.422,92.089 L70.422,92.089z M247.488,88.83L100.673,68.228l-7.289,51.778l-8.072,0.002l8-56.834c0.302-2.184,2.32-3.709,4.507-3.406 L252.55,81.481c2.186,0.301,3.714,2.316,3.412,4.5l-16.727,118.837c-0.302,2.183-2.32,3.708-4.507,3.406l-52.446-7.359v-15.13 l50.567,7.097L247.488,88.83L247.488,88.83z M121.371,120.014l24.493-24.025c2.831-2.777,7.486-2.124,9.441,1.325l18.168,32.05 c1.954,3.449,6.61,4.102,9.44,1.324l5.426-5.321c2.831-2.776,7.486-2.124,9.44,1.324l25.472,44.936 c2.458,4.338-1.122,9.591-6.066,8.897l-34.905-4.898v-19.628c0-8.833-7.178-16-16.025-16h-26.399l-4.118-9.485 C133.523,124.442,127.846,120.288,121.371,120.014L121.371,120.014z M211.568,96.425c-7.093-0.995-13.651,3.938-14.649,11.021 c-0.997,7.082,3.946,13.63,11.038,14.625c7.093,0.996,13.651-3.938,14.649-11.021C223.603,103.968,218.661,97.42,211.568,96.425 L211.568,96.425z\"><\/path>\r\n                                    <path fill-rule=\"evenodd\" clip-rule=\"evenodd\" fill=\"#3B4652\" d=\"M6.009,149.998H14v-1.999c0-3.313,2.69-6,6.009-6h16.025 c3.319,0,6.009,2.687,6.009,6v1.999h14.5l6.501-16.226c0.909-2.27,3.112-3.773,5.563-3.773h52.08c2.673,0,4.71,1.829,5.718,4.152 l6.878,15.847h32.974c3.319,0,6.009,2.686,6.009,6v94.001c0,3.312-2.691,6-6.009,6H6.009c-3.319,0-6.009-2.686-6.009-6v-94.001 C0,152.684,2.691,149.998,6.009,149.998L6.009,149.998z M62.772,57.608c-17.021,4.555-20.047,27.487-4.785,36.285 c7.217,4.16,15.13,3.202,20.985-0.758l-3.538,25.134c-0.457-0.46-0.819-1.073-1.029-1.857l-2.188-8.155 c-5.789,0.797-11.513-0.036-16.643-2.19l-4.23,7.314c-2.637,4.561-9.575,0.561-6.938-3.999l4.23-7.315 c-4.435-3.358-8.018-7.892-10.222-13.296l-8.168,2.186c-5.095,1.363-7.168-6.364-2.073-7.727l8.168-2.186 c-0.798-5.779,0.036-11.495,2.194-16.617l-7.326-4.223c-4.567-2.633-0.561-9.561,4.006-6.928l7.326,4.223 c3.364-4.427,7.904-8.005,13.316-10.205l-2.188-8.156c-1.365-5.086,6.374-7.156,7.739-2.07l2.188,8.156 c5.789-0.797,11.513,0.035,16.643,2.189l4.23-7.314c2.637-4.56,9.575-0.56,6.938,4l-4.23,7.314 c0.521,0.395,1.029,0.806,1.526,1.231c-2.796,2.156-4.785,5.361-5.315,9.128l-0.31,2.201 C78.272,58.288,70.445,55.555,62.772,57.608L62.772,57.608z M20.009,169.999h16.025v8H20.009V169.999L20.009,169.999z M124.184,174.007c15.948,15.924,15.948,42.059,0,57.982c-15.948,15.923-42.123,15.923-58.071,0 c-15.948-15.924-15.948-42.059,0-57.982C82.061,158.084,108.235,158.084,124.184,174.007L124.184,174.007z M115.686,182.491 c-11.279-11.262-29.797-11.262-41.076,0c-11.279,11.262-11.279,29.752,0,41.014c11.279,11.262,29.797,11.262,41.076,0 C126.965,212.243,126.965,193.753,115.686,182.491L115.686,182.491z\"><\/path>\r\n                                <\/svg>\r\n                            <\/span>\r\n                            <span class=\"tag-name\">Videos<\/span>\r\n                        <\/a>\r\n                    <\/li>\r\n                    <li class=\"w-full\">\r\n                        <a href=\"https:\/\/www.machupicchuterra.com\/br\/audios\/\" class=\"w-full flex justify-center items-center border-primary-500 text-primary-500 font-bold border rounded py-4 shadow-md hover:no-underline\" title=\"Ir a los audios\">\r\n                            <span class=\"tag-icon-36\">\r\n                                <svg viewBox=\"0 0 256 256\" role=\"presentation\" aria-hidden=\"true\" focusable=\"false\">\r\n                                    <path fill-rule=\"evenodd\" clip-rule=\"evenodd\" fill=\"#3B4652\" d=\"M72.057,105.987c-15.965,6.199-33.018,11.769-51.457,18.326\r\n                                    l14.017,52.315c19.248-3.541,36.8-7.243,53.726-9.857l-4.062-15.162c-11.527,1.808-23.375,4.167-35.81,6.901\r\n                                    c-2.043,0.44-4.059-0.858-4.5-2.901c-0.441-2.044,0.858-4.059,2.9-4.5c12.248-2.693,23.966-5.028,35.441-6.845L72.057,105.987\r\n                                    L72.057,105.987z\" \/>\r\n                                    <path fill-rule=\"evenodd\" clip-rule=\"evenodd\" fill=\"#2B79C2\" d=\"M190.848,105.31l-0.006-0.018\r\n                                    c-1.388-5.18-4.703-9.347-8.978-11.938c-0.115-0.078-0.232-0.152-0.354-0.223c-4.448-2.568-9.868-3.442-15.205-2.013\r\n                                    c-0.06,0.017-0.12,0.034-0.179,0.052l-9.075-33.862c-0.771-2.884-4.395-3.787-6.432-1.604\r\n                                    c-21.337,22.878-44.136,36.062-69.72,46.728l10.84,40.454c4.462-0.595,8.897-1.104,13.326-1.515\r\n                                    c18.822-1.749,37.367-1.714,56.892,0.879c2.068,0.27,3.525,2.165,3.256,4.233c-0.269,2.069-2.164,3.526-4.233,3.257\r\n                                    c-18.941-2.515-36.948-2.548-55.233-0.85c-3.987,0.37-7.996,0.824-12.035,1.354l4.068,15.181\r\n                                    c27.49-3.556,53.827-3.538,83.744,5.607c2.854,0.873,5.54-1.722,4.769-4.604l-9.796-36.558c0.058-0.014,0.116-0.028,0.174-0.044\r\n                                    c5.342-1.431,9.598-4.894,12.161-9.333l-0.01-0.005l0.01-0.017C191.394,116.034,192.268,110.629,190.848,105.31z\r\n                                     M179.025,114.817l-0.009-0.005c-1.074,1.859-2.835,3.325-5.044,3.982c-0.142,0.031-0.28,0.068-0.417,0.109l-4.492-16.771\r\n                                    c0.057-0.014,0.116-0.029,0.174-0.043c2.324-0.622,4.672-0.249,6.589,0.858c0.083,0.048,0.167,0.093,0.25,0.138\r\n                                    c1.736,1.075,3.102,2.78,3.732,4.907c0.035,0.159,0.077,0.318,0.126,0.473C180.471,110.711,180.09,112.965,179.025,114.817z\" \/>\r\n                                    <path fill-rule=\"evenodd\" clip-rule=\"evenodd\" fill=\"#3B4652\" d=\"M13.926,137.52l8.309,31.009l-8.344,2.236\r\n                                    c-4.001,1.072-8.153-1.324-9.224-5.325l-4.411-16.461c-1.072-4,1.324-8.151,5.326-9.224L13.926,137.52L13.926,137.52z\" \/>\r\n                                    <path fill-rule=\"evenodd\" clip-rule=\"evenodd\" fill=\"#3B4652\" d=\"M90.471,177.945l17.414,50.293\r\n                                    c0.67,1.936-0.322,4.057-2.237,4.783l-20.473,7.759c-1.054,0.4-2.117,0.333-3.113-0.193s-1.649-1.366-1.914-2.464l-7.69-31.934\r\n                                    l-12.288-7.398l-6.141-14.283C66.153,182.166,78.266,179.83,90.471,177.945z\" \/>\r\n                                    <path fill-rule=\"evenodd\" clip-rule=\"evenodd\" fill=\"#2B79C2\" d=\"M212.58,170.871c-2.021-0.541-3.219-2.615-2.68-4.634\r\n                                    c0.539-2.021,2.613-3.22,4.634-2.68l33.119,8.873c2.019,0.54,3.219,2.614,2.679,4.634c-0.539,2.02-2.614,3.22-4.633,2.679\r\n                                    L212.58,170.871L212.58,170.871z M217.938,137.704c-2.084,0-3.774-1.689-3.774-3.774c0-2.084,1.69-3.775,3.774-3.775h34.287\r\n                                    c2.085,0,3.774,1.689,3.774,3.775c0,2.084-1.689,3.774-3.774,3.774H217.938L217.938,137.704z M214.534,104.303\r\n                                    c-2.021,0.539-4.095-0.661-4.634-2.679c-0.539-2.02,0.659-4.095,2.68-4.633l33.119-8.875c2.019-0.541,4.093,0.659,4.633,2.679\r\n                                    c0.54,2.019-0.66,4.093-2.679,4.633L214.534,104.303L214.534,104.303z M202.605,72.902c-1.809,1.046-4.121,0.43-5.168-1.377\r\n                                    c-1.046-1.806-0.43-4.12,1.377-5.166l29.694-17.144c1.806-1.046,4.12-0.429,5.166,1.376c1.046,1.806,0.43,4.12-1.376,5.167\r\n                                    L202.605,72.902L202.605,72.902z M182.952,45.676c-1.48,1.479-3.879,1.479-5.358,0c-1.48-1.479-1.48-3.879,0-5.358l24.244-24.245\r\n                                    c1.479-1.48,3.88-1.48,5.359,0c1.479,1.479,1.479,3.878,0,5.359L182.952,45.676z\" \/>\r\n                                <\/svg>\r\n                            <\/span>\r\n                            <span class=\"tag-name\">\u00c1udios<\/span>\r\n                        <\/a>\r\n                    <\/li>\r\n                    <li class=\"w-full\">\r\n                        <a href=\"https:\/\/www.machupicchuterra.com\/br\/explorador\/\" target=\"_blank\" class=\"w-full flex justify-center items-center text-primary-500 font-bold border rounded py-4 hover:shadow-md\" title=\"Ir a el explorador\" rel=\"noopener noreferrer\">\r\n                            <span class=\"tag-icon-36\">\r\n                                <svg viewBox=\"0 0 256 256\" role=\"presentation\" aria-hidden=\"true\" focusable=\"false\">\r\n                                    <path fill-rule=\"evenodd\" clip-rule=\"evenodd\" fill=\"#3B4652\" d=\"M248,227.01H8.5l-0.258,11.758L248,238.462V227.01L248,227.01z\r\n                                    M24.5,188.031c-1.641,0-2.973-0.859-2.973-2.499s1.332-2.499,2.973-2.499h27.109c1.641,0,2.972,0.859,2.972,2.499\r\n                                    s-1.331,2.499-2.972,2.499H24.5L24.5,188.031z M24.5,199.025c-1.641,0-2.973-0.859-2.973-2.499s1.332-2.499,2.973-2.499h27.109\r\n                                    c1.641,0,2.972,0.859,2.972,2.499s-1.331,2.499-2.972,2.499H24.5L24.5,199.025z M24.5,210.019c-1.641,0-2.973-0.859-2.973-2.499\r\n                                    s1.332-2.499,2.973-2.499h27.109c1.641,0,2.972,0.457,2.972,2.098c0,1.64-1.331,2.899-2.972,2.899H24.5L24.5,210.019z\r\n                                     M158.849,210.019c-1.641,0-2.972-0.859-2.972-2.499s1.331-2.499,2.972-2.499h27.109c1.641,0,2.972,0.859,2.972,2.499\r\n                                    s-1.331,2.499-2.972,2.499H158.849L158.849,210.019z M5.256,63.097h60.758l50.75-41.285c0.686,1.72,1.718,3.155,3.01,4.451\r\n                                    l0.013-0.049l0.011-0.018l0.325,0.535L75.39,63.097h107.907L133.895,22.91c-0.97,0.727-2.119,1.074-3.37,1.269\r\n                                    c-0.358,0.057-0.727-0.061-1.102-0.061h-0.079c-4.192,0-7.589-3.361-7.589-7.55S125.15,9,129.343,9\r\n                                    c4.192,0,7.59,3.405,7.59,7.595c0,0.293-0.018,0.821-0.05,1.106l55.789,45.396h59.073c2.626,0,4.255,1.659,4.255,4.285v174.371\r\n                                    c0,2.626-1.629,5.247-4.255,5.247H5.256C2.63,247,0,244.378,0,241.753V67.381C0,64.756,2.63,63.097,5.256,63.097L5.256,63.097z\r\n                                     M8.5,220.77l240,0.114l-0.008-149.791H8.51L8.5,220.77z\" \/>\r\n                                    <path fill-rule=\"evenodd\" clip-rule=\"evenodd\" fill=\"#2B79C2\" d=\"M80.906,204.354l1.836-1.925l-1.836-4.038l21.943-31.523\r\n                                    l-22.557-11.821h-5.688l-10.225-6.997l0.624-4.996h7.165l18.088-17.467l-10.754-9.924L76,118.653v5.964l-3.924,0.541l-7.161-7.42\r\n                                    l4.939-5.22l13.085,1.556l2.174-3.848l-11.277-10.26l4.411-4.625l3.362,3.526l6.378,0.64l2.882,11.451l6.205,6.322l2.446-5.771\r\n                                    l11.446-5.495l5.768-15.481l-14.243-3.39l-15.378,2.931l-14.506-1.74l-2.428,8.56l-8.844-2.147L46.22,98.867l-0.962,5.405\r\n                                    l-20.568,0.726l-5.507,5.499l4.983,8.835l7.867-3.264h5.689l8.043,8.673l-0.265,14.615l13.549,11.227l13.375,5.804l-1.573,8.265\r\n                                    l9.312,9.767l-3.278,25.714L80.906,204.354L80.906,204.354z M205.049,171.04l-9.424,6.67l2.582,9.623l8.809-2.672l10.478,8.775\r\n                                    l4.102-12.568l-6.986-10.026l-1.993,4.46L211,173.473v-2.433H205.049L205.049,171.04z M188.032,163.046l-1.061-8.757l-4.709-5.89\r\n                                    l-5.922,3.503l-3.189,5.891l-3.036-10.634l-11.238-4.104h-4.404l8.048,5.219l-8.502,4.52l-6.987-7.148l4.716,11.401h5.688\r\n                                    L151,164.001v7.961l-4,3.502v3.82l-6.287,8.757l-4.009-1.591L133,175.304v-7.802l-2.231-7.457h-11.376L114,154.767v-7.324\r\n                                    l6.722-8.277l-1.728-2.708l0.198-4.299l3.974-0.955l1.074-4.459l-5.461-1.911l3.192-6.05l4.101,7.813l2.583-2.535H132v-3.845\r\n                                    l-2.962-0.319l-1.554-3.03l8.101-8.433l6.406-2.706l9.886,5.095l9.878-3.981l6.23,2.07l5.014-5.253l17.16-6.106l1.836,5.519\r\n                                    h11.376l3.645,2.92l8.655-2.758l10.175,4.75l6.292-1.765l5.682,8.168l-8.633,2.171l-6.378,7.959l-0.682-3.745l1.756-4.217\r\n                                    l-8.212,1.593l-4.107,2.475l4.02,4.109l-8.044,8.326h-5.688l-1.822,2.018l1.822,6.899l-3.189,5.757l-6.683,1.608l2.017,4.622\r\n                                    L191,155.65v5.964l8.007-2.229l-1.31,9.87l-8.4-4.935L188.032,163.046z\" \/>\r\n                                <\/svg>\r\n                            <\/span>\r\n                            <span class=\"tag-name\">Explorador<\/span>\r\n                        <\/a>\r\n                    <\/li>\r\n                <\/ul>\r\n            <\/div>\r\n        <\/div>\r\n    <div class=\"section page-content\">\r\n        <h1 id=\"audios-cusco\" class=\"section-title-36 text-center m-b-20\">\u00c1udios<\/h1>\r\n        <p class=\" text-center\">\r\n            <a href=\"#formulario\" style=\"\r\n                font-size: 16px;\r\n                font-weight: 600;\r\n                letter-spacing: .44px;\r\n                position: relative;\r\n            \">Pergunte a um local e tire suas d\u00favidas  \r\n                <svg viewBox=\"0 0 512.092 512.092\" role=\"presentation\" aria-hidden=\"true\" focusable=\"false\" width=\"15px\" height=\"15px\">\r\n                    <path fill-rule=\"evenodd\" clip-rule=\"evenodd\" fill=\"currentColor\" d=\"M312.453,199.601c-6.066-6.102-12.792-11.511-20.053-16.128c-19.232-12.315-41.59-18.859-64.427-18.859\r\n            c-31.697-0.059-62.106,12.535-84.48,34.987L34.949,308.23c-22.336,22.379-34.89,52.7-34.91,84.318\r\n            c-0.042,65.98,53.41,119.501,119.39,119.543c31.648,0.11,62.029-12.424,84.395-34.816l89.6-89.6\r\n            c1.628-1.614,2.537-3.816,2.524-6.108c-0.027-4.713-3.87-8.511-8.583-8.484h-3.413c-18.72,0.066-37.273-3.529-54.613-10.581\r\n            c-3.195-1.315-6.867-0.573-9.301,1.877l-64.427,64.512c-20.006,20.006-52.442,20.006-72.448,0\r\n            c-20.006-20.006-20.006-52.442,0-72.448l108.971-108.885c19.99-19.965,52.373-19.965,72.363,0\r\n            c13.472,12.679,34.486,12.679,47.957,0c5.796-5.801,9.31-13.495,9.899-21.675C322.976,216.108,319.371,206.535,312.453,199.601z\"><\/path>\r\n                    <path fill-rule=\"evenodd\" clip-rule=\"evenodd\" fill=\"currentColor\" d=\"M477.061,34.993c-46.657-46.657-122.303-46.657-168.96,0l-89.515,89.429c-2.458,2.47-3.167,6.185-1.792,9.387\r\n            c1.359,3.211,4.535,5.272,8.021,5.205h3.157c18.698-0.034,37.221,3.589,54.528,10.667c3.195,1.315,6.867,0.573,9.301-1.877\r\n            l64.256-64.171c20.006-20.006,52.442-20.006,72.448,0c20.006,20.006,20.006,52.442,0,72.448l-80.043,79.957l-0.683,0.768\r\n            l-27.989,27.819c-19.99,19.965-52.373,19.965-72.363,0c-13.472-12.679-34.486-12.679-47.957,0\r\n            c-5.833,5.845-9.35,13.606-9.899,21.845c-0.624,9.775,2.981,19.348,9.899,26.283c9.877,9.919,21.433,18.008,34.133,23.893\r\n            c1.792,0.853,3.584,1.536,5.376,2.304c1.792,0.768,3.669,1.365,5.461,2.048c1.792,0.683,3.669,1.28,5.461,1.792l5.035,1.365\r\n            c3.413,0.853,6.827,1.536,10.325,2.133c4.214,0.626,8.458,1.025,12.715,1.195h5.973h0.512l5.12-0.597\r\n            c1.877-0.085,3.84-0.512,6.059-0.512h2.901l5.888-0.853l2.731-0.512l4.949-1.024h0.939c20.961-5.265,40.101-16.118,55.381-31.403\r\n            l108.629-108.629C523.718,157.296,523.718,81.65,477.061,34.993z\"><\/path>\r\n                <\/svg>\r\n            <\/a>\r\n        <\/p>\r\n        <p class=\"f-z-16 text-center\">Nesta se\u00e7\u00e3o voc\u00ea ouvir\u00e1 uma cole\u00e7\u00e3o com os melhores \u00e1udios que explicam de forma f\u00e1cil todas as informa\u00e7\u00f5es que voc\u00ea precisa para a viagem a Cusco e Machu Picchu. Voc\u00ea tamb\u00e9m conhecer\u00e1 informa\u00e7\u00f5es curiosas sobre a cultura de Cusco.<\/p>\r\n        <style type=\"text\/css\">\r\n        .mt-audiojs-item {\r\n            background-color: #f8f8f8;\r\n            padding: 20px 10px 10px;\r\n            border-bottom: 2px solid #cbcbcb;\r\n            border-radius: 5px;\r\n        }\r\n        <\/style>\r\n        <div class=\"cards-a-wrapper\">\r\n            <div class=\"mt-audio-box relative hidden\" data-type=\"single\" style=\"min-height:50px\">{\"audios\":{\"iden\":\"Gr6Dwl\",\"nombre\":\"Onde comer barato na cidade de Cuzco\",\"descripcion\":\"A cidade de Cusco \\u00e9 um dos destinos tur\\u00edsticos mais baratos do mundo. Podes ir buscar a loi\\u00e7a a dois d\\u00f3lares.\",\"audio\":\"https:\\\/\\\/www.machupicchuterra.com\\\/wp-content\\\/uploads\\\/audios\\\/where_to_eat_cheaply_city_cuzco.mp3\",\"imagen\":\"https:\\\/\\\/www.machupicchuterra.com\\\/wp-content\\\/uploads\\\/cusco-comida-138x138-1.jpg\"},\"script\":\"https:\\\/\\\/www.machupicchuterra.com\\\/br\\\/wp-content\\\/plugins\\\/mt-video-display\\\/public\\\/js\\\/wavesurfer.js\"}<\/div>\r\n            <div class=\"mt-audio-box relative hidden\" data-type=\"single\" style=\"min-height:50px\">{\"audios\":{\"iden\":\"S5c4uG\",\"nombre\":\"Como est\\u00e3o as pessoas de Cusco?\",\"descripcion\":\"Os povos de Cusco s\\u00e3o herdeiros da cultura Inca, assim que preservam alguns aspectos de seus antepassados como l\\u00edngua, religi\\u00e3o e muito mais.\",\"audio\":\"https:\\\/\\\/www.machupicchuterra.com\\\/wp-content\\\/uploads\\\/audios\\\/how_are_the_cusco_people.mp3\",\"imagen\":\"https:\\\/\\\/www.machupicchuterra.com\\\/wp-content\\\/uploads\\\/cusquenos-138x138-1.jpg\"},\"script\":\"https:\\\/\\\/www.machupicchuterra.com\\\/br\\\/wp-content\\\/plugins\\\/mt-video-display\\\/public\\\/js\\\/wavesurfer.js\"}<\/div>\r\n        <\/div>\r\n        <div class=\"cards-a-wrapper\">\r\n            <div class=\"mt-audio-box relative hidden\" data-type=\"single\" style=\"min-height:50px\">{\"audios\":{\"iden\":\"XJPImM\",\"nombre\":\"Como visitar Machu Picchu pela rota econ\\u00f4mica Santa Teresa\",\"descripcion\":\"A rota para Machu Picchu por hidrel\\u00e9trica \\u00e9 a menos conhecida, mas tamb\\u00e9m a mais barata. Dura 8 horas e custa apenas cerca de 10 d\\u00f3lares.\",\"audio\":\"https:\\\/\\\/www.machupicchuterra.com\\\/wp-content\\\/uploads\\\/audios\\\/how_visit_machu_picchu_economic_route_santa_teresa.mp3\",\"imagen\":\"https:\\\/\\\/www.machupicchuterra.com\\\/wp-content\\\/uploads\\\/ruta-santa-teresa-mtaudio-.jpg\"},\"script\":\"https:\\\/\\\/www.machupicchuterra.com\\\/br\\\/wp-content\\\/plugins\\\/mt-video-display\\\/public\\\/js\\\/wavesurfer.js\"}<\/div>\r\n            <div class=\"mt-audio-box relative hidden\" data-type=\"single\" style=\"min-height:50px\">{\"audios\":{\"iden\":\"TXp9hy\",\"nombre\":\"Qual era a verdadeira linguagem dos Incas\",\"descripcion\":\"Qu\\u00edchua era a l\\u00edngua mais difundida do Imp\\u00e9rio Inca. Mas era a linguagem da elite Inca?\",\"audio\":\"https:\\\/\\\/www.machupicchuterra.com\\\/wp-content\\\/uploads\\\/audios\\\/what_was_the_true_language_incas.mp3\",\"imagen\":\"https:\\\/\\\/www.machupicchuterra.com\\\/wp-content\\\/uploads\\\/idioma-incas-138x138-1.jpg\"},\"script\":\"https:\\\/\\\/www.machupicchuterra.com\\\/br\\\/wp-content\\\/plugins\\\/mt-video-display\\\/public\\\/js\\\/wavesurfer.js\"}<\/div>\r\n        <\/div>\r\n\r\n <!--        --------------------\r\n        <hr class=\"my-10\">\r\n        <div class=\"single-paragraph single-anclas\">\r\n            <p class=\"font-semibold p-highlighted text-center\">Listas de audios destacados <\/p>\r\n            <ul id=\"anclas\" class=\"anclas\">\r\n                <li><a href=\"#sitios-arqueologicos-cusco\">Sitios arqueol\u00f3gicos del Cusco<\/a><\/li>\r\n                <li><a href=\"#todo-sobre-machu-picchu\">Todo sobre Machu Picchu<\/a><\/li>\r\n                <li><a href=\"#aventuras-cultura-cusco\">Aventuras y cultura en Cusco<\/a><\/li>\r\n                <li><a href=\"#historias-informacion-interesante\">Historias e informaci\u00f3n interesante<\/a><\/li>\r\n                <li><a href=\"#naturaleza-increible\">Naturaleza incre\u00edble<\/a><\/li>\r\n            <\/ul>\r\n        <\/div>\r\n        <hr class=\"my-10\">\r\n        <h2 id=\"sitios-arqueologicos-cusco\" class=\"text-center m-b-20\">Sitios arqueol\u00f3gicos del Cusco<\/h2>\r\n        <p class=\"f-z-16 text-center\">Escucha los mejores audios sobre todos los sitios arqueol\u00f3gicos del Cusco: Sacsayhuaman, Qenqo, Pucapucara, Tambomachay, Coricancha, Pisca, Ollantaytambo, Chinchero y m\u00e1s. <\/p>\r\n        [mtaudioplaylist id=\"OVm6hK\"]\r\n        <h2 id=\"todo-sobre-machu-picchu\" class=\"text-center m-b-20\">Todo sobre Machu Picchu<\/h2>\r\n        <p class=\"f-z-16 text-center\">Inf\u00f3rmate sobre Machu Picchu mediante los mejores audios did\u00e1cticos que te explican datos importantes y novedosos sobre el viaje a la maravilla del mundo. <\/p>\r\n        [mtaudioplaylist id=\"o7aVwH\"]\r\n        <h2 id=\"ollantaytambo\" class=\"text-center m-b-20\">Aventuras y cultura en Cusco<\/h2>\r\n        <p class=\"f-z-16 text-center\">Cusco no solo ofrece sitios arqueol\u00f3gicos incas sino tambi\u00e9n una infinidad de aventuras y actividades culturales. Ent\u00e9rate de estas actividades mediante estos audios did\u00e1cticos. <\/p>\r\n        [mtaudioplaylist id=\"DNZ5WY\"]\r\n        <h2 id=\"aventuras-cultura-cusco\" class=\"text-center m-b-20\">Historias e informaci\u00f3n interesante<\/h2>\r\n        <p class=\"f-z-16 text-center\">Conoce las historias m\u00e1s interesantes del Cusco, su pasado, presente y futuro, mediante esta colecci\u00f3n de audios donde comprender\u00e1s mejor la magia que envuelve a la capital inca. <\/p>\r\n        [mtaudioplaylist id=\"1HkE1I\"]\r\n        <h2 id=\"naturaleza-increible\" class=\"text-center m-b-20\">Naturaleza incre\u00edble<\/h2>\r\n        <p class=\"f-z-16 text-center\">Escucha estos audios y conoce m\u00e1s sobre la incre\u00edble naturaleza que rodea Machu Picchu, la monta\u00f1a 7 colores, el Valle Sagrado de los Incas y todo Cusco. <\/p>\r\n        [mtaudioplaylist id=\"LUMaEr\"] -->\r\n        <hr class=\"my-10\">\r\n        <h2 id=\"formulario\" class=\"text-center m-b-20\">Mais dicas de \u00e1udio<\/h2>\r\n        <p class=\"f-z-16 text-center\"><em>Procurando mais conte\u00fado de \u00e1udio sobre a viagem a Cusco, Machu Picchu e Peru? Escreva-nos uma sugest\u00e3o no seguinte formul\u00e1rio e publicaremos um novo \u00e1udio de acordo com o seu pedido. Ajude-nos a melhorar!<\/em><\/p>\r\n        <div class=\"\" style=\"max-width: 800px; margin: 0 auto;\">\r\n            <div class=\"mt-fmv-form-render fm-form-container\" id=\"fmv_data_id\"><form-container :data=\"render\" :loading=\"loading\" :current=\"current\" :submited=\"submited\" :settings=\"settings\" :nosolved=\"showCaptchaError\" :sending=\"sending\" :pre-upload=\"preUpload\" :show-preview-data=\"showPreviewData\" :show-submit-buttons=\"showSubmitButtons\" :fid=\"fid\" :preview-data-content=\"previewDataContent\" :change-register-section=\"changeRegisterSection\" :is-login=\"isLogin\" :payments=\"payments\" :translates=\"translates\" :type=\"type\" :message=\"message\"><\/form-container><\/div>\r\n        <\/div>\r\n    <\/div>\r\n<\/div>","protected":false},"excerpt":{"rendered":"Videos \u00c1udios Explorador \u00c1udios Pergunte a um local e tire suas d\u00favidas Nesta se\u00e7\u00e3o voc\u00ea ouvir\u00e1 uma cole\u00e7\u00e3o com os melhores \u00e1udios que explicam de forma f\u00e1cil todas as informa\u00e7\u00f5es que voc\u00ea precisa para a viagem a Cusco e Machu Picchu. Voc\u00ea tamb\u00e9m conhecer\u00e1 informa\u00e7\u00f5es curiosas sobre a cultura de Cusco. Mais dicas de \u00e1udio [&hellip;]","protected":false},"author":1,"featured_media":0,"parent":0,"menu_order":0,"comment_status":"closed","ping_status":"closed","template":"","meta":{"footnotes":""},"class_list":["post-149","page","type-page","status-publish","hentry"],"_links":{"self":[{"href":"https:\/\/www.machupicchuterra.com\/br\/wp-json\/wp\/v2\/pages\/149","targetHints":{"allow":["GET"]}}],"collection":[{"href":"https:\/\/www.machupicchuterra.com\/br\/wp-json\/wp\/v2\/pages"}],"about":[{"href":"https:\/\/www.machupicchuterra.com\/br\/wp-json\/wp\/v2\/types\/page"}],"author":[{"embeddable":true,"href":"https:\/\/www.machupicchuterra.com\/br\/wp-json\/wp\/v2\/users\/1"}],"replies":[{"embeddable":true,"href":"https:\/\/www.machupicchuterra.com\/br\/wp-json\/wp\/v2\/comments?post=149"}],"version-history":[{"count":12,"href":"https:\/\/www.machupicchuterra.com\/br\/wp-json\/wp\/v2\/pages\/149\/revisions"}],"predecessor-version":[{"id":4240,"href":"https:\/\/www.machupicchuterra.com\/br\/wp-json\/wp\/v2\/pages\/149\/revisions\/4240"}],"wp:attachment":[{"href":"https:\/\/www.machupicchuterra.com\/br\/wp-json\/wp\/v2\/media?parent=149"}],"curies":[{"name":"wp","href":"https:\/\/api.w.org\/{rel}","templated":true}]}}